{"id":5083,"date":"2025-06-28T17:02:34","date_gmt":"2025-06-28T15:02:34","guid":{"rendered":"https:\/\/uj.adatbank.ro\/lexikon\/termek\/boier-francisc-de-berivoi\/"},"modified":"2025-06-28T17:02:34","modified_gmt":"2025-06-28T15:02:34","slug":"boier-francisc-de-berivoi","status":"publish","type":"product","link":"https:\/\/uj.adatbank.ro\/lexikon\/termek\/boier-francisc-de-berivoi\/","title":{"rendered":"BOIER Francisc de Berivoi"},"content":{"rendered":"<p>Mv., ? \u2020 ? : titk\u00e1r. \u2013 Rom\u00e1n nemes csal\u00e1d sarja, Ioan Giurgiu, g. kat. p\u00fcsp\u00f6k titk\u00e1ra. Mv.-en a jezsuit\u00e1k r. k. gimn.-ban tanult (1708\u2013). \u0150 aj\u00e1nd\u00e9kozta a h\u00e1z\u00e1t Endes Istv\u00e1n r. k. hitt\u00e9r\u00edt\u0151nek. <br \/><strong>Irod.:<\/strong> Chiorean 2008<\/br><\/p>\n","protected":false},"excerpt":{"rendered":"<p>Mv., ? \u2020 ? : titk\u00e1r. \u2013 Rom\u00e1n nemes csal\u00e1d sarja, Ioan Giurgiu, g. kat. p\u00fcsp\u00f6k titk\u00e1ra. Mv.-en a jezsuit\u00e1k r. k. gimn.-ban tanult (1708\u2013). \u0150 aj\u00e1nd\u00e9kozta a h\u00e1z\u00e1t Endes Istv\u00e1n r. k. hitt\u00e9r\u00edt\u0151nek. Irod.: Chiorean 2008<\/p>\n","protected":false},"featured_media":0,"comment_status":"open","ping_status":"closed","template":"","meta":[],"product_brand":[],"product_cat":[137],"product_tag":[],"class_list":{"0":"post-5083","1":"product","2":"type-product","3":"status-publish","5":"product_cat-maros-megyei-eletrajzi-lexikon","7":"first","8":"instock","9":"shipping-taxable","10":"product-type-simple"},"_links":{"self":[{"href":"https:\/\/uj.adatbank.ro\/lexikon\/wp-json\/wp\/v2\/product\/5083","targetHints":{"allow":["GET"]}}],"collection":[{"href":"https:\/\/uj.adatbank.ro\/lexikon\/wp-json\/wp\/v2\/product"}],"about":[{"href":"https:\/\/uj.adatbank.ro\/lexikon\/wp-json\/wp\/v2\/types\/product"}],"replies":[{"embeddable":true,"href":"https:\/\/uj.adatbank.ro\/lexikon\/wp-json\/wp\/v2\/comments?post=5083"}],"wp:attachment":[{"href":"https:\/\/uj.adatbank.ro\/lexikon\/wp-json\/wp\/v2\/media?parent=5083"}],"wp:term":[{"taxonomy":"product_brand","embeddable":true,"href":"https:\/\/uj.adatbank.ro\/lexikon\/wp-json\/wp\/v2\/product_brand?post=5083"},{"taxonomy":"product_cat","embeddable":true,"href":"https:\/\/uj.adatbank.ro\/lexikon\/wp-json\/wp\/v2\/product_cat?post=5083"},{"taxonomy":"product_tag","embeddable":true,"href":"https:\/\/uj.adatbank.ro\/lexikon\/wp-json\/wp\/v2\/product_tag?post=5083"}],"curies":[{"name":"wp","href":"https:\/\/api.w.org\/{rel}","templated":true}]}}