{"id":5084,"date":"2025-06-28T17:02:35","date_gmt":"2025-06-28T15:02:35","guid":{"rendered":"https:\/\/uj.adatbank.ro\/lexikon\/termek\/boieriu-mihai\/"},"modified":"2026-02-17T08:18:25","modified_gmt":"2026-02-17T07:18:25","slug":"boieriu-mihai","status":"publish","type":"product","link":"https:\/\/uj.adatbank.ro\/lexikon\/termek\/boieriu-mihai\/","title":{"rendered":"BOIERIU Mihai"},"content":{"rendered":"<p>Vajdaszentiv\u00e1ny, ? \u2020 Majsz\u00edn, 1944. okt. 14.: egyik \u00e1ldozata a Fels\u0151vis\u00f3ba k\u00e9nyszermunk\u00e1ra hurcolt (1944. m\u00e1j.) \u00e9s a hothyst\u00e1k \u00e1ltal Majsz\u00ednban kiv\u00e9gzett \u00e1rtatlan embereknek, ahol egy h\u00e1zban 35 rom\u00e1nt \u00e9s 3 zsid\u00f3t v\u00e9geztek ki.<br \/>\n<strong>Irod.:<\/strong> F\u0103r\u0103g\u0103u<\/p>\n","protected":false},"excerpt":{"rendered":"<p>Vajdaszentiv\u00e1ny, ? \u2020 Majsz\u00edn, 1944. okt. 14.: egyik \u00e1ldozata a Fels\u0151vis\u00f3ba k\u00e9nyszermunk\u00e1ra hurcolt (1944. m\u00e1j.) \u00e9s a hothyst\u00e1k \u00e1ltal Majsz\u00ednban kiv\u00e9gzett \u00e1rtatlan embereknek, ahol egy h\u00e1zban 35 rom\u00e1nt \u00e9s 3 zsid\u00f3t v\u00e9geztek ki. Irod.: F\u0103r\u0103g\u0103u<\/p>\n","protected":false},"featured_media":0,"comment_status":"open","ping_status":"closed","template":"","meta":[],"product_brand":[],"product_cat":[137],"product_tag":[],"class_list":{"0":"post-5084","1":"product","2":"type-product","3":"status-publish","5":"product_cat-maros-megyei-eletrajzi-lexikon","7":"first","8":"instock","9":"shipping-taxable","10":"product-type-simple"},"_links":{"self":[{"href":"https:\/\/uj.adatbank.ro\/lexikon\/wp-json\/wp\/v2\/product\/5084","targetHints":{"allow":["GET"]}}],"collection":[{"href":"https:\/\/uj.adatbank.ro\/lexikon\/wp-json\/wp\/v2\/product"}],"about":[{"href":"https:\/\/uj.adatbank.ro\/lexikon\/wp-json\/wp\/v2\/types\/product"}],"replies":[{"embeddable":true,"href":"https:\/\/uj.adatbank.ro\/lexikon\/wp-json\/wp\/v2\/comments?post=5084"}],"wp:attachment":[{"href":"https:\/\/uj.adatbank.ro\/lexikon\/wp-json\/wp\/v2\/media?parent=5084"}],"wp:term":[{"taxonomy":"product_brand","embeddable":true,"href":"https:\/\/uj.adatbank.ro\/lexikon\/wp-json\/wp\/v2\/product_brand?post=5084"},{"taxonomy":"product_cat","embeddable":true,"href":"https:\/\/uj.adatbank.ro\/lexikon\/wp-json\/wp\/v2\/product_cat?post=5084"},{"taxonomy":"product_tag","embeddable":true,"href":"https:\/\/uj.adatbank.ro\/lexikon\/wp-json\/wp\/v2\/product_tag?post=5084"}],"curies":[{"name":"wp","href":"https:\/\/api.w.org\/{rel}","templated":true}]}}