{"id":5087,"date":"2025-06-28T17:02:42","date_gmt":"2025-06-28T15:02:42","guid":{"rendered":"https:\/\/uj.adatbank.ro\/lexikon\/termek\/boila-iosif-%c2%a7\/"},"modified":"2025-06-28T17:02:42","modified_gmt":"2025-06-28T15:02:42","slug":"boila-iosif-%c2%a7","status":"publish","type":"product","link":"https:\/\/uj.adatbank.ro\/lexikon\/termek\/boila-iosif-%c2%a7\/","title":{"rendered":"BOIL\u0102 Iosif, \u00a7"},"content":{"rendered":"<p>Gog\u00e1nv\u00e1ralja, 1886., \u2020\u00a0? : \u00fcgyv\u00e9d, v\u00e1rmegyei tisztvisel\u0151, f\u0151\u00fcgy\u00e9sz. \u2013 Tanult Sz\u00e1szv\u00e1roson, Kv.-on; doktor\u00e1lt (1910); \u00fcgyv\u00e9di vizsg\u00e1t tett. Eleinte Mv.-en \u00e9s Sz\u00e1szsebesen m\u0171k\u00f6d\u00f6tt. Az els\u0151 vh.-ban harcolt, ut\u00e1na megyei tiszti f\u0151\u00fcgy\u00e9sznek nevezt\u00e9k ki (1919\u2013), majd f\u00f6isp\u00e1n lett (1921\u2013). Az Erd\u00e9lyi Nemzeti Parasztp\u00e1rt sz\u00e1zas bizotts\u00e1g\u00e1nak \u00e9s a v\u00e9grehajt\u00f3bizotts\u00e1g\u00e1nak tagja, k\u00fcl\u00f6nb\u00f6z\u0151 tanint\u00e9zetek tan\u00e1cs\u00e1nak tagja volt. Az els\u0151 vh. el\u0151tt a P\u00e9nz\u00fcgyi Vil\u00e1gban \u00e9s erd\u00e9lyi jogi \u00e9s p\u00e9nz\u00fcgyi foly\u00f3iratokban jelentek meg cikkei. A Rom\u00e1n Korona rend tiszti keresztj\u00e9nek tulajdonosa. <br \/><strong>Irod.:<\/strong> Ki kicsoda?<\/br><\/p>\n","protected":false},"excerpt":{"rendered":"<p>Gog\u00e1nv\u00e1ralja, 1886., \u2020\u00a0? : \u00fcgyv\u00e9d, v\u00e1rmegyei tisztvisel\u0151, f\u0151\u00fcgy\u00e9sz. \u2013 Tanult Sz\u00e1szv\u00e1roson, Kv.-on; doktor\u00e1lt (1910); \u00fcgyv\u00e9di vizsg\u00e1t tett. Eleinte Mv.-en \u00e9s Sz\u00e1szsebesen m\u0171k\u00f6d\u00f6tt. Az els\u0151 vh.-ban harcolt, ut\u00e1na megyei tiszti f\u0151\u00fcgy\u00e9sznek nevezt\u00e9k ki (1919\u2013), majd f\u00f6isp\u00e1n lett (1921\u2013). Az Erd\u00e9lyi Nemzeti Parasztp\u00e1rt sz\u00e1zas bizotts\u00e1g\u00e1nak \u00e9s a v\u00e9grehajt\u00f3bizotts\u00e1g\u00e1nak tagja, k\u00fcl\u00f6nb\u00f6z\u0151 tanint\u00e9zetek tan\u00e1cs\u00e1nak tagja volt. Az els\u0151 vh. [&hellip;]<\/p>\n","protected":false},"featured_media":0,"comment_status":"open","ping_status":"closed","template":"","meta":[],"product_brand":[],"product_cat":[137],"product_tag":[],"class_list":{"0":"post-5087","1":"product","2":"type-product","3":"status-publish","5":"product_cat-maros-megyei-eletrajzi-lexikon","7":"first","8":"instock","9":"shipping-taxable","10":"product-type-simple"},"_links":{"self":[{"href":"https:\/\/uj.adatbank.ro\/lexikon\/wp-json\/wp\/v2\/product\/5087","targetHints":{"allow":["GET"]}}],"collection":[{"href":"https:\/\/uj.adatbank.ro\/lexikon\/wp-json\/wp\/v2\/product"}],"about":[{"href":"https:\/\/uj.adatbank.ro\/lexikon\/wp-json\/wp\/v2\/types\/product"}],"replies":[{"embeddable":true,"href":"https:\/\/uj.adatbank.ro\/lexikon\/wp-json\/wp\/v2\/comments?post=5087"}],"wp:attachment":[{"href":"https:\/\/uj.adatbank.ro\/lexikon\/wp-json\/wp\/v2\/media?parent=5087"}],"wp:term":[{"taxonomy":"product_brand","embeddable":true,"href":"https:\/\/uj.adatbank.ro\/lexikon\/wp-json\/wp\/v2\/product_brand?post=5087"},{"taxonomy":"product_cat","embeddable":true,"href":"https:\/\/uj.adatbank.ro\/lexikon\/wp-json\/wp\/v2\/product_cat?post=5087"},{"taxonomy":"product_tag","embeddable":true,"href":"https:\/\/uj.adatbank.ro\/lexikon\/wp-json\/wp\/v2\/product_tag?post=5087"}],"curies":[{"name":"wp","href":"https:\/\/api.w.org\/{rel}","templated":true}]}}