{"id":5090,"date":"2025-06-28T17:02:46","date_gmt":"2025-06-28T15:02:46","guid":{"rendered":"https:\/\/uj.adatbank.ro\/lexikon\/termek\/boitan-ion-%c2%a7\/"},"modified":"2025-06-28T17:02:46","modified_gmt":"2025-06-28T15:02:46","slug":"boitan-ion-%c2%a7","status":"publish","type":"product","link":"https:\/\/uj.adatbank.ro\/lexikon\/termek\/boitan-ion-%c2%a7\/","title":{"rendered":"BOITAN Ion, \u00a7"},"content":{"rendered":"<p>C\u0103l\u0103ra\u015fi, 1931. aug. 26., \u2020 Mv., 2003. m\u00e1rc. 17.: vegy\u00e9szm\u00e9rn\u00f6k. \u2013 Tanult sz\u00fcl\u0151v\u00e1ros\u00e1ban, Temesv\u00e1ron \u00e9s Buk.-ben; a vegy\u00e9szet doktora (1981). Dolgozott Govor\u00e1n (1958\u201369), Egyiptomban (1969\u201371), a dics\u0151szentm\u00e1rtoni Vegy\u00e9szeti Kombin\u00e1t igazgat\u00f3ja (1971\u201385), a mv.-i Armedia igazgat\u00f3ja (1985\u201398). Szakcikkeket k\u00f6z\u00f6lt a Revista de chimie c. foly\u00f3iratban, t\u00f6bb tal\u00e1ln\u00e1nya van, amelyek\u00e9rt kit\u0171ntet\u00e9seket kapott. \u2013 <strong>F. m.:<\/strong> Buletinul \u015ftiin\u0163ific \u015fi tehnic al IP \u00ab Traian Vuia\u00a0\u00ab Timi\u015foara. Seria Chimie, 1977, 1978, 1980. <br \/><strong>Irod.:<\/strong> 24 ore mure\u015fene( an 3. 1995. nov.) ; C. L. ( 2003. m\u00e1rc. 18.); Todea\u2013F\u00fcl\u00f6p\u2013Avram<\/br><\/p>\n","protected":false},"excerpt":{"rendered":"<p>C\u0103l\u0103ra\u015fi, 1931. aug. 26., \u2020 Mv., 2003. m\u00e1rc. 17.: vegy\u00e9szm\u00e9rn\u00f6k. \u2013 Tanult sz\u00fcl\u0151v\u00e1ros\u00e1ban, Temesv\u00e1ron \u00e9s Buk.-ben; a vegy\u00e9szet doktora (1981). Dolgozott Govor\u00e1n (1958\u201369), Egyiptomban (1969\u201371), a dics\u0151szentm\u00e1rtoni Vegy\u00e9szeti Kombin\u00e1t igazgat\u00f3ja (1971\u201385), a mv.-i Armedia igazgat\u00f3ja (1985\u201398). Szakcikkeket k\u00f6z\u00f6lt a Revista de chimie c. foly\u00f3iratban, t\u00f6bb tal\u00e1ln\u00e1nya van, amelyek\u00e9rt kit\u0171ntet\u00e9seket kapott. \u2013 F. m.: Buletinul \u015ftiin\u0163ific [&hellip;]<\/p>\n","protected":false},"featured_media":0,"comment_status":"open","ping_status":"closed","template":"","meta":[],"product_brand":[],"product_cat":[137],"product_tag":[],"class_list":{"0":"post-5090","1":"product","2":"type-product","3":"status-publish","5":"product_cat-maros-megyei-eletrajzi-lexikon","7":"first","8":"instock","9":"shipping-taxable","10":"product-type-simple"},"_links":{"self":[{"href":"https:\/\/uj.adatbank.ro\/lexikon\/wp-json\/wp\/v2\/product\/5090","targetHints":{"allow":["GET"]}}],"collection":[{"href":"https:\/\/uj.adatbank.ro\/lexikon\/wp-json\/wp\/v2\/product"}],"about":[{"href":"https:\/\/uj.adatbank.ro\/lexikon\/wp-json\/wp\/v2\/types\/product"}],"replies":[{"embeddable":true,"href":"https:\/\/uj.adatbank.ro\/lexikon\/wp-json\/wp\/v2\/comments?post=5090"}],"wp:attachment":[{"href":"https:\/\/uj.adatbank.ro\/lexikon\/wp-json\/wp\/v2\/media?parent=5090"}],"wp:term":[{"taxonomy":"product_brand","embeddable":true,"href":"https:\/\/uj.adatbank.ro\/lexikon\/wp-json\/wp\/v2\/product_brand?post=5090"},{"taxonomy":"product_cat","embeddable":true,"href":"https:\/\/uj.adatbank.ro\/lexikon\/wp-json\/wp\/v2\/product_cat?post=5090"},{"taxonomy":"product_tag","embeddable":true,"href":"https:\/\/uj.adatbank.ro\/lexikon\/wp-json\/wp\/v2\/product_tag?post=5090"}],"curies":[{"name":"wp","href":"https:\/\/api.w.org\/{rel}","templated":true}]}}