{"id":5091,"date":"2025-06-28T17:02:51","date_gmt":"2025-06-28T15:02:51","guid":{"rendered":"https:\/\/uj.adatbank.ro\/lexikon\/termek\/boiu-zaharia-%c2%a7-alnevei-silvan-eugen-savin-eugen\/"},"modified":"2025-06-28T17:02:51","modified_gmt":"2025-06-28T15:02:51","slug":"boiu-zaharia-%c2%a7-alnevei-silvan-eugen-savin-eugen","status":"publish","type":"product","link":"https:\/\/uj.adatbank.ro\/lexikon\/termek\/boiu-zaharia-%c2%a7-alnevei-silvan-eugen-savin-eugen\/","title":{"rendered":"BOIU Zaharia, \u00a7 \u00e1lnevei: Silvan Eugen; Savin Eugen"},"content":{"rendered":"<p>Segesv\u00e1r, 1834. m\u00e1rc. 1., \u2020 Szeben, 1903. nov. 6.: k\u00f6lt\u0151, lelk\u00e9sz, tan\u00e1r. \u2013 Rom\u00e1n papi csal\u00e1dban sz\u00fcletett. \u2013 A szebeni \u00e9s segesv\u00e1ri sz\u00e1sz l\u00edc.-ban tanult, ahol \u00e9retts\u00e9gizett (1854). M\u00e9g iskol\u00e1s kor\u00e1ban jelent meg az els\u0151 verse a Telegraful Rom\u00e2n-ben (1853. jan. 3.). Tan\u00edt\u00f3 Szecselev\u00e1rosban. Beiratkozott a nagyszebeni Andreianum Szemin\u00e1riumba, amely elv\u00e9gz\u00e9se ut\u00e1n uo. pedag\u00f3gia tan\u00e1rk\u00e9nt dolgozott (1855\u201357). K\u00fclf\u00f6ldi tanulm\u00e1nyait Andrei \u0218aguna p\u00fcsp\u00f6k t\u00e1mogatta. Lipcs\u00e9ben tanult hittud.-t \u00e9s b\u00f6lcseletet (1859. nov. 8. \u201361. aug. 5.). Hazat\u00e9rve a szebeni Andreianum szemin\u00e1rium professzora lett (1861\u2013); szerkesztette a Telegraful Rom\u00e2n c. foly\u00f3iratot (1863\u201365). Megv\u00e1lasztott\u00e1k Szeben els\u0151 rom\u00e1n pl\u00e9b\u00e1nos\u00e1nak (1864\u2013), majd f\u0151esperes\u00e9nek (1867\u2013), a szebeni egyh\u00e1zmegye tan\u00e1csosa, szin\u00f3dusi deleg\u00e1tus, a p\u00fcsp\u00f6ki szentsz\u00e9k eln\u00f6ke (1870\u2013). A nagyszebeni ortodox di\u00e1kok hitoktat\u00f3ja (1865\u201375). Nyugd\u00edjba vonult (1902). K\u00f6zismert sz\u00f3nok, \u00fajs\u00e1g\u00edr\u00f3, tank\u00f6nyvszerkeszt\u0151. A Transilvania c. foly\u00f3irat szerkeszt\u0151je (1892\u201395), ahol irodalmi cikkeket \u00e9s verseket is k\u00f6z\u00f6lt \u00e1ln\u00e9ven. Az Astra titk\u00e1ra (1892\u201395). \u015eaguna t\u00f6bb m\u0171v\u00e9t ford\u00edtotta n\u00e9metre \u00e9s rom\u00e1nra ford\u00edtotta Lessing B\u00f6lcs Nath\u00e1nj\u00e1t \u00e9s Augustin Vallom\u00e1sait. A Rom\u00e1n Akad. levelez\u0151 tagja (1877. szept. 13.). Segesv\u00e1ri h\u00e1za, a 19. sz. \u00e9p\u00fclt (Spitalului 33. sz.) \u00e9s az 1. sz. Ipari L\u00edc. udvar\u00e1n \u00e1ll\u00f3 Z. B. mellszobor \u201eB\u201d kateg\u00f3ri\u00e1j\u00fa m\u0171eml\u00e9k. Segesv\u00e1ron a r\u00e9gi ortodox templom \u00e9s a sz\u00fcl\u0151h\u00e1za k\u00f6z\u00f6tti t\u00e9ren leplezt\u00e9k le a Ion Vlasiu alkotta (1938) bronz mellszobr\u00e1t (2000. \u00e1pr. 16.). \u2013 <strong>F. m.:<\/strong> Doruri \u015fi suspine (versek; Szeben, 1860); Sunete \u015fi r\u0103sunete: Cerc\u0103ri poetice (Sibiu, 1862); Abcdariu pentru \u015fcoalele populare rom\u00e2ne (Sibiu, 1862); Manuducere pentru \u00eenv\u0103\u0163\u0103tori la \u00eentrebuin\u0163area Ab\u0163darului (Sibiu, 1865); Carte de cetire pentru \u015fcoalele poporali (1865, 1867); Elemente de istorie (1868); Elemente de geografie pentru \u015fcoalele populari (1868); Elemente de istorie (1868); Elemente de istoria a naturii (1868); Elemente de istoria patriotic\u0103 \u015fi universal\u0103 (Hermannstadt, 1869); Elemente de istoria naturei \u015fi fisica (Hermannstadt, 1869); Elemente de geografie (Hermannstadt, 1869); Casa rom\u00e2n\u0103: dizerta\u0163ie (1874); Despre elementul na\u0163ional \u00een educa\u0163ie (1884); Cuv\u00e2nt\u0103ri funebrale \u015fi memoriale (Sibiu, 1889); Academia Rom\u00e2n\u0103: diserta\u0163iune (1891); Funda\u0163iunea Ion Ottetele\u015fanu (1894); Trei decenii din via\u0163a Asocia\u0163iunii (1894); Semin\u0163e din ogorul lui Christos (1898, 1899); Frunze de lauri: Poezii eroice din anii 1877\u20131878 (Sibiu, 1904); <strong>t\u00e1rssz.:<\/strong> Legendariu romanescu pentru clasa patra a scoleloru poporali (Buda, 1871); Legendariu romanescu pentru clasa a treia a scoleloru poporali (Bp., 1871); Legendariu romanescu pentru clasa a doua a scoleloru poporali (Bp., 1896); Colec\u0163iune de c\u00e2ntece pentru \u015fcoalele poporale (Viena, 1903); <strong>antol\u00f3g.:<\/strong> Parnasul rom\u00e2n (Bra\u015fov, 1892); Transilvania \u00een poesia rom\u00e2neasc\u0103 (Buc., 1943); <strong>ford.:<\/strong> Geschichte der griechisch-orientalischen Kirche in Oessterreich: Kivonat \u015eaguna A. Munk\u00e1ib\u00f3l Popescuval egy\u00fctt (Hermannstadt, 1862). <br \/><strong>Irod.:<\/strong> Astra Sighi\u015forean\u0103; B\u0103nu\u0163, Aurel Paul: Oameni de isprav\u0103 (Sibiu, 1939); Borda, Dorin: La Sighi\u015foara a fost dezvelit bustul lui Zaharie Boiu (C. L., 18. apr. 2000); Breazu, Ion: Literatura Transilvaniei (Buc., 1944); Carda\u015f, Gheorghe: Poe\u0163ii \u015fi prozatorii Ardealului p\u00e2n\u0103 la Unire (Buc., s. a.); Cosma; DGLR; DS\u20132000; G\u00eeju; Gulyas; Hodo\u015f Elena: Cercet\u0103ri cu privire la trecutul \u015fcoalelor confesionale ortodoxe rom\u00e2ne din Ardeal (Sibiu, 1944); Lupa\u015f: Contribu\u0163iuni la istoria ziaristiciei rom\u00e2ne\u015fti ardelene (Sibiu, 1926); M\u00e1ln\u00e1si; Mester Mikl\u00f3s: Az autonom Erd\u00e9ly \u00e9s a rom\u00e1n nemzetis\u00e9gi k\u00f6vetel\u00e9sek az 1863\u201364 \u00e9vi nagyszebeni orsz\u00e1ggy\u0171l\u00e9sen (P\u00e9cs, 1936); Monografia jud. T\u00e2rnava Mare (Sighi\u015foara, 1943); P\u0103curariu; Predescu; Profiluri mure\u015fene. 1.; Stanciu; Szab\u00f3\u2013Simon\u2013Sz\u00f6gi; Szinnyei; Valori mure\u015fene de patrimoniu<\/br><\/p>\n","protected":false},"excerpt":{"rendered":"<p>Segesv\u00e1r, 1834. m\u00e1rc. 1., \u2020 Szeben, 1903. nov. 6.: k\u00f6lt\u0151, lelk\u00e9sz, tan\u00e1r. \u2013 Rom\u00e1n papi csal\u00e1dban sz\u00fcletett. \u2013 A szebeni \u00e9s segesv\u00e1ri sz\u00e1sz l\u00edc.-ban tanult, ahol \u00e9retts\u00e9gizett (1854). M\u00e9g iskol\u00e1s kor\u00e1ban jelent meg az els\u0151 verse a Telegraful Rom\u00e2n-ben (1853. jan. 3.). Tan\u00edt\u00f3 Szecselev\u00e1rosban. Beiratkozott a nagyszebeni Andreianum Szemin\u00e1riumba, amely elv\u00e9gz\u00e9se ut\u00e1n uo. pedag\u00f3gia tan\u00e1rk\u00e9nt [&hellip;]<\/p>\n","protected":false},"featured_media":0,"comment_status":"open","ping_status":"closed","template":"","meta":[],"product_brand":[],"product_cat":[137],"product_tag":[],"class_list":{"0":"post-5091","1":"product","2":"type-product","3":"status-publish","5":"product_cat-maros-megyei-eletrajzi-lexikon","7":"first","8":"instock","9":"shipping-taxable","10":"product-type-simple"},"_links":{"self":[{"href":"https:\/\/uj.adatbank.ro\/lexikon\/wp-json\/wp\/v2\/product\/5091","targetHints":{"allow":["GET"]}}],"collection":[{"href":"https:\/\/uj.adatbank.ro\/lexikon\/wp-json\/wp\/v2\/product"}],"about":[{"href":"https:\/\/uj.adatbank.ro\/lexikon\/wp-json\/wp\/v2\/types\/product"}],"replies":[{"embeddable":true,"href":"https:\/\/uj.adatbank.ro\/lexikon\/wp-json\/wp\/v2\/comments?post=5091"}],"wp:attachment":[{"href":"https:\/\/uj.adatbank.ro\/lexikon\/wp-json\/wp\/v2\/media?parent=5091"}],"wp:term":[{"taxonomy":"product_brand","embeddable":true,"href":"https:\/\/uj.adatbank.ro\/lexikon\/wp-json\/wp\/v2\/product_brand?post=5091"},{"taxonomy":"product_cat","embeddable":true,"href":"https:\/\/uj.adatbank.ro\/lexikon\/wp-json\/wp\/v2\/product_cat?post=5091"},{"taxonomy":"product_tag","embeddable":true,"href":"https:\/\/uj.adatbank.ro\/lexikon\/wp-json\/wp\/v2\/product_tag?post=5091"}],"curies":[{"name":"wp","href":"https:\/\/api.w.org\/{rel}","templated":true}]}}