{"id":5094,"date":"2025-06-28T17:03:00","date_gmt":"2025-06-28T15:03:00","guid":{"rendered":"https:\/\/uj.adatbank.ro\/lexikon\/termek\/bojta-miklos\/"},"modified":"2025-06-28T17:03:00","modified_gmt":"2025-06-28T15:03:00","slug":"bojta-miklos","status":"publish","type":"product","link":"https:\/\/uj.adatbank.ro\/lexikon\/termek\/bojta-miklos\/","title":{"rendered":"BOJTA Mikl\u00f3s"},"content":{"rendered":"<p>? \u2020\u00a0Mv., 1841?: orvos. \u2013 Borb\u00e9lym\u0171helye volt Mv. piac\u00e1n (1804\u2013); v\u00e1rosi kirurguss\u00e1 v\u00e1lasztott\u00e1k, seb\u00e9sze \u00e9s gy\u00f3gymestere volt a mv.-i k\u00f3rh\u00e1znak (1824\u201341). Herberth J\u00e1nos seg\u00e9dkezett mellette (1839\u2013). <br \/><strong>Irod.:<\/strong> Fodor Ferenc 2000; P\u00e1l-Antal 2004; P\u00e1l Antal S\u00e1ndor: K\u00f6zeg\u00e9szs\u00e9g\u00fcgy \u00e9s szoci\u00e1lis gondoskod\u00e1s a 18\u201319. sz\u00e1zadi Mv.-en (N\u00fa., Sz\u00ednes Vil\u00e1g, 2010. m\u00e1j. 22.); Spielmann: A hazai orvostud.; Szotyori<\/br><\/p>\n","protected":false},"excerpt":{"rendered":"<p>? \u2020\u00a0Mv., 1841?: orvos. \u2013 Borb\u00e9lym\u0171helye volt Mv. piac\u00e1n (1804\u2013); v\u00e1rosi kirurguss\u00e1 v\u00e1lasztott\u00e1k, seb\u00e9sze \u00e9s gy\u00f3gymestere volt a mv.-i k\u00f3rh\u00e1znak (1824\u201341). Herberth J\u00e1nos seg\u00e9dkezett mellette (1839\u2013). Irod.: Fodor Ferenc 2000; P\u00e1l-Antal 2004; P\u00e1l Antal S\u00e1ndor: K\u00f6zeg\u00e9szs\u00e9g\u00fcgy \u00e9s szoci\u00e1lis gondoskod\u00e1s a 18\u201319. sz\u00e1zadi Mv.-en (N\u00fa., Sz\u00ednes Vil\u00e1g, 2010. m\u00e1j. 22.); Spielmann: A hazai orvostud.; Szotyori<\/p>\n","protected":false},"featured_media":0,"comment_status":"open","ping_status":"closed","template":"","meta":[],"product_brand":[],"product_cat":[137],"product_tag":[],"class_list":{"0":"post-5094","1":"product","2":"type-product","3":"status-publish","5":"product_cat-maros-megyei-eletrajzi-lexikon","7":"first","8":"instock","9":"shipping-taxable","10":"product-type-simple"},"_links":{"self":[{"href":"https:\/\/uj.adatbank.ro\/lexikon\/wp-json\/wp\/v2\/product\/5094","targetHints":{"allow":["GET"]}}],"collection":[{"href":"https:\/\/uj.adatbank.ro\/lexikon\/wp-json\/wp\/v2\/product"}],"about":[{"href":"https:\/\/uj.adatbank.ro\/lexikon\/wp-json\/wp\/v2\/types\/product"}],"replies":[{"embeddable":true,"href":"https:\/\/uj.adatbank.ro\/lexikon\/wp-json\/wp\/v2\/comments?post=5094"}],"wp:attachment":[{"href":"https:\/\/uj.adatbank.ro\/lexikon\/wp-json\/wp\/v2\/media?parent=5094"}],"wp:term":[{"taxonomy":"product_brand","embeddable":true,"href":"https:\/\/uj.adatbank.ro\/lexikon\/wp-json\/wp\/v2\/product_brand?post=5094"},{"taxonomy":"product_cat","embeddable":true,"href":"https:\/\/uj.adatbank.ro\/lexikon\/wp-json\/wp\/v2\/product_cat?post=5094"},{"taxonomy":"product_tag","embeddable":true,"href":"https:\/\/uj.adatbank.ro\/lexikon\/wp-json\/wp\/v2\/product_tag?post=5094"}],"curies":[{"name":"wp","href":"https:\/\/api.w.org\/{rel}","templated":true}]}}