{"id":5095,"date":"2025-06-28T17:03:02","date_gmt":"2025-06-28T15:03:02","guid":{"rendered":"https:\/\/uj.adatbank.ro\/lexikon\/termek\/bojte-jozsef\/"},"modified":"2025-06-28T17:03:02","modified_gmt":"2025-06-28T15:03:02","slug":"bojte-jozsef","status":"publish","type":"product","link":"https:\/\/uj.adatbank.ro\/lexikon\/termek\/bojte-jozsef\/","title":{"rendered":"B\u00d6JTE J\u00f3zsef"},"content":{"rendered":"<p>?, \u2020\u00a0? : r. k. pap. \u2013 B\u00fazah\u00e1z\u00e1n volt pap, amikor M\u00e1jai Ferenc telekadom\u00e1ny\u00e1nak (1842) k\u00f6sz\u00f6nhet\u0151en \u00e9p\u00fclhetett a kat. templom (1884). Gondnok J\u00e1nosi K\u00e1roly. A k\u00f6lts\u00e9gek fedez\u00e9s\u00e9re hozz\u00e1j\u00e1rultak: Macsk\u00e1si Ferenc radn\u00f3tf\u00e1i, Bo\u00e9r Ferenc jobb\u00e1gyfalvi birtokosok \u00e9s sokan m\u00e1sok. Templomszentel\u00e9s (1856. szept. 7.). A mv.-i ferences rendi templom lebont\u00e1sakor az olt\u00e1rt B\u00fazah\u00e1z\u00e1ra hozt\u00e1k (1972.?). <br \/><strong>Irod.:<\/strong> Cs\u00edkfalva<\/br><\/p>\n","protected":false},"excerpt":{"rendered":"<p>?, \u2020\u00a0? : r. k. pap. \u2013 B\u00fazah\u00e1z\u00e1n volt pap, amikor M\u00e1jai Ferenc telekadom\u00e1ny\u00e1nak (1842) k\u00f6sz\u00f6nhet\u0151en \u00e9p\u00fclhetett a kat. templom (1884). Gondnok J\u00e1nosi K\u00e1roly. A k\u00f6lts\u00e9gek fedez\u00e9s\u00e9re hozz\u00e1j\u00e1rultak: Macsk\u00e1si Ferenc radn\u00f3tf\u00e1i, Bo\u00e9r Ferenc jobb\u00e1gyfalvi birtokosok \u00e9s sokan m\u00e1sok. Templomszentel\u00e9s (1856. szept. 7.). A mv.-i ferences rendi templom lebont\u00e1sakor az olt\u00e1rt B\u00fazah\u00e1z\u00e1ra hozt\u00e1k (1972.?). Irod.: Cs\u00edkfalva<\/p>\n","protected":false},"featured_media":0,"comment_status":"open","ping_status":"closed","template":"","meta":[],"product_brand":[],"product_cat":[137],"product_tag":[],"class_list":{"0":"post-5095","1":"product","2":"type-product","3":"status-publish","5":"product_cat-maros-megyei-eletrajzi-lexikon","7":"first","8":"instock","9":"shipping-taxable","10":"product-type-simple"},"_links":{"self":[{"href":"https:\/\/uj.adatbank.ro\/lexikon\/wp-json\/wp\/v2\/product\/5095","targetHints":{"allow":["GET"]}}],"collection":[{"href":"https:\/\/uj.adatbank.ro\/lexikon\/wp-json\/wp\/v2\/product"}],"about":[{"href":"https:\/\/uj.adatbank.ro\/lexikon\/wp-json\/wp\/v2\/types\/product"}],"replies":[{"embeddable":true,"href":"https:\/\/uj.adatbank.ro\/lexikon\/wp-json\/wp\/v2\/comments?post=5095"}],"wp:attachment":[{"href":"https:\/\/uj.adatbank.ro\/lexikon\/wp-json\/wp\/v2\/media?parent=5095"}],"wp:term":[{"taxonomy":"product_brand","embeddable":true,"href":"https:\/\/uj.adatbank.ro\/lexikon\/wp-json\/wp\/v2\/product_brand?post=5095"},{"taxonomy":"product_cat","embeddable":true,"href":"https:\/\/uj.adatbank.ro\/lexikon\/wp-json\/wp\/v2\/product_cat?post=5095"},{"taxonomy":"product_tag","embeddable":true,"href":"https:\/\/uj.adatbank.ro\/lexikon\/wp-json\/wp\/v2\/product_tag?post=5095"}],"curies":[{"name":"wp","href":"https:\/\/api.w.org\/{rel}","templated":true}]}}