{"id":5097,"date":"2025-06-28T17:03:06","date_gmt":"2025-06-28T15:03:06","guid":{"rendered":"https:\/\/uj.adatbank.ro\/lexikon\/termek\/bojte-zoltan\/"},"modified":"2025-06-28T17:03:06","modified_gmt":"2025-06-28T15:03:06","slug":"bojte-zoltan","status":"publish","type":"product","link":"https:\/\/uj.adatbank.ro\/lexikon\/termek\/bojte-zoltan\/","title":{"rendered":"B\u00d6JTE Zolt\u00e1n"},"content":{"rendered":"<p>Erd\u0151csin\u00e1d, 1895. okt. 28., \u2020 ?: k\u00e1ntortan\u00edt\u00f3. \u2013 Nagyenyeden szerzett k\u00e1ntortan\u00edt\u00f3i oklvelet (1915). R\u00e9szt vett az I. vh.-ban, tartal\u00e9kos hadnagyk\u00e9nt szerelt le. Marosj\u00e1r\u00e1ban kezdte p\u00e1ly\u00e1j\u00e1t (1919\u201324). Onnan Sz\u00e9kesre szerz\u0151d\u00f6tt (1924\u201326). Abaf\u00e1j\u00e1n az egyh\u00e1zk\u00f6zs\u00e9gi k\u00f6zgy\u0171l\u00e9s egyhangulag megv\u00e1lasztotta a meg\u00fcresedett k\u00e1ntortan\u00edt\u00f3i \u00e1ll\u00e1sra. <br \/><strong>Irod.:<\/strong> Abaf\u00e1ja<\/br><\/p>\n","protected":false},"excerpt":{"rendered":"<p>Erd\u0151csin\u00e1d, 1895. okt. 28., \u2020 ?: k\u00e1ntortan\u00edt\u00f3. \u2013 Nagyenyeden szerzett k\u00e1ntortan\u00edt\u00f3i oklvelet (1915). R\u00e9szt vett az I. vh.-ban, tartal\u00e9kos hadnagyk\u00e9nt szerelt le. Marosj\u00e1r\u00e1ban kezdte p\u00e1ly\u00e1j\u00e1t (1919\u201324). Onnan Sz\u00e9kesre szerz\u0151d\u00f6tt (1924\u201326). Abaf\u00e1j\u00e1n az egyh\u00e1zk\u00f6zs\u00e9gi k\u00f6zgy\u0171l\u00e9s egyhangulag megv\u00e1lasztotta a meg\u00fcresedett k\u00e1ntortan\u00edt\u00f3i \u00e1ll\u00e1sra. Irod.: Abaf\u00e1ja<\/p>\n","protected":false},"featured_media":0,"comment_status":"open","ping_status":"closed","template":"","meta":[],"product_brand":[],"product_cat":[137],"product_tag":[],"class_list":{"0":"post-5097","1":"product","2":"type-product","3":"status-publish","5":"product_cat-maros-megyei-eletrajzi-lexikon","7":"first","8":"instock","9":"shipping-taxable","10":"product-type-simple"},"_links":{"self":[{"href":"https:\/\/uj.adatbank.ro\/lexikon\/wp-json\/wp\/v2\/product\/5097","targetHints":{"allow":["GET"]}}],"collection":[{"href":"https:\/\/uj.adatbank.ro\/lexikon\/wp-json\/wp\/v2\/product"}],"about":[{"href":"https:\/\/uj.adatbank.ro\/lexikon\/wp-json\/wp\/v2\/types\/product"}],"replies":[{"embeddable":true,"href":"https:\/\/uj.adatbank.ro\/lexikon\/wp-json\/wp\/v2\/comments?post=5097"}],"wp:attachment":[{"href":"https:\/\/uj.adatbank.ro\/lexikon\/wp-json\/wp\/v2\/media?parent=5097"}],"wp:term":[{"taxonomy":"product_brand","embeddable":true,"href":"https:\/\/uj.adatbank.ro\/lexikon\/wp-json\/wp\/v2\/product_brand?post=5097"},{"taxonomy":"product_cat","embeddable":true,"href":"https:\/\/uj.adatbank.ro\/lexikon\/wp-json\/wp\/v2\/product_cat?post=5097"},{"taxonomy":"product_tag","embeddable":true,"href":"https:\/\/uj.adatbank.ro\/lexikon\/wp-json\/wp\/v2\/product_tag?post=5097"}],"curies":[{"name":"wp","href":"https:\/\/api.w.org\/{rel}","templated":true}]}}