{"id":5102,"date":"2025-06-28T17:03:20","date_gmt":"2025-06-28T15:03:20","guid":{"rendered":"https:\/\/uj.adatbank.ro\/lexikon\/termek\/bojthi-antal-bojthy-antal-bojhti-antal-bojthe-antal\/"},"modified":"2025-06-28T17:03:20","modified_gmt":"2025-06-28T15:03:20","slug":"bojthi-antal-bojthy-antal-bojhti-antal-bojthe-antal","status":"publish","type":"product","link":"https:\/\/uj.adatbank.ro\/lexikon\/termek\/bojthi-antal-bojthy-antal-bojhti-antal-bojthe-antal\/","title":{"rendered":"B\u00d6JTHI Antal, B\u00f6jthy Antal, Bojhti Antal, B\u00f6jthe Antal"},"content":{"rendered":"<p>Cs\u00edkszenttam\u00e1s, 1728. j\u00fan. 13., \u2020 Mv., 1794. nov. 14.: ex-jezsuita szerzetes, vil\u00e1gi pap. \u2013 H\u00faga: Ter\u00e9zia, gr. sz\u00e1rhegyi L\u00e1z\u00e1r \u00c1d\u00e1mn\u00e9. \u2013 Cs\u00edksomly\u00f3n tanult \u00e9s Kv.-on a jezsuit\u00e1kn\u00e1l \u00e9s-ott l\u00e9pett a jezsita rendbe (1749. okt. 15.). Trencs\u00e9nben volt nov\u00edcius. Jezsuita hitsz\u00f3nok \u00e9s grammatika tan\u00e1r Udvarhelyen (1752), Nagyb\u00e1ny\u00e1n (1853) \u00e9s Kv.-on (1754). Kass\u00e1n v\u00e9gzett teol\u00f3giai tanulm\u00e1nyokat (1755\u201358), Gy\u0151rben misszion\u00e1rius (1755\u201358). Kv.-on hitsz\u00f3nok, kongreg\u00e1ci\u00f3 eln\u00f6k, int\u00e9z\u0151 (1762\u201366), Fels\u0151b\u00e1ny\u00e1n hitsz\u00f3nok, gyontat\u00f3 (1767), Ungv\u00e1ron hitsz\u00f3nok, az iskola prefektusa, gyontat\u00f3 (1768\u201369), Mv.-en hitsz\u00f3nok, tan\u00e1csnok (1769\u201370), Udvarhelyen hitsz\u00f3nok, prefektus, gyontat\u00f3 tan\u00e1csnok, V\u00e1radon is t\u00f6bb funkci\u00f3ja volt (1772). Kv.-on volt int\u00e9z\u0151 \u00e9s tan\u00e1csnok a rend feloszlat\u00e1s\u00e1nak \u00e9v\u00e9ben (1773). Pl\u00e9b\u00e1nos Sz\u00e9kelyv\u00e9ck\u00e9n (\u20131779), ki\u00e9rdemes\u00fclt, nyugd\u00edjas pl\u00e9b\u00e1nos Mv.-en (1785\u2013). Sz\u00fcl\u0151faluja, Cs\u00edkszenttam\u00e1si \u00faj temploma olt\u00e1r\u00e1ra \u00e9rt\u00e9kes olajfestm\u00e9nyt adom\u00e1nyozott (1778) \u00e9s miseruhak\u00e9szletet, barokk \u00farfelmutat\u00f3t. A sz\u00e9kelyv\u00e9ckei templom vez\u0151 \u00e9p\u00edttet\u0151je, \u00e9s patr\u00f3nusa Ter\u00e9zia huga, L\u00e1z\u00e1r \u00c1d\u00e1mn\u00e9 volt. L\u00e1z\u00e1r hal\u00e1la ut\u00e1n n\u00e9h\u00e1ny \u00e9vig a n\u0151v\u00e9r\u00e9nel lakott. A m. nyelv haszn\u00e1lat\u00e1nak \u00fatt\u00f6r\u0151 harcosa \u00e9s lelkes propag\u00e1l\u00f3ja. EMNYT felk\u00e9r\u00e9s\u00e9re (1794. m\u00e1j.), m. nyelvtan k\u00f6nyvet \u00edrt a tanul\u00f3k sz\u00e1m\u00e1ra, m\u00e1r betegen fejezte be \u00e9s a hibajegyz\u00e9ket m\u00e1r nem b\u00edrta \u00f6ssze\u00e1ll\u00edtani. Mv.-en megjelent m\u0171veiben \u201ekir\u00e1lyi soldon l\u00e9v\u0151 \u00e1ldoz\u00f3pap\u201d -nak \u00edrta mag\u00e1t. \u2013 <strong>F. m.:<\/strong> M. nyelvtudom\u00e1ny (Mv., 1790); A nemes m. ir\u00e1s\u00e1nak \u00e9s sz\u00f3l\u00e1s\u00e1nak tudom\u00e1nya, mely a j\u00f3zan okoss\u00e1gnak, a nyelv tulajdons\u00e1g\u00e1nak, s az erd\u00e9lyi jobb \u00e9l\u00e9sben l\u00e9v\u0151 magyars\u00e1gnak t\u00f6rv\u00e9nyei szerint iratott 1790. M. V\u00e1s\u00e1rhelyt (Mv., 1794). \u201eIr\u00e1m az Erd\u00e9lyi Nagyfejedelems\u00e9gnek k\u00f6z\u00e9p kir\u00e1lyi v\u00e1ros\u00e1ban, Maros V\u00e1s\u00e1rhelytt kar\u00e1cson hav\u00e1nak 8. napj\u00e1n 1794. B\u00f6jthi Antal kir\u00e1lyi soron lev\u0151 \u00e1ldoz\u00f3 pap\u201d (Eredetileg latinul \u00edrta majd t\u00f6bbek kiv\u00e1ns\u00e1g\u00e1ra ford\u00edtotta magyarra). <br \/><strong>Irod.:<\/strong> Barab\u00e1s Kisanna: B. A., a m. nyelv \u00e9s a sz\u00e9kelyv\u00e9ckei templom pall\u00e9ra = Liber discipulorum; Bo\u00e9r M\u00e1t\u00e9: Nyelvtanok \u00e9s m\u00f3dszerek. K\u00e9t mv.-i grammatikaszerz\u0151 a 18. sz\u00e1zadb\u00f3l = Maros megyei m. t\u00f6rt. 5.; Ferenczi S\u00e1ndor 2009; Ferenczy-Danielik; Guly\u00e1s; Jezsuita \u00e9vk.; Kr\u00f3n F\u00fcz. (1939. 4\/9); R\u00f3th: Sz\u00fcletett nyelv\u00fcnk\u00f6n; Szinnyei<\/br><\/p>\n","protected":false},"excerpt":{"rendered":"<p>Cs\u00edkszenttam\u00e1s, 1728. j\u00fan. 13., \u2020 Mv., 1794. nov. 14.: ex-jezsuita szerzetes, vil\u00e1gi pap. \u2013 H\u00faga: Ter\u00e9zia, gr. sz\u00e1rhegyi L\u00e1z\u00e1r \u00c1d\u00e1mn\u00e9. \u2013 Cs\u00edksomly\u00f3n tanult \u00e9s Kv.-on a jezsuit\u00e1kn\u00e1l \u00e9s-ott l\u00e9pett a jezsita rendbe (1749. okt. 15.). Trencs\u00e9nben volt nov\u00edcius. Jezsuita hitsz\u00f3nok \u00e9s grammatika tan\u00e1r Udvarhelyen (1752), Nagyb\u00e1ny\u00e1n (1853) \u00e9s Kv.-on (1754). Kass\u00e1n v\u00e9gzett teol\u00f3giai tanulm\u00e1nyokat (1755\u201358), [&hellip;]<\/p>\n","protected":false},"featured_media":0,"comment_status":"open","ping_status":"closed","template":"","meta":[],"product_brand":[],"product_cat":[137],"product_tag":[],"class_list":{"0":"post-5102","1":"product","2":"type-product","3":"status-publish","5":"product_cat-maros-megyei-eletrajzi-lexikon","7":"first","8":"instock","9":"shipping-taxable","10":"product-type-simple"},"_links":{"self":[{"href":"https:\/\/uj.adatbank.ro\/lexikon\/wp-json\/wp\/v2\/product\/5102","targetHints":{"allow":["GET"]}}],"collection":[{"href":"https:\/\/uj.adatbank.ro\/lexikon\/wp-json\/wp\/v2\/product"}],"about":[{"href":"https:\/\/uj.adatbank.ro\/lexikon\/wp-json\/wp\/v2\/types\/product"}],"replies":[{"embeddable":true,"href":"https:\/\/uj.adatbank.ro\/lexikon\/wp-json\/wp\/v2\/comments?post=5102"}],"wp:attachment":[{"href":"https:\/\/uj.adatbank.ro\/lexikon\/wp-json\/wp\/v2\/media?parent=5102"}],"wp:term":[{"taxonomy":"product_brand","embeddable":true,"href":"https:\/\/uj.adatbank.ro\/lexikon\/wp-json\/wp\/v2\/product_brand?post=5102"},{"taxonomy":"product_cat","embeddable":true,"href":"https:\/\/uj.adatbank.ro\/lexikon\/wp-json\/wp\/v2\/product_cat?post=5102"},{"taxonomy":"product_tag","embeddable":true,"href":"https:\/\/uj.adatbank.ro\/lexikon\/wp-json\/wp\/v2\/product_tag?post=5102"}],"curies":[{"name":"wp","href":"https:\/\/api.w.org\/{rel}","templated":true}]}}