{"id":5104,"date":"2025-06-28T17:03:25","date_gmt":"2025-06-28T15:03:25","guid":{"rendered":"https:\/\/uj.adatbank.ro\/lexikon\/termek\/bojthi-veres-gaspar-bojti-veres-gaspar\/"},"modified":"2025-06-28T17:03:25","modified_gmt":"2025-06-28T15:03:25","slug":"bojthi-veres-gaspar-bojti-veres-gaspar","status":"publish","type":"product","link":"https:\/\/uj.adatbank.ro\/lexikon\/termek\/bojthi-veres-gaspar-bojti-veres-gaspar\/","title":{"rendered":"BOJTHI VERES G\u00e1sp\u00e1r; Bojti Veres G\u00e1sp\u00e1r"},"content":{"rendered":"<p>Bojt, 1590 v 95, k. \u2020 1640 ut\u00e1n.: tan\u00e1r, t\u00f6rt\u00e9net\u00edr\u00f3, k\u00f6lt\u0151. \u2013 V\u00e1radon, Debrecenben (1613\u2013), majd Bethlen G\u00e1bor k\u00f6lts\u00e9g\u00e9n Heidelbergben, Padov\u00e1ban, P\u00e1rizsban tanult (1617\u2013) teol\u00f3gi\u00e1t, filoz\u00f3fi\u00e1t. Az ifj. Bethlen Istv\u00e1n nevel\u0151je (1618\u201319, 1622). Mv.-en tan\u00e1r, a Schola Particula els\u0151 rektora (1620; majd 1622). Bethlen G\u00e1bor fejedelem h\u00edv\u00e1s\u00e1ra gyulafeh\u00e9rv\u00e1ron tan\u00e1r az \u00fajonnan szervez\u0151d\u0151 iskol\u00e1ban \u00e9s a fejedelem udvari papja, t\u00f6rt\u00e9net\u00edr\u00f3ja, valamint a k\u00e1ptalan lev\u00e9lt\u00e1rnoka (1623\u2013). A bihari jobb\u00e1gyfi\u00fa nemess\u00e9get kapott a fejedelemt\u0151l (1623. dec.). Sz\u00e1mos diplom\u00e1ciai feladatot teljes\u00edtett, t\u00f6bbek k\u00f6z\u00f6tt I. R\u00e1k\u00f3czi Gy\u00f6rgy szolg\u00e1lat\u00e1ban N\u00e9mrto.-ban j\u00e1rt titkos k\u00fcldet\u00e9sben. Bethlen G\u00e1bor kor\u00e1nak legtekint\u00e9lyesebb elbesz\u00e9l\u0151 k\u00f6lt\u0151je volt. Szellemi p\u00e9ldak\u00e9pe Szenczi Moln\u00e1r Albert. Verse megjelent a Luther M\u00e1rton fell\u00e9p\u00e9s\u00e9nek sz\u00e1zadik \u00e9vfordul\u00f3j\u00e1ra kiadott k\u00f6tetben. Maradand\u00f3 \u00e9rt\u00e9k\u0171 m\u0171veket \u00edrt Bethlen G\u00e1borr\u00f3l: egy dics\u0151it\u0151 k\u00f6ltem\u00e9nyt \u00e9s cselekedeteit. K\u00e9zirata meg van a mv.-i Teleki T\u00e9k\u00e1ban. Szerkeszt\u0151je volt a Bethlen G\u00e1bor feles\u00e9ge, K\u00e1rolyi Zsuzsanna temet\u00e9se alkalm\u00e1b\u00f3l kiadott latin \u00e9s m. nyelv\u0171 besz\u00e9dgy\u0171jtem\u00e9nynek. J\u00f3 bar\u00e1ts\u00e1got tartott fent Martin Opitz Feh\u00e9rv\u00e1ron tan\u00edt\u00f3 n\u00e9met prof.-fal, aki verset is \u00edrt hozz\u00e1. A fejedelmi sz\u00e1mad\u00e1sk\u00f6nyvekben (1640-ig ) tal\u00e1lkozunk a nev\u00e9vel. \u2013 <strong>F. m.:<\/strong> Panegyris in excellentissimas heroicas omnique admiratione dignissimas laudes, seren. et potentiss. principis ac. Domini Gabr. Bethlen (Heidelberg, 1617); De omnipotentia dei ejusque abusu respondente Casparo V. Bojthino (Heidelberg, 1620); Exquiarum caeremonialium&#8230; (Gyulafeh\u00e9rv\u00e1r, 1624); Exequiae principales azaz halotti pompa (Gyulafeh\u00e9rv\u00e1r, 1624); Gaspari Bojthi De rebus gestis magni Gabrielis Bethlen libi XII. (B\u00e9cs, 1629; 1809); Bojti Veres G\u00e1sp\u00e1r dics\u0151\u00edt\u0151 \u00e9neke Bethlen G\u00e1bor tisztelet\u00e9re (Bp., [1980]); <strong>antol\u00f3g.:<\/strong> A Nagy Bethlen G\u00e1bor tetteir\u0151l. = Erd\u00e9ly \u00f6r\u00f6ks\u00e9ge, 4.; = Erd\u00e9lyi magyar eml\u00e9k\u00edr\u00f3k; Bethlen G\u00e1bor eml\u00e9kezete (Bp., 1980). <br \/><strong>Irod.:<\/strong> Angyal D\u00e1vid: Adal\u00e1kok B. V. G. m\u0171v\u00e9nek kritik\u00e1j\u00e1hoz (Sz\u00e1zadok, 1898); Erd\u00e9lyi m. eml\u00e9k\u00edr\u00f3k; Erd\u00e9ly \u00f6r\u00f6ks\u00e9ge 4. (Bp., 1941\u201342); Er\u0151s v\u00e1runk; Ga\u00e1l 2001; Guly\u00e1s; M\u00e1th\u00e9-Haller; K\u00e9nosi\u2013Uzoni; Koncz; Koncz J\u00f3zsef: A mv.-i Ev. Ref. R\u00e9gi Iskola ismertet\u00e9se (Mv., 1884); Makoldy S\u00e1ndor: B. V. G. \u00e9lete \u00e9s t\u00f6rt\u00e9net\u00edr\u00f3i munk\u00e1ss\u00e1ga (Magyk\u00e1roly, 1904); MAM\u0170L; M\u00c9L; MNBK; Par\u00e1di; Sebesty\u00e9n Mih\u00e1ly: A fejedelem hist\u00f3rikusa (N\u00fa., 1990. m\u00e1rc. 17.; 1990. m\u00e1rc. 31.); Szinnyei; T\u00f3th Istv\u00e1n: A gyulafeh\u00e9rv\u00e1ri humanista k\u00f6lt\u00e9szet antol\u00f3gi\u00e1ja (Bp., 2001); T\u00f3th Istv\u00e1n: V\u00e1s\u00e1rhelyi humanista k\u00f6lt\u0151k (V. Z., 1969. jan. 4.); T\u00f3th Istv\u00e1n: Mv., irodalmi m\u0171velts\u00e9g\u00e9r\u0151l (N\u00fa., M\u00fazsa 452., 2000., j\u00fal 29); \u00daM\u00c9L<\/br><\/p>\n","protected":false},"excerpt":{"rendered":"<p>Bojt, 1590 v 95, k. \u2020 1640 ut\u00e1n.: tan\u00e1r, t\u00f6rt\u00e9net\u00edr\u00f3, k\u00f6lt\u0151. \u2013 V\u00e1radon, Debrecenben (1613\u2013), majd Bethlen G\u00e1bor k\u00f6lts\u00e9g\u00e9n Heidelbergben, Padov\u00e1ban, P\u00e1rizsban tanult (1617\u2013) teol\u00f3gi\u00e1t, filoz\u00f3fi\u00e1t. Az ifj. Bethlen Istv\u00e1n nevel\u0151je (1618\u201319, 1622). Mv.-en tan\u00e1r, a Schola Particula els\u0151 rektora (1620; majd 1622). Bethlen G\u00e1bor fejedelem h\u00edv\u00e1s\u00e1ra gyulafeh\u00e9rv\u00e1ron tan\u00e1r az \u00fajonnan szervez\u0151d\u0151 iskol\u00e1ban \u00e9s a [&hellip;]<\/p>\n","protected":false},"featured_media":0,"comment_status":"open","ping_status":"closed","template":"","meta":[],"product_brand":[],"product_cat":[137],"product_tag":[],"class_list":{"0":"post-5104","1":"product","2":"type-product","3":"status-publish","5":"product_cat-maros-megyei-eletrajzi-lexikon","7":"first","8":"instock","9":"shipping-taxable","10":"product-type-simple"},"_links":{"self":[{"href":"https:\/\/uj.adatbank.ro\/lexikon\/wp-json\/wp\/v2\/product\/5104","targetHints":{"allow":["GET"]}}],"collection":[{"href":"https:\/\/uj.adatbank.ro\/lexikon\/wp-json\/wp\/v2\/product"}],"about":[{"href":"https:\/\/uj.adatbank.ro\/lexikon\/wp-json\/wp\/v2\/types\/product"}],"replies":[{"embeddable":true,"href":"https:\/\/uj.adatbank.ro\/lexikon\/wp-json\/wp\/v2\/comments?post=5104"}],"wp:attachment":[{"href":"https:\/\/uj.adatbank.ro\/lexikon\/wp-json\/wp\/v2\/media?parent=5104"}],"wp:term":[{"taxonomy":"product_brand","embeddable":true,"href":"https:\/\/uj.adatbank.ro\/lexikon\/wp-json\/wp\/v2\/product_brand?post=5104"},{"taxonomy":"product_cat","embeddable":true,"href":"https:\/\/uj.adatbank.ro\/lexikon\/wp-json\/wp\/v2\/product_cat?post=5104"},{"taxonomy":"product_tag","embeddable":true,"href":"https:\/\/uj.adatbank.ro\/lexikon\/wp-json\/wp\/v2\/product_tag?post=5104"}],"curies":[{"name":"wp","href":"https:\/\/api.w.org\/{rel}","templated":true}]}}