{"id":5105,"date":"2025-06-28T17:03:28","date_gmt":"2025-06-28T15:03:28","guid":{"rendered":"https:\/\/uj.adatbank.ro\/lexikon\/termek\/bojtos-illes\/"},"modified":"2025-06-28T17:03:28","modified_gmt":"2025-06-28T15:03:28","slug":"bojtos-illes","status":"publish","type":"product","link":"https:\/\/uj.adatbank.ro\/lexikon\/termek\/bojtos-illes\/","title":{"rendered":"BOJTOS Ill\u00e9s"},"content":{"rendered":"<p>? \u2020\u00a0? : f\u00f6ldbirtokos. \u2013 B\u00fanban a f\u00f6ldoszt\u00e1s alkalm\u00e1val f\u00f6ldjeib\u0151l kisaj\u00e1t\u00edtottak 830 n\u00e9gysz\u00f6g\u00f6let, amelyre t\u00f6bbek k\u00f6z\u00f6tt egy \u00e1llami rom\u00e1n tannyelv\u0171 iskol\u00e1t \u00e9p\u00edtettek (1923. \u00e1pr. 29.). Fi\u00e1t k\u00e9s\u0151bb a k\u00f6zs\u00e9gi f\u00f6ldekb\u0151l k\u00e1rp\u00f3tolt\u00e1k egy hold f\u00f6lddel (1923. dec. 21.). <br \/><strong>Irod.:<\/strong> Prozan<\/br><\/p>\n","protected":false},"excerpt":{"rendered":"<p>? \u2020\u00a0? : f\u00f6ldbirtokos. \u2013 B\u00fanban a f\u00f6ldoszt\u00e1s alkalm\u00e1val f\u00f6ldjeib\u0151l kisaj\u00e1t\u00edtottak 830 n\u00e9gysz\u00f6g\u00f6let, amelyre t\u00f6bbek k\u00f6z\u00f6tt egy \u00e1llami rom\u00e1n tannyelv\u0171 iskol\u00e1t \u00e9p\u00edtettek (1923. \u00e1pr. 29.). Fi\u00e1t k\u00e9s\u0151bb a k\u00f6zs\u00e9gi f\u00f6ldekb\u0151l k\u00e1rp\u00f3tolt\u00e1k egy hold f\u00f6lddel (1923. dec. 21.). Irod.: Prozan<\/p>\n","protected":false},"featured_media":0,"comment_status":"open","ping_status":"closed","template":"","meta":[],"product_brand":[],"product_cat":[137],"product_tag":[],"class_list":{"0":"post-5105","1":"product","2":"type-product","3":"status-publish","5":"product_cat-maros-megyei-eletrajzi-lexikon","7":"first","8":"instock","9":"shipping-taxable","10":"product-type-simple"},"_links":{"self":[{"href":"https:\/\/uj.adatbank.ro\/lexikon\/wp-json\/wp\/v2\/product\/5105","targetHints":{"allow":["GET"]}}],"collection":[{"href":"https:\/\/uj.adatbank.ro\/lexikon\/wp-json\/wp\/v2\/product"}],"about":[{"href":"https:\/\/uj.adatbank.ro\/lexikon\/wp-json\/wp\/v2\/types\/product"}],"replies":[{"embeddable":true,"href":"https:\/\/uj.adatbank.ro\/lexikon\/wp-json\/wp\/v2\/comments?post=5105"}],"wp:attachment":[{"href":"https:\/\/uj.adatbank.ro\/lexikon\/wp-json\/wp\/v2\/media?parent=5105"}],"wp:term":[{"taxonomy":"product_brand","embeddable":true,"href":"https:\/\/uj.adatbank.ro\/lexikon\/wp-json\/wp\/v2\/product_brand?post=5105"},{"taxonomy":"product_cat","embeddable":true,"href":"https:\/\/uj.adatbank.ro\/lexikon\/wp-json\/wp\/v2\/product_cat?post=5105"},{"taxonomy":"product_tag","embeddable":true,"href":"https:\/\/uj.adatbank.ro\/lexikon\/wp-json\/wp\/v2\/product_tag?post=5105"}],"curies":[{"name":"wp","href":"https:\/\/api.w.org\/{rel}","templated":true}]}}