{"id":5109,"date":"2025-06-28T17:03:38","date_gmt":"2025-06-28T15:03:38","guid":{"rendered":"https:\/\/uj.adatbank.ro\/lexikon\/termek\/bokor-ilona-%c2%a7\/"},"modified":"2025-06-28T17:03:38","modified_gmt":"2025-06-28T15:03:38","slug":"bokor-ilona-%c2%a7","status":"publish","type":"product","link":"https:\/\/uj.adatbank.ro\/lexikon\/termek\/bokor-ilona-%c2%a7\/","title":{"rendered":"BOKOR Ilona, \u00a7"},"content":{"rendered":"<p>Mez\u0151harasztos, 1915. nov. 27., \u2020 Mv., 1986. m\u00e1j. 22.: sz\u00edn\u00e9szn\u0151. \u2013 A kv.-i zenekozervat\u00f3rium zeneszak\u00e1n v\u00e9gzett (1944). Kv.-on kezdte a p\u00e1ly\u00e1j\u00e1t, a sz\u00ednh\u00e1z tagja (1944\u201346). Szatm\u00e1ron j\u00e1tszott (1946\u201348). A sepsiszentgy\u00f6rgyi \u00c1llami M. Sz\u00ednh\u00e1z alap\u00edt\u00f3 tagja, m\u0171v\u00e9szn\u0151je volt (1948\u20131980). Primadonna-t\u00edpus. \u2013 <strong>F. sz.:<\/strong> Sylvia (K\u00e1lm\u00e1n Imre: Cs\u00e1rd\u00e1skir\u00e1lyn\u0151); Marica (K\u00e1l\u00e1n Imre: Marica gr\u00f3fn\u0151); Z\u00f3rika (Leh\u00e1r: Cig\u00e1nyszerelem); Saffi (Strauss: Cig\u00e1nyb\u00e1r\u00f3); Liza (Leh\u00e1r F.: A mosoly orsz\u00e1ga); Hanna (Leh\u00e1r: V\u00edg \u00f6zvegy); Kir\u00e1lykisasszony (Kacs\u00f3 Pongr\u00e1c: J\u00e1nos vit\u00e9z); Szibill (Jakobi Viktor); G\u00e1bor di\u00e1k (Huszka J.: G\u00fcl Baba); Natasa (Gorkij: Vasza Zseleznova); Laurencia (Lope de Vega: Juhok itat\u00f3ja); Hercegn\u0151 (Scribe: Egy poh\u00e1r v\u00edz); Magdolna (M\u00f3ricz: Rokonok); Laura (Tomcsa S\u00e1ndor: Utols\u00f3 szalmasz\u00e1l); Verona (Davidoglu: \u00cdt\u00e9let\u00edd\u0151); Dacia (Mu\u015fatescu: Titanic-kering\u0151); K\u00f6m\u00e9nyn\u00e9 (Tam\u00e1si \u00c1.: \u00c9nekes mad\u00e1r); Dada (Gorkij: A nap fiai) stb. <br \/><strong>Irod.:<\/strong> MSZL; Katona Szab\u00f3 Istv\u00e1n: \u00daj \u00c9let lexikona, 23. (\u00daj \u00c9let, 11. sz., 1971)<\/br><\/p>\n","protected":false},"excerpt":{"rendered":"<p>Mez\u0151harasztos, 1915. nov. 27., \u2020 Mv., 1986. m\u00e1j. 22.: sz\u00edn\u00e9szn\u0151. \u2013 A kv.-i zenekozervat\u00f3rium zeneszak\u00e1n v\u00e9gzett (1944). Kv.-on kezdte a p\u00e1ly\u00e1j\u00e1t, a sz\u00ednh\u00e1z tagja (1944\u201346). Szatm\u00e1ron j\u00e1tszott (1946\u201348). A sepsiszentgy\u00f6rgyi \u00c1llami M. Sz\u00ednh\u00e1z alap\u00edt\u00f3 tagja, m\u0171v\u00e9szn\u0151je volt (1948\u20131980). Primadonna-t\u00edpus. \u2013 F. sz.: Sylvia (K\u00e1lm\u00e1n Imre: Cs\u00e1rd\u00e1skir\u00e1lyn\u0151); Marica (K\u00e1l\u00e1n Imre: Marica gr\u00f3fn\u0151); Z\u00f3rika (Leh\u00e1r: Cig\u00e1nyszerelem); Saffi [&hellip;]<\/p>\n","protected":false},"featured_media":0,"comment_status":"open","ping_status":"closed","template":"","meta":[],"product_brand":[],"product_cat":[137],"product_tag":[],"class_list":{"0":"post-5109","1":"product","2":"type-product","3":"status-publish","5":"product_cat-maros-megyei-eletrajzi-lexikon","7":"first","8":"instock","9":"shipping-taxable","10":"product-type-simple"},"_links":{"self":[{"href":"https:\/\/uj.adatbank.ro\/lexikon\/wp-json\/wp\/v2\/product\/5109","targetHints":{"allow":["GET"]}}],"collection":[{"href":"https:\/\/uj.adatbank.ro\/lexikon\/wp-json\/wp\/v2\/product"}],"about":[{"href":"https:\/\/uj.adatbank.ro\/lexikon\/wp-json\/wp\/v2\/types\/product"}],"replies":[{"embeddable":true,"href":"https:\/\/uj.adatbank.ro\/lexikon\/wp-json\/wp\/v2\/comments?post=5109"}],"wp:attachment":[{"href":"https:\/\/uj.adatbank.ro\/lexikon\/wp-json\/wp\/v2\/media?parent=5109"}],"wp:term":[{"taxonomy":"product_brand","embeddable":true,"href":"https:\/\/uj.adatbank.ro\/lexikon\/wp-json\/wp\/v2\/product_brand?post=5109"},{"taxonomy":"product_cat","embeddable":true,"href":"https:\/\/uj.adatbank.ro\/lexikon\/wp-json\/wp\/v2\/product_cat?post=5109"},{"taxonomy":"product_tag","embeddable":true,"href":"https:\/\/uj.adatbank.ro\/lexikon\/wp-json\/wp\/v2\/product_tag?post=5109"}],"curies":[{"name":"wp","href":"https:\/\/api.w.org\/{rel}","templated":true}]}}