{"id":5110,"date":"2025-06-28T17:03:40","date_gmt":"2025-06-28T15:03:40","guid":{"rendered":"https:\/\/uj.adatbank.ro\/lexikon\/termek\/bokor-jozsef\/"},"modified":"2025-06-28T17:03:40","modified_gmt":"2025-06-28T15:03:40","slug":"bokor-jozsef","status":"publish","type":"product","link":"https:\/\/uj.adatbank.ro\/lexikon\/termek\/bokor-jozsef\/","title":{"rendered":"BOKOR J\u00f3zsef"},"content":{"rendered":"<p>Szentmargita, 1902., \u2020\u00a0Mv., 1975. febr. 15.: p\u00e9k. \u2013 Iskol\u00e1it Magyardell\u0151n v\u00e9gezte, majd a p\u00e9k szakm\u00e1t saj\u00e1t\u00edtotta el, \u00f6n\u00e1ll\u00f3 \u00fczemet l\u00e9tes\u00edtett Mv.-en (1932), ahol feh\u00e9r \u00e9s b\u00e9rs\u00fct\u00e9st v\u00e9gzett, izletes s\u00fctem\u00e9nyeket k\u00e9sz\u00edtett. A M. Iparosegylet \u00e9s a N\u00e9pk\u00f6z\u00f6ss\u00e9g tagja volt. <br \/><strong>Irod.:<\/strong> Sz\u00e9kelyf\u00f6ld \u00ed. k<\/br><\/p>\n","protected":false},"excerpt":{"rendered":"<p>Szentmargita, 1902., \u2020\u00a0Mv., 1975. febr. 15.: p\u00e9k. \u2013 Iskol\u00e1it Magyardell\u0151n v\u00e9gezte, majd a p\u00e9k szakm\u00e1t saj\u00e1t\u00edtotta el, \u00f6n\u00e1ll\u00f3 \u00fczemet l\u00e9tes\u00edtett Mv.-en (1932), ahol feh\u00e9r \u00e9s b\u00e9rs\u00fct\u00e9st v\u00e9gzett, izletes s\u00fctem\u00e9nyeket k\u00e9sz\u00edtett. A M. Iparosegylet \u00e9s a N\u00e9pk\u00f6z\u00f6ss\u00e9g tagja volt. Irod.: Sz\u00e9kelyf\u00f6ld \u00ed. k<\/p>\n","protected":false},"featured_media":0,"comment_status":"open","ping_status":"closed","template":"","meta":[],"product_brand":[],"product_cat":[137],"product_tag":[],"class_list":{"0":"post-5110","1":"product","2":"type-product","3":"status-publish","5":"product_cat-maros-megyei-eletrajzi-lexikon","7":"first","8":"instock","9":"shipping-taxable","10":"product-type-simple"},"_links":{"self":[{"href":"https:\/\/uj.adatbank.ro\/lexikon\/wp-json\/wp\/v2\/product\/5110","targetHints":{"allow":["GET"]}}],"collection":[{"href":"https:\/\/uj.adatbank.ro\/lexikon\/wp-json\/wp\/v2\/product"}],"about":[{"href":"https:\/\/uj.adatbank.ro\/lexikon\/wp-json\/wp\/v2\/types\/product"}],"replies":[{"embeddable":true,"href":"https:\/\/uj.adatbank.ro\/lexikon\/wp-json\/wp\/v2\/comments?post=5110"}],"wp:attachment":[{"href":"https:\/\/uj.adatbank.ro\/lexikon\/wp-json\/wp\/v2\/media?parent=5110"}],"wp:term":[{"taxonomy":"product_brand","embeddable":true,"href":"https:\/\/uj.adatbank.ro\/lexikon\/wp-json\/wp\/v2\/product_brand?post=5110"},{"taxonomy":"product_cat","embeddable":true,"href":"https:\/\/uj.adatbank.ro\/lexikon\/wp-json\/wp\/v2\/product_cat?post=5110"},{"taxonomy":"product_tag","embeddable":true,"href":"https:\/\/uj.adatbank.ro\/lexikon\/wp-json\/wp\/v2\/product_tag?post=5110"}],"curies":[{"name":"wp","href":"https:\/\/api.w.org\/{rel}","templated":true}]}}