{"id":5111,"date":"2025-06-28T17:03:41","date_gmt":"2025-06-28T15:03:41","guid":{"rendered":"https:\/\/uj.adatbank.ro\/lexikon\/termek\/bokor-mina-%c2%a7-ring-mina\/"},"modified":"2025-06-28T17:03:41","modified_gmt":"2025-06-28T15:03:41","slug":"bokor-mina-%c2%a7-ring-mina","status":"publish","type":"product","link":"https:\/\/uj.adatbank.ro\/lexikon\/termek\/bokor-mina-%c2%a7-ring-mina\/","title":{"rendered":"BOKOR Mina, \u00a7 Ring Mina"},"content":{"rendered":"<p>Nagyszeben, 1905. j\u00fan. 8., \u2020 Mv., 1967. nov. 28. 29: k\u00f6nyvt\u00e1ros. \u2013 F\u00e9rje: Bokor Elem\u00e9r, fakeresked\u0151 (1931). L\u00e1nyuk: Annam\u00e1ria (1944. \u00e1pr. 23), k\u00f6nyvt\u00e1ros. \u2013 Szebenben volt k\u00f6z\u00e9piskol\u00e1s, majd a kv.-i Zeneakad\u00e9mia zongora szak\u00e1n egy \u00e9vet v\u00e9gzett. L\u00e1gerbe hurcol\u00e1sukkor egyhetes kisl\u00e1nyukat egy drezdai n\u0151 vette mag\u00e1hoz \u00e9s \u00edgy mentett\u00e9k meg. F\u00e9rj\u00e9vel egy\u00fctt deport\u00e1lt\u00e1k, aki a l\u00e1gerben meghalt, \u0151 visszat\u00e9rt Kv.-ra (1945-ben), az egy\u00e9ves kisl\u00e1ny\u00e1val is itt tal\u00e1lkzott. Mv.-en a Tartom\u00e1nyi K\u00f6nyvt\u00e1rban alkalmazt\u00e1k (1945 ?), elsaj\u00e1t\u00edtotta a k\u00f6nyvt\u00e1rosi szakmunk\u00e1t, r\u00e9szt vett Mv.-en a m. nyelv\u0171 k\u00f6nyvt\u00e1rosk\u00e9pz\u00e9sben, majd a k\u00f6nyvt\u00e1ros k\u00f6z\u00e9piskola megsz\u00fcn\u00e9se ut\u00e1n, bibliogr\u00e1fusk\u00e9nt dolgozott nyugd\u00edjaz\u00e1s\u00e1ig (1946\u201366). Cikkeit a C\u0103l\u0103uza bibliotecarului, K\u00f6nyvt\u00e1rosi t\u00e1j\u00e9koztat\u00f3 k\u00f6z\u00f6lte. <strong>Cikke:<\/strong> Ring Mina: Bibliografia pentru studiul regiunii (C\u0103l\u0103uza bibliotecarului, 1957. nr. 8., p. 26\u2013 28); Ring Mina \u2013 Bart\u00f3k Viorica: Bibliografiile locale \u0219i bibliografia regiunii Autonom\u0103 Maghiar\u0103. Buc., 15\u201316 dec., 1955): Prima sesiune \u0219tiin\u021bific\u0103 de bibliologie \u0219i documentare. \u2013 Buc. 15\u201316 dec. 1955. (Buc., 1957). <br \/><strong>Irod.:<\/strong> RMIL 3.; csal\u00e1di inf.; Mv.-i zsid\u00f3 temet\u0151 dok.<\/br><\/p>\n","protected":false},"excerpt":{"rendered":"<p>Nagyszeben, 1905. j\u00fan. 8., \u2020 Mv., 1967. nov. 28. 29: k\u00f6nyvt\u00e1ros. \u2013 F\u00e9rje: Bokor Elem\u00e9r, fakeresked\u0151 (1931). L\u00e1nyuk: Annam\u00e1ria (1944. \u00e1pr. 23), k\u00f6nyvt\u00e1ros. \u2013 Szebenben volt k\u00f6z\u00e9piskol\u00e1s, majd a kv.-i Zeneakad\u00e9mia zongora szak\u00e1n egy \u00e9vet v\u00e9gzett. L\u00e1gerbe hurcol\u00e1sukkor egyhetes kisl\u00e1nyukat egy drezdai n\u0151 vette mag\u00e1hoz \u00e9s \u00edgy mentett\u00e9k meg. F\u00e9rj\u00e9vel egy\u00fctt deport\u00e1lt\u00e1k, aki a l\u00e1gerben [&hellip;]<\/p>\n","protected":false},"featured_media":0,"comment_status":"open","ping_status":"closed","template":"","meta":[],"product_brand":[],"product_cat":[137],"product_tag":[],"class_list":{"0":"post-5111","1":"product","2":"type-product","3":"status-publish","5":"product_cat-maros-megyei-eletrajzi-lexikon","7":"first","8":"instock","9":"shipping-taxable","10":"product-type-simple"},"_links":{"self":[{"href":"https:\/\/uj.adatbank.ro\/lexikon\/wp-json\/wp\/v2\/product\/5111","targetHints":{"allow":["GET"]}}],"collection":[{"href":"https:\/\/uj.adatbank.ro\/lexikon\/wp-json\/wp\/v2\/product"}],"about":[{"href":"https:\/\/uj.adatbank.ro\/lexikon\/wp-json\/wp\/v2\/types\/product"}],"replies":[{"embeddable":true,"href":"https:\/\/uj.adatbank.ro\/lexikon\/wp-json\/wp\/v2\/comments?post=5111"}],"wp:attachment":[{"href":"https:\/\/uj.adatbank.ro\/lexikon\/wp-json\/wp\/v2\/media?parent=5111"}],"wp:term":[{"taxonomy":"product_brand","embeddable":true,"href":"https:\/\/uj.adatbank.ro\/lexikon\/wp-json\/wp\/v2\/product_brand?post=5111"},{"taxonomy":"product_cat","embeddable":true,"href":"https:\/\/uj.adatbank.ro\/lexikon\/wp-json\/wp\/v2\/product_cat?post=5111"},{"taxonomy":"product_tag","embeddable":true,"href":"https:\/\/uj.adatbank.ro\/lexikon\/wp-json\/wp\/v2\/product_tag?post=5111"}],"curies":[{"name":"wp","href":"https:\/\/api.w.org\/{rel}","templated":true}]}}