{"id":5113,"date":"2025-06-28T17:03:44","date_gmt":"2025-06-28T15:03:44","guid":{"rendered":"https:\/\/uj.adatbank.ro\/lexikon\/termek\/boldizsar-istvan\/"},"modified":"2025-06-28T17:03:44","modified_gmt":"2025-06-28T15:03:44","slug":"boldizsar-istvan","status":"publish","type":"product","link":"https:\/\/uj.adatbank.ro\/lexikon\/termek\/boldizsar-istvan\/","title":{"rendered":"BOLDIZS\u00c1R Istv\u00e1n"},"content":{"rendered":"<p>Cs\u00edk, 1641\u20131647., \u2020 1698.: r. k. pap. \u2013 R\u00f3m\u00e1ban a Collegium Germanicum et Hungaricumban tanut. A gy\u0151ri p\u00fcsp\u00f6ks\u00e9g k\u00e1pl\u00e1nja, majd pl\u00e9b\u00e1nos volt Sz\u00e9kelyhodoson, Ny\u00e1r\u00e1dk\u00f6szv\u00e9nyesen, marosi esperes (1657). Val\u00f3sz\u00edn\u0171, hogy \u0151 volt m\u00e9g alesperes Gyergy\u00f3ban (1655), pl\u00e9b\u00e1nos Gyergy\u00f3szentmikl\u00f3son (1659), Kozm\u00e1son (1664) \u00e9s cs\u00edki esperes (1665). <br \/><strong>Irod.:<\/strong> Ferenczi S\u00e1ndor 2009<\/br><\/p>\n","protected":false},"excerpt":{"rendered":"<p>Cs\u00edk, 1641\u20131647., \u2020 1698.: r. k. pap. \u2013 R\u00f3m\u00e1ban a Collegium Germanicum et Hungaricumban tanut. A gy\u0151ri p\u00fcsp\u00f6ks\u00e9g k\u00e1pl\u00e1nja, majd pl\u00e9b\u00e1nos volt Sz\u00e9kelyhodoson, Ny\u00e1r\u00e1dk\u00f6szv\u00e9nyesen, marosi esperes (1657). Val\u00f3sz\u00edn\u0171, hogy \u0151 volt m\u00e9g alesperes Gyergy\u00f3ban (1655), pl\u00e9b\u00e1nos Gyergy\u00f3szentmikl\u00f3son (1659), Kozm\u00e1son (1664) \u00e9s cs\u00edki esperes (1665). Irod.: Ferenczi S\u00e1ndor 2009<\/p>\n","protected":false},"featured_media":0,"comment_status":"open","ping_status":"closed","template":"","meta":[],"product_brand":[],"product_cat":[137],"product_tag":[],"class_list":{"0":"post-5113","1":"product","2":"type-product","3":"status-publish","5":"product_cat-maros-megyei-eletrajzi-lexikon","7":"first","8":"instock","9":"shipping-taxable","10":"product-type-simple"},"_links":{"self":[{"href":"https:\/\/uj.adatbank.ro\/lexikon\/wp-json\/wp\/v2\/product\/5113","targetHints":{"allow":["GET"]}}],"collection":[{"href":"https:\/\/uj.adatbank.ro\/lexikon\/wp-json\/wp\/v2\/product"}],"about":[{"href":"https:\/\/uj.adatbank.ro\/lexikon\/wp-json\/wp\/v2\/types\/product"}],"replies":[{"embeddable":true,"href":"https:\/\/uj.adatbank.ro\/lexikon\/wp-json\/wp\/v2\/comments?post=5113"}],"wp:attachment":[{"href":"https:\/\/uj.adatbank.ro\/lexikon\/wp-json\/wp\/v2\/media?parent=5113"}],"wp:term":[{"taxonomy":"product_brand","embeddable":true,"href":"https:\/\/uj.adatbank.ro\/lexikon\/wp-json\/wp\/v2\/product_brand?post=5113"},{"taxonomy":"product_cat","embeddable":true,"href":"https:\/\/uj.adatbank.ro\/lexikon\/wp-json\/wp\/v2\/product_cat?post=5113"},{"taxonomy":"product_tag","embeddable":true,"href":"https:\/\/uj.adatbank.ro\/lexikon\/wp-json\/wp\/v2\/product_tag?post=5113"}],"curies":[{"name":"wp","href":"https:\/\/api.w.org\/{rel}","templated":true}]}}