{"id":5118,"date":"2025-06-28T17:03:54","date_gmt":"2025-06-28T15:03:54","guid":{"rendered":"https:\/\/uj.adatbank.ro\/lexikon\/termek\/bolgar-miklos-szentkiralyi\/"},"modified":"2025-06-28T17:03:54","modified_gmt":"2025-06-28T15:03:54","slug":"bolgar-miklos-szentkiralyi","status":"publish","type":"product","link":"https:\/\/uj.adatbank.ro\/lexikon\/termek\/bolgar-miklos-szentkiralyi\/","title":{"rendered":"BOLG\u00c1R Mikl\u00f3s, szentkir\u00e1lyi"},"content":{"rendered":"<p>? \u2020\u00a0? : marossz\u00e9ki f\u0151ember. \u2013 N\u00e1dasdi Mih\u00e1ly sz\u00e9kely isp\u00e1n bizonyitja, hogy el\u0151tte Szentkir\u00e1lyi Bolg\u00e1r Mikl\u00f3s tiltakozott az ellen, hogy N\u00e1zn\u00e1nfalvi Tam\u00e1snak egy szolg\u00e1j\u00e1t, ki Medgyesfalvi Jakabt\u00f3l egy lovat ellopott s ez\u00e9rt akaszt\u00f3f\u00e1ra it\u00e9ltetett, az \u0151 h\u00e1za el\u0151tt v\u00e9gezt\u00e9k ki. (Kelt Fej\u00e9regyh\u00e1z\u00e1n 1420. aug. 9 \u00e9n.). <br \/><strong>Irod.:<\/strong> SzOkl, 3<\/br><\/p>\n","protected":false},"excerpt":{"rendered":"<p>? \u2020\u00a0? : marossz\u00e9ki f\u0151ember. \u2013 N\u00e1dasdi Mih\u00e1ly sz\u00e9kely isp\u00e1n bizonyitja, hogy el\u0151tte Szentkir\u00e1lyi Bolg\u00e1r Mikl\u00f3s tiltakozott az ellen, hogy N\u00e1zn\u00e1nfalvi Tam\u00e1snak egy szolg\u00e1j\u00e1t, ki Medgyesfalvi Jakabt\u00f3l egy lovat ellopott s ez\u00e9rt akaszt\u00f3f\u00e1ra it\u00e9ltetett, az \u0151 h\u00e1za el\u0151tt v\u00e9gezt\u00e9k ki. (Kelt Fej\u00e9regyh\u00e1z\u00e1n 1420. aug. 9 \u00e9n.). Irod.: SzOkl, 3<\/p>\n","protected":false},"featured_media":0,"comment_status":"open","ping_status":"closed","template":"","meta":[],"product_brand":[],"product_cat":[137],"product_tag":[],"class_list":{"0":"post-5118","1":"product","2":"type-product","3":"status-publish","5":"product_cat-maros-megyei-eletrajzi-lexikon","7":"first","8":"instock","9":"shipping-taxable","10":"product-type-simple"},"_links":{"self":[{"href":"https:\/\/uj.adatbank.ro\/lexikon\/wp-json\/wp\/v2\/product\/5118","targetHints":{"allow":["GET"]}}],"collection":[{"href":"https:\/\/uj.adatbank.ro\/lexikon\/wp-json\/wp\/v2\/product"}],"about":[{"href":"https:\/\/uj.adatbank.ro\/lexikon\/wp-json\/wp\/v2\/types\/product"}],"replies":[{"embeddable":true,"href":"https:\/\/uj.adatbank.ro\/lexikon\/wp-json\/wp\/v2\/comments?post=5118"}],"wp:attachment":[{"href":"https:\/\/uj.adatbank.ro\/lexikon\/wp-json\/wp\/v2\/media?parent=5118"}],"wp:term":[{"taxonomy":"product_brand","embeddable":true,"href":"https:\/\/uj.adatbank.ro\/lexikon\/wp-json\/wp\/v2\/product_brand?post=5118"},{"taxonomy":"product_cat","embeddable":true,"href":"https:\/\/uj.adatbank.ro\/lexikon\/wp-json\/wp\/v2\/product_cat?post=5118"},{"taxonomy":"product_tag","embeddable":true,"href":"https:\/\/uj.adatbank.ro\/lexikon\/wp-json\/wp\/v2\/product_tag?post=5118"}],"curies":[{"name":"wp","href":"https:\/\/api.w.org\/{rel}","templated":true}]}}