{"id":5119,"date":"2025-06-28T17:03:58","date_gmt":"2025-06-28T15:03:58","guid":{"rendered":"https:\/\/uj.adatbank.ro\/lexikon\/termek\/bolkenyi-balazs-bolkenyi-bazil\/"},"modified":"2025-06-28T17:03:58","modified_gmt":"2025-06-28T15:03:58","slug":"bolkenyi-balazs-bolkenyi-bazil","status":"publish","type":"product","link":"https:\/\/uj.adatbank.ro\/lexikon\/termek\/bolkenyi-balazs-bolkenyi-bazil\/","title":{"rendered":"B\u00d6LK\u00c9NYI Bal\u00e1zs, B\u00f6lk\u00e9nyi Bazil"},"content":{"rendered":"<p>? \u2020 ? : ref. lelk\u00e9sz. \u2013 Mv.-re subscrib\u00e1lt (1685). A mv.-i Schola Particula k\u00f6nyvt\u00e1rosa (1689 k.). S\u00f3v\u00e1radon volt mester (1692). A G\u00f6rg\u00e9nyi egyh\u00e1zmegye tagja (1677\u20131722). K\u00f6rtv\u00e9lyf\u00e1j\u00e1n szolg\u00e1lt (1730\u201331). <br \/><strong>Irod.:<\/strong> Imreh Barna; Koncz 1879; \u0150sz<\/br><\/p>\n","protected":false},"excerpt":{"rendered":"<p>? \u2020 ? : ref. lelk\u00e9sz. \u2013 Mv.-re subscrib\u00e1lt (1685). A mv.-i Schola Particula k\u00f6nyvt\u00e1rosa (1689 k.). S\u00f3v\u00e1radon volt mester (1692). A G\u00f6rg\u00e9nyi egyh\u00e1zmegye tagja (1677\u20131722). K\u00f6rtv\u00e9lyf\u00e1j\u00e1n szolg\u00e1lt (1730\u201331). Irod.: Imreh Barna; Koncz 1879; \u0150sz<\/p>\n","protected":false},"featured_media":0,"comment_status":"open","ping_status":"closed","template":"","meta":[],"product_brand":[],"product_cat":[137],"product_tag":[],"class_list":{"0":"post-5119","1":"product","2":"type-product","3":"status-publish","5":"product_cat-maros-megyei-eletrajzi-lexikon","7":"first","8":"instock","9":"shipping-taxable","10":"product-type-simple"},"_links":{"self":[{"href":"https:\/\/uj.adatbank.ro\/lexikon\/wp-json\/wp\/v2\/product\/5119","targetHints":{"allow":["GET"]}}],"collection":[{"href":"https:\/\/uj.adatbank.ro\/lexikon\/wp-json\/wp\/v2\/product"}],"about":[{"href":"https:\/\/uj.adatbank.ro\/lexikon\/wp-json\/wp\/v2\/types\/product"}],"replies":[{"embeddable":true,"href":"https:\/\/uj.adatbank.ro\/lexikon\/wp-json\/wp\/v2\/comments?post=5119"}],"wp:attachment":[{"href":"https:\/\/uj.adatbank.ro\/lexikon\/wp-json\/wp\/v2\/media?parent=5119"}],"wp:term":[{"taxonomy":"product_brand","embeddable":true,"href":"https:\/\/uj.adatbank.ro\/lexikon\/wp-json\/wp\/v2\/product_brand?post=5119"},{"taxonomy":"product_cat","embeddable":true,"href":"https:\/\/uj.adatbank.ro\/lexikon\/wp-json\/wp\/v2\/product_cat?post=5119"},{"taxonomy":"product_tag","embeddable":true,"href":"https:\/\/uj.adatbank.ro\/lexikon\/wp-json\/wp\/v2\/product_tag?post=5119"}],"curies":[{"name":"wp","href":"https:\/\/api.w.org\/{rel}","templated":true}]}}