{"id":5121,"date":"2025-06-28T17:04:01","date_gmt":"2025-06-28T15:04:01","guid":{"rendered":"https:\/\/uj.adatbank.ro\/lexikon\/termek\/bolkenyi-mihaly-2\/"},"modified":"2025-06-28T17:04:01","modified_gmt":"2025-06-28T15:04:01","slug":"bolkenyi-mihaly-2","status":"publish","type":"product","link":"https:\/\/uj.adatbank.ro\/lexikon\/termek\/bolkenyi-mihaly-2\/","title":{"rendered":"B\u00d6LK\u00c9NYI Mih\u00e1ly"},"content":{"rendered":"<p>? \u2020\u00a0? : ref. lelk\u00e9sz. \u2013 K\u00e9t azonos nev\u0171 szolg\u00e1lt 1677 k. a g\u00f6rg\u00e9nyi egyh\u00e1zmegy\u00e9ben, egyiket \u201emajor\u201d, a m\u00e1sikat \u201eminor\u201d jelz\u0151vel illeti a lelk\u00e9szn\u00e9vsor. Nem tudjuk megk\u00fcl\u00f6nb\u00f6ztetni \u0151ket, teh\u00e1t adataink val\u00f3sz\u00edn\u0171leg k\u00e9t szem\u00e9lyre vonatkoznak. Lelk\u00e9sz Erd\u0151csin\u00e1don (1647); Uzdiszentp\u00e9teren (1678), P\u00f3k\u00e1ban szolg\u00e1lt (1688 k.). <br \/><strong>Irod.:<\/strong> \u0150sz; P\u00f3ka<\/br><\/p>\n","protected":false},"excerpt":{"rendered":"<p>? \u2020\u00a0? : ref. lelk\u00e9sz. \u2013 K\u00e9t azonos nev\u0171 szolg\u00e1lt 1677 k. a g\u00f6rg\u00e9nyi egyh\u00e1zmegy\u00e9ben, egyiket \u201emajor\u201d, a m\u00e1sikat \u201eminor\u201d jelz\u0151vel illeti a lelk\u00e9szn\u00e9vsor. Nem tudjuk megk\u00fcl\u00f6nb\u00f6ztetni \u0151ket, teh\u00e1t adataink val\u00f3sz\u00edn\u0171leg k\u00e9t szem\u00e9lyre vonatkoznak. Lelk\u00e9sz Erd\u0151csin\u00e1don (1647); Uzdiszentp\u00e9teren (1678), P\u00f3k\u00e1ban szolg\u00e1lt (1688 k.). Irod.: \u0150sz; P\u00f3ka<\/p>\n","protected":false},"featured_media":0,"comment_status":"open","ping_status":"closed","template":"","meta":[],"product_brand":[],"product_cat":[137],"product_tag":[],"class_list":{"0":"post-5121","1":"product","2":"type-product","3":"status-publish","5":"product_cat-maros-megyei-eletrajzi-lexikon","7":"first","8":"instock","9":"shipping-taxable","10":"product-type-simple"},"_links":{"self":[{"href":"https:\/\/uj.adatbank.ro\/lexikon\/wp-json\/wp\/v2\/product\/5121","targetHints":{"allow":["GET"]}}],"collection":[{"href":"https:\/\/uj.adatbank.ro\/lexikon\/wp-json\/wp\/v2\/product"}],"about":[{"href":"https:\/\/uj.adatbank.ro\/lexikon\/wp-json\/wp\/v2\/types\/product"}],"replies":[{"embeddable":true,"href":"https:\/\/uj.adatbank.ro\/lexikon\/wp-json\/wp\/v2\/comments?post=5121"}],"wp:attachment":[{"href":"https:\/\/uj.adatbank.ro\/lexikon\/wp-json\/wp\/v2\/media?parent=5121"}],"wp:term":[{"taxonomy":"product_brand","embeddable":true,"href":"https:\/\/uj.adatbank.ro\/lexikon\/wp-json\/wp\/v2\/product_brand?post=5121"},{"taxonomy":"product_cat","embeddable":true,"href":"https:\/\/uj.adatbank.ro\/lexikon\/wp-json\/wp\/v2\/product_cat?post=5121"},{"taxonomy":"product_tag","embeddable":true,"href":"https:\/\/uj.adatbank.ro\/lexikon\/wp-json\/wp\/v2\/product_tag?post=5121"}],"curies":[{"name":"wp","href":"https:\/\/api.w.org\/{rel}","templated":true}]}}