{"id":5122,"date":"2025-06-28T17:04:03","date_gmt":"2025-06-28T15:04:03","guid":{"rendered":"https:\/\/uj.adatbank.ro\/lexikon\/termek\/bolkenyi-szasz-janos\/"},"modified":"2025-06-28T17:04:03","modified_gmt":"2025-06-28T15:04:03","slug":"bolkenyi-szasz-janos","status":"publish","type":"product","link":"https:\/\/uj.adatbank.ro\/lexikon\/termek\/bolkenyi-szasz-janos\/","title":{"rendered":"B\u00d6LK\u00c9NYI SZ\u00c1SZ J\u00e1nos"},"content":{"rendered":"<p>? \u2020 ? : ref. lelk\u00e9sz. \u2013 Szolg\u00e1lt Marosfelfaluban (1729\u20131732), Vajdaszentiv\u00e1nyon (1737\u20131739) \u00e9s K\u00f6rtv\u00e9lyf\u00e1j\u00e1n (1744\u20131747). <br \/><strong>Irod.:<\/strong> \u0150sz<\/br><\/p>\n","protected":false},"excerpt":{"rendered":"<p>? \u2020 ? : ref. lelk\u00e9sz. \u2013 Szolg\u00e1lt Marosfelfaluban (1729\u20131732), Vajdaszentiv\u00e1nyon (1737\u20131739) \u00e9s K\u00f6rtv\u00e9lyf\u00e1j\u00e1n (1744\u20131747). Irod.: \u0150sz<\/p>\n","protected":false},"featured_media":0,"comment_status":"open","ping_status":"closed","template":"","meta":[],"product_brand":[],"product_cat":[137],"product_tag":[],"class_list":{"0":"post-5122","1":"product","2":"type-product","3":"status-publish","5":"product_cat-maros-megyei-eletrajzi-lexikon","7":"first","8":"instock","9":"shipping-taxable","10":"product-type-simple"},"_links":{"self":[{"href":"https:\/\/uj.adatbank.ro\/lexikon\/wp-json\/wp\/v2\/product\/5122","targetHints":{"allow":["GET"]}}],"collection":[{"href":"https:\/\/uj.adatbank.ro\/lexikon\/wp-json\/wp\/v2\/product"}],"about":[{"href":"https:\/\/uj.adatbank.ro\/lexikon\/wp-json\/wp\/v2\/types\/product"}],"replies":[{"embeddable":true,"href":"https:\/\/uj.adatbank.ro\/lexikon\/wp-json\/wp\/v2\/comments?post=5122"}],"wp:attachment":[{"href":"https:\/\/uj.adatbank.ro\/lexikon\/wp-json\/wp\/v2\/media?parent=5122"}],"wp:term":[{"taxonomy":"product_brand","embeddable":true,"href":"https:\/\/uj.adatbank.ro\/lexikon\/wp-json\/wp\/v2\/product_brand?post=5122"},{"taxonomy":"product_cat","embeddable":true,"href":"https:\/\/uj.adatbank.ro\/lexikon\/wp-json\/wp\/v2\/product_cat?post=5122"},{"taxonomy":"product_tag","embeddable":true,"href":"https:\/\/uj.adatbank.ro\/lexikon\/wp-json\/wp\/v2\/product_tag?post=5122"}],"curies":[{"name":"wp","href":"https:\/\/api.w.org\/{rel}","templated":true}]}}