{"id":5130,"date":"2025-06-28T17:04:22","date_gmt":"2025-06-28T15:04:22","guid":{"rendered":"https:\/\/uj.adatbank.ro\/lexikon\/termek\/boloni-zsigmond\/"},"modified":"2025-06-28T17:04:22","modified_gmt":"2025-06-28T15:04:22","slug":"boloni-zsigmond","status":"publish","type":"product","link":"https:\/\/uj.adatbank.ro\/lexikon\/termek\/boloni-zsigmond\/","title":{"rendered":"B\u00d6L\u00d6NI Zsigmond"},"content":{"rendered":"<p>? \u2020\u00a0?: ref. lelk\u00e9sz. \u2013 Berekereszt\u00fari ref. lelk\u00e9sz (1687 k.). Az egyes ekl\u00e9zsi\u00e1kban \u00e9s az egyh\u00e1zmegye lev\u00e9lt\u00e1r\u00e1ban m\u00e9g meglev\u0151 r\u00e9gebbi vizit\u00e1ci\u00f3s feljegyz\u00e9sek anyag\u00e1t kezdte be\u00edrni a Matricul\u00e1ba (1687), azzal a c\u00e9llal hogy az egyh\u00e1zmegyei vagyonra vonatkoz\u00f3 hiteles okiratokat megmentse. A legr\u00e9gibb adatok (1579\u20131687) be\u00edr\u00e1sa ut\u00e1n, az \u00fajabb vagyongyarapod\u00e1sokat az egyh\u00e1zmegyei f\u0151jegyz\u0151k (juratus notarius) vezett\u00e9k be. <br \/><strong>Irod.:<\/strong> K. L. M\u0171v. t\u00f6rt. tan. 1.; Szab\u00f3 T. Attila: K\u00fck\u00fcll\u0151- Maros \u00e9s Ny\u00e1r\u00e1d vid\u00e9ki helynevek a XVI\u2013XIX sz\u00e1zadb\u00f3l = adatbank. ro<\/br><\/p>\n","protected":false},"excerpt":{"rendered":"<p>? \u2020\u00a0?: ref. lelk\u00e9sz. \u2013 Berekereszt\u00fari ref. lelk\u00e9sz (1687 k.). Az egyes ekl\u00e9zsi\u00e1kban \u00e9s az egyh\u00e1zmegye lev\u00e9lt\u00e1r\u00e1ban m\u00e9g meglev\u0151 r\u00e9gebbi vizit\u00e1ci\u00f3s feljegyz\u00e9sek anyag\u00e1t kezdte be\u00edrni a Matricul\u00e1ba (1687), azzal a c\u00e9llal hogy az egyh\u00e1zmegyei vagyonra vonatkoz\u00f3 hiteles okiratokat megmentse. A legr\u00e9gibb adatok (1579\u20131687) be\u00edr\u00e1sa ut\u00e1n, az \u00fajabb vagyongyarapod\u00e1sokat az egyh\u00e1zmegyei f\u0151jegyz\u0151k (juratus notarius) vezett\u00e9k be. [&hellip;]<\/p>\n","protected":false},"featured_media":0,"comment_status":"open","ping_status":"closed","template":"","meta":[],"product_brand":[],"product_cat":[137],"product_tag":[],"class_list":{"0":"post-5130","1":"product","2":"type-product","3":"status-publish","5":"product_cat-maros-megyei-eletrajzi-lexikon","7":"first","8":"instock","9":"shipping-taxable","10":"product-type-simple"},"_links":{"self":[{"href":"https:\/\/uj.adatbank.ro\/lexikon\/wp-json\/wp\/v2\/product\/5130","targetHints":{"allow":["GET"]}}],"collection":[{"href":"https:\/\/uj.adatbank.ro\/lexikon\/wp-json\/wp\/v2\/product"}],"about":[{"href":"https:\/\/uj.adatbank.ro\/lexikon\/wp-json\/wp\/v2\/types\/product"}],"replies":[{"embeddable":true,"href":"https:\/\/uj.adatbank.ro\/lexikon\/wp-json\/wp\/v2\/comments?post=5130"}],"wp:attachment":[{"href":"https:\/\/uj.adatbank.ro\/lexikon\/wp-json\/wp\/v2\/media?parent=5130"}],"wp:term":[{"taxonomy":"product_brand","embeddable":true,"href":"https:\/\/uj.adatbank.ro\/lexikon\/wp-json\/wp\/v2\/product_brand?post=5130"},{"taxonomy":"product_cat","embeddable":true,"href":"https:\/\/uj.adatbank.ro\/lexikon\/wp-json\/wp\/v2\/product_cat?post=5130"},{"taxonomy":"product_tag","embeddable":true,"href":"https:\/\/uj.adatbank.ro\/lexikon\/wp-json\/wp\/v2\/product_tag?post=5130"}],"curies":[{"name":"wp","href":"https:\/\/api.w.org\/{rel}","templated":true}]}}