{"id":5136,"date":"2025-06-28T17:04:32","date_gmt":"2025-06-28T15:04:32","guid":{"rendered":"https:\/\/uj.adatbank.ro\/lexikon\/termek\/bolyai-farkas\/"},"modified":"2025-06-28T17:04:32","modified_gmt":"2025-06-28T15:04:32","slug":"bolyai-farkas","status":"publish","type":"product","link":"https:\/\/uj.adatbank.ro\/lexikon\/termek\/bolyai-farkas\/","title":{"rendered":"BOLYAI Farkas"},"content":{"rendered":"<p>Mv., 1870., \u2020 Mv., 1929. j\u00fal. 9.: vend\u00e9gl\u0151s. \u2013 Bolyai D\u00e9nes (1837\u20131913) fia, a nagy matematikus Bolyai J\u00e1nos unok\u00e1ja. Feles\u00e9ge: Ga\u00e1l Anna, gyermekei: Katinka, Annuska, Mariska, Farkas, J\u00e1nos, D\u00e9nes \u00e9s G\u00e1sp\u00e1r. \u2013 Pinc\u00e9r \u00e9s vend\u00e9gl\u0151s Mv.-en. <br \/><strong>Irod.:<\/strong> Ol\u00e1h-G\u00e1l R\u00f3bert kutat\u00e1sa<\/br><\/p>\n","protected":false},"excerpt":{"rendered":"<p>Mv., 1870., \u2020 Mv., 1929. j\u00fal. 9.: vend\u00e9gl\u0151s. \u2013 Bolyai D\u00e9nes (1837\u20131913) fia, a nagy matematikus Bolyai J\u00e1nos unok\u00e1ja. Feles\u00e9ge: Ga\u00e1l Anna, gyermekei: Katinka, Annuska, Mariska, Farkas, J\u00e1nos, D\u00e9nes \u00e9s G\u00e1sp\u00e1r. \u2013 Pinc\u00e9r \u00e9s vend\u00e9gl\u0151s Mv.-en. Irod.: Ol\u00e1h-G\u00e1l R\u00f3bert kutat\u00e1sa<\/p>\n","protected":false},"featured_media":0,"comment_status":"open","ping_status":"closed","template":"","meta":[],"product_brand":[],"product_cat":[137],"product_tag":[],"class_list":{"0":"post-5136","1":"product","2":"type-product","3":"status-publish","5":"product_cat-maros-megyei-eletrajzi-lexikon","7":"first","8":"instock","9":"shipping-taxable","10":"product-type-simple"},"_links":{"self":[{"href":"https:\/\/uj.adatbank.ro\/lexikon\/wp-json\/wp\/v2\/product\/5136","targetHints":{"allow":["GET"]}}],"collection":[{"href":"https:\/\/uj.adatbank.ro\/lexikon\/wp-json\/wp\/v2\/product"}],"about":[{"href":"https:\/\/uj.adatbank.ro\/lexikon\/wp-json\/wp\/v2\/types\/product"}],"replies":[{"embeddable":true,"href":"https:\/\/uj.adatbank.ro\/lexikon\/wp-json\/wp\/v2\/comments?post=5136"}],"wp:attachment":[{"href":"https:\/\/uj.adatbank.ro\/lexikon\/wp-json\/wp\/v2\/media?parent=5136"}],"wp:term":[{"taxonomy":"product_brand","embeddable":true,"href":"https:\/\/uj.adatbank.ro\/lexikon\/wp-json\/wp\/v2\/product_brand?post=5136"},{"taxonomy":"product_cat","embeddable":true,"href":"https:\/\/uj.adatbank.ro\/lexikon\/wp-json\/wp\/v2\/product_cat?post=5136"},{"taxonomy":"product_tag","embeddable":true,"href":"https:\/\/uj.adatbank.ro\/lexikon\/wp-json\/wp\/v2\/product_tag?post=5136"}],"curies":[{"name":"wp","href":"https:\/\/api.w.org\/{rel}","templated":true}]}}