{"id":5137,"date":"2025-06-28T17:04:34","date_gmt":"2025-06-28T15:04:34","guid":{"rendered":"https:\/\/uj.adatbank.ro\/lexikon\/termek\/bolyai-farkas-%c2%a7-bolyai\/"},"modified":"2025-06-28T17:04:34","modified_gmt":"2025-06-28T15:04:34","slug":"bolyai-farkas-%c2%a7-bolyai","status":"publish","type":"product","link":"https:\/\/uj.adatbank.ro\/lexikon\/termek\/bolyai-farkas-%c2%a7-bolyai\/","title":{"rendered":"BOLYAI Farkas, \u00a7 bolyai"},"content":{"rendered":"<p>Bolya, 1775. febr. 9., \u2020 Mv., 1856. nov. 20 s\u00edrja a mv.-i Ref. temet\u0151. s\u00edrk\u0151m\u00fazeum\u00e1ban: tan\u00e1r, matematikus, \u00edr\u00f3. \u2013 B. G\u00e1sp\u00e1r (1732\u20131804) \u00e9s P\u00e1vai Vajna Krisztina (\u2020 1788) fia. Testv\u00e9re: Antal (1778\u20131845). Feles\u00e9ge: 1. \u00c1rkosi Benk\u0151 Zsuzs\u00e1nna (1777\u20131821), esk\u00fcv\u0151 (1801. szept. 28.), fi\u00fak J\u00e1nos (1802\u20131860); 2. Somorjai Nagy Ter\u00e9z (1797\u20131833. \u00e1pr. 2.), gyermekeik: Gergely (1826\u20131890), csecsem\u0151 kor\u00e1ban elhunyt Berta (\u2020). \u2013 Az enyedei koll.-ban tanult, oszt\u00e1lytan\u00edt\u00f3ja Herepei J\u00e1nos volt (1781\u201390), a nyolc\u00e9ves br. Kem\u00e9ny Simon korrepetitora, tanul\u00f3t\u00e1rsa Als\u00f3g\u00e1ldon (1787\u2013). Kv.-on a ref. koll.-ban tanult Kem\u00e9ny Simon bar\u00e1tj\u00e1val egy\u00fctt (1790\u201395), \u00e9retts\u00e9giztek az erd\u00e9lyi di\u00e9ta el\u0151tt (1792. okt. 2. \u20136). Tanulm\u00e1nyaikat J\u00e9n\u00e1ban folytatt\u00e1k (1796. \u00e1pr. \u2013), G\u00f6ttingenben (1796. okt. \u201399. m\u00e1j.) \u00e9s itt ismerkedett meg Gauss-al (1797\u201399). Haza\u00adgyalogolt (1799); Kv.-on nevel\u0151 a Kem\u00e9ny csal\u00e1dn\u00e1l (1799\u20131801). Feles\u00e9g\u00e9vel Dom\u00e1ld az els\u0151 otthonuk, ahol gazd\u00e1lkodott. Kv.-on sz\u00fcletett meg J\u00e1nos fi\u00fak (1802. dec. 15.). Megh\u00edvt\u00e1k a mv.-i Ref. Koll.-ba tan\u00e1rnak (1804. jan. 22. \u2013 nyugd\u00edjaztat\u00e1s\u00e1t k\u00e9rte 1851. okt. 8.), matematik\u00e1t, fizik\u00e1t \u00e9s k\u00e9mi\u00e1t tan\u00edtott. A V\u00e1rtemplom toronygombirat\u00e1ban (1822), mint fizika \u00e9s matematika prof.-t eml\u00edtett\u00e9k. Sz\u00e9les k\u00f6r\u0171 munk\u00e1ss\u00e1ga sor\u00e1n foglalkozott filol\u00f3gi\u00e1val, rajzol\u00e1ssal, orvosl\u00e1ssal \u00e9s zen\u00e9vel, f\u0171t\u0151- \u00e9s f\u0151z\u0151kemenc\u00e9ket rakott, j\u00e1rm\u0171vet szerkesztett, mag\u00e1n\u00f3r\u00e1kat adott, el\u0151ad\u00e1sokat tartott, dr\u00e1m\u00e1kat \u00edrt. A M. Tud\u00f3st\u00e1rsas\u00e1g levelez\u0151tagja lett (1832. m\u00e1rc. 9). Meg\u00edrta \u00f6n\u00e9letrajz\u00e1t (1840); Aritmetik\u00e1j\u00e1t (1843). Volt tan\u00edtv\u00e1nya, Szab\u00f3 J\u00e1nos piktor elk\u00e9sz\u00edtette arck\u00e9p\u00e9t, lerajzolta, olajbafestette (1846). \u00dcdv\u00f6z\u00f6lte a Koll.-ot is megl\u00e1togat\u00f3 Ferenc J\u00f3zsef cs\u00e1sz\u00e1rt (1852. j\u00fal. 31). Kiv\u00e9gezt\u00e9k a sz\u00e9kely v\u00e9rtan\u00fakat, k\u00f6zt\u00fck T\u00f6r\u00f6k J\u00e1nost tan\u00e1rt\u00e1rs\u00e1t \u00e9s bar\u00e1tj\u00e1t (1854. m\u00e1rc. 10). Jelent\u00e9s c.-mel meg\u00edrta saj\u00e1t nekrol\u00f3gj\u00e1t (1855); k\u00f6nyvt\u00e1r\u00e1t a koll.-ra hagyta (1856). Utols\u00f3 napj\u00e1n Vass Tam\u00e1s ref. lelk\u00e9sz volt mellette. Jelen\u00adt\u0151s eredm\u00e9nyeket \u00e9rt el az aritmetika, a geometria, a halmazelm\u00e9let alapjai, a v\u00e9gtelen sorok konvergenci\u00e1ja \u00e9s a v\u00e9gszer\u0171 ter\u00fclet\u00adegyenl\u0151s\u00e9g vizsg\u00e1lat\u00e1ban. A polihisztor \u00e9rdekl\u0151d\u00e9s\u00e9t bizonyitja, hogy m\u00e9g kv.-i di\u00e1kk\u00e9nt fell\u00e9pett a m. t\u00e1rsas\u00e1g n\u00e9h\u00e1ny el\u0151ad\u00e1s\u00e1n (1793). Az \u00d6t szomor\u00fa j\u00e1t\u00e9k c. k\u00f6tet\u00e9t publik\u00e1lta (1817), ezek k\u00f6z\u00fcl h\u00e1rom dr\u00e1m\u00e1val r\u00e9szt vett az Erd\u00e9lyi M\u00fazeum dr\u00e1map\u00e1ly\u00e1zat\u00e1n is. \u00cdrt m\u00e9g dr\u00e1m\u00e1kat: A p\u00e1risi per c. \u00e9rz\u00e9kenyj\u00e1t\u00e9kot, k\u00e9t dr\u00e1m\u00e1ja, a Mohamed \u00e9s a Kem\u00e9ny Simon Kisfaludy K\u00e1roly dr\u00e1ma\u00edr\u00f3i munk\u00e1ss\u00e1g\u00e1ra is hatott. A Pausanias a B\u00e1nk b\u00e1n mellett a legnagyobb dr\u00e1m\u00e1nk ebben a korban. Irodalmilag nagyon \u00e9rt\u00e9kesek levelei. A Teleki T\u00e9ka felbecs\u00fclhetetlen \u00e9rt\u00e9ke a Bolyai M\u00fazeum, \u00e9s a k\u00e9t Bolyai k\u00e9ziratos hagyat\u00e9ka. Mv.-en eml\u00e9k\u00e9t \u0151rzi utcan\u00e9v (a v\u00e1rosi tan\u00e1cs 1882. nov. 24\u201325. hat\u00e1rozata alapj\u00e1n), iskola (az 1716-ban alap\u00edtott Ref. Koll.-ot \u00e1llamos\u00edtott\u00e1k 1948-ban \u00e9s elnevezt\u00e9k Rangetz J\u00f3zsef K\u00f6z\u00e9piskol\u00e1nak 1952-ben), amely a B. F. nev\u00e9t vette fel hal\u00e1l\u00e1nak 100. \u00e9vfordul\u00f3j\u00e1n (1956. nov. 16\u201317., eml\u00e9kt\u00e1bla avat\u00f3 nov. 19.; 1957. szept. 15.), az \u00e9p\u00fcletegy\u00fcttes (Bolyai u. 3.; az iskola \u00e9p\u00fclt 1908; az intern\u00e1tus \u00e9p\u00fclt 1803; az orvosi rendel\u0151 1871). Bolyai Farkas mellszobra a r\u00f3mai egyetemre ker\u00fclt, Ugray Gy\u00f6rgy alkot\u00e1sa (1940). Bordi Andr\u00e1s olajkompoz\u00edci\u00f3ja B. F. \u00e9s fia (1955, ma a B.-m\u00fazeumban); Csorv\u00e1ssy Istv\u00e1n \u00e9s Izs\u00e1k M\u00e1rton A k\u00e9t Bolyai szobr\u00e1nak leleplez\u00e9s\u00e9re az iskola fenn\u00e1ll\u00e1s\u00e1nak 400. \u00e9vfordul\u00f3j\u00e1n ker\u00fclt sor (1957. szept. 7.), \u201eA\u201d kateg\u00f3ri\u00e1j\u00fa m\u0171eml\u00e9k. A Bolyai-Molter h\u00e1z (\u00e9p\u00fclt a 19. sz.; K\u00f6teles S. u. 5. sz.), eml\u00e9kt\u00e1bla jelzi a B. F. lakta h\u00e1z hely\u00e9t, amely \u201eB\u201d kateg\u00f3ri\u00e1j\u00fa m\u0171eml\u00e9k. A B. F. \u00e9s B. J\u00e1nos s\u00edreml\u00e9kek a mv.-i ref. temet\u0151ben (1884, 1894) \u201eA\u201d kateg\u00f3ri\u00e1j\u00fa m\u0171eml\u00e9k. \u00c9let\u00e9t t\u00f6bb m. \u00edr\u00f3 (Barab\u00e1s Gyula, N\u00e9meth L\u00e1szl\u00f3. R\u00f3zsa Mikl\u00f3s, Tab\u00e9ry G\u00e9za) reg\u00e9nyben, ill. dr\u00e1m\u00e1ban dolgozta fel. B. F. eml\u00e9kt\u00e1bla \u00e1ll G\u00f6ttingenben (1993. m\u00e1j. 11.) \u00e9s a Bolyai Farkas l\u00edc.-ban (1995. j\u00fan. 20.); B. F. \u2013 plakett Kolozsv\u00e1ri Pusk\u00e1s S\u00e1ndor alkot\u00e1sa. A Bolyai Farkas l\u00edc. udvar\u00e1n \u00e1ll\u00f3 mellszobra Miholcsa J\u00f3zsef alkot\u00e1sa (2000. szept.). \u2013\u00a0<strong>F. m.:<\/strong> \u00d6t szomor\u00faj\u00e1t\u00e9k (Szeben, 1817); A p\u00e1rizsi per (Mv., 1818); Az Arithmetica eleje (Mv., 1830; r\u00e9szint r\u00f6v\u00edd\u00edtett \u00e9s r\u00e9szint b\u0151v\u00edtett, jobb\u00edtott kiad\u00e1s a szerz\u0151 \u00e1ltal, 1843); Tentamen juventutem studiosam in elementa matheseos purae elementaris ac sublimioris methodo intutiva, evidentiaque huic propria, introducendi, Cum apendice triplici 1\u20132. k\u00f6t. (Mv., 1832\u20131833); Tan- \u00e9s nevel\u00e9s\u00fcgyi elvei (1833); Az arithmetik\u00e1nak, geometri\u00e1nak \u00e9s physik\u00e1nak eleje a mv.-i koll\u00e9giombeli als\u00f3bb tanul\u00f3k sz\u00e1m\u00e1ra 1. k\u00f6t. (Mv., 1834); Maros\u00adsz\u00e9ki lakodalmi szok\u00e1sok (Tudom\u00e1nyt\u00e1r, 1834); Arithmetika eleje kezd\u0151knek (Mv., 1850); \u0170rtan elemei kezd\u0151knek (Mv., 1846, 1850); Kurzer Grundriss eines Versuches die Aritmetik: darzustellen nach einem lateinischen Werk von 1829 (Mv., 1851); Sz\u00edvhangok \u00fcdv\u00f6zlet\u00fcl Ferenc J\u00f3zsef \u0150 cs. k. apostoli fels\u00e9g\u00e9nek (Latin, n\u00e9met \u00e9s m. versek, Mv. 1852. j\u00fal. 31.; Mv., 1852); Jelent\u00e9s (b\u00facs\u00fa \u00e9s v\u00e9grendelt; Mv., 1855\u201356); Tentamen\u2026, 1. 2. (Bp., 1897\u20131904); II. Mohamed (Bp., 1898); Bolyai Farkas \u00e9s Gauss Frigyes K\u00e1roly levelez\u00e9se (Bp., 1899; <strong>n\u00e9met\u00fcl:<\/strong> Leipzig, 1899); B. F. erd\u00e9szeti csonka munk\u00e1ja (Mv., 1911); B. F. erd\u00e9szeti csonka munk\u00e1ja 1820-b\u00f3l (M\u00e1ramaros Sziget., 1911); B. F. geometriai vizsg\u00e1latai (Bp., 1914); Bolyai levelek (szerk. Benk\u0151 Samu; Buk, 1975); F\u00fczetlen orient\u00e1l gy\u00f6ngy\u00f6k: B. F. aforizm\u00e1i (szerk. Kozma B\u00e9la; Mv., 1994); Tan\u00e1r Bolyai Farkas eml\u00e9kk\u00f6nyvi lev\u00e9lk\u00e9i (Karcag, 1996); Testamentum (Karcag, 1996); Dr\u00e1m\u00e1k (Debrecen, 1998); B. F. dr\u00e1m\u00e1i (Mv., 1999); Bolyai \u2013 Levelek (Kv., 2002); A Bolyai-Gauss levelez\u00e9s: a teljes levelez\u00e9s els\u0151 gy\u0171jtem\u00e9nyes kiad\u00e1sa (Bp., 2004); A Bolyai-Gauss levelez\u00e9s (kritikai kiad. Nagy Ferenc gondoz\u00e1s\u00e1ban; Bp., 2007); <strong>antol\u00f3g.:<\/strong> B. F. \u00f6n\u00e9let\u00edr\u00e1sa = Erd\u00e9ly \u00f6r\u00f6ks\u00e9ge, 9.; B. F. \u201eSzem\u00e9szete\u201d = Fodor \u2013T\u00f3falvi; Magyar dr\u00e1ma\u00edr\u00f3k: 19. sz\u00e1zad (Bp., 1984); <strong>ford.:<\/strong> Pope pr\u00f3bat\u00e9tele az emberr\u0151l (<strong><strong>Ford.:<\/strong><\/strong> Pope, Milton, Thomson, Schiller. Mv., 1819). <br \/><strong>Irod.:<\/strong> 200 \u00e9ve sz\u00fcletett B. F. (\u00daj \u00c9let, 3. sz., 1975); Apa \u00e9s fi\u00fa k\u00fczdelme a k\u00f3rokkal: Ol\u00e1h Anna: B. F. gy\u00f3gy\u00e1szati munk\u00e1ss\u00e1ga (Mv., 2005); Apor \u2013 Ol\u00e1h-G\u00e1l; Bak\u00f3 Zolt\u00e1n: T\u00f6bbet tudunk a Bolyaiakr\u00f3l: K\u00e9t jelent\u0151s adal\u00e9kkal j\u00e1rult hozz\u00e1 a Bolyai-kultusz kiteljes\u00edt\u00e9s\u00e9hez Bandi \u00c1rp\u00e1d (V\u00e1s\u00e1rhelyi H\u00edrlap, 2011. febr. 4.); Benk\u0151 Andr\u00e1s: B. F. (M\u0171vel\u0151d\u00e9s, 7. sz., 1971); B. F., 1856\u20131956: Eml\u00e9kk\u00f6nyv B. F. hal\u00e1l\u00e1nak 100. \u00e9vfordul\u00f3ja alkalm\u00e1b\u00f3l (Mv., 1957); B. F. \u00e9s J. kihantol\u00e1si jegyz\u0151k\u00f6nyve (Marosv\u00e1s\u00e1rhely, 1911. j\u00fan. 15.); Barab\u00e1s Gyula: Dom\u00e1ldi jegeny\u00e9k [Reg\u00e9ny a Bolyaiakr\u00f3l] (Bp., 1936); Barab\u00e1s Gyula: K\u00f6d a Maroson (1943); Bed\u0151h\u00e1zi J\u00e1nos: A k\u00e9t Bolyai (Mv., 1897); Benk\u0151 Andr\u00e1s: A Bolyaiak zeneelm\u00e9lete (Buk., 1975); Benk\u0151 Samu: Bolyai-levelek (Buk., 1975); Benk\u0151 Samu: Apa \u00e9s fi\u00fa. B.-tanulm\u00e1nyok (Bp., 1977); Bern\u00e1th; Bolyaiak eml\u00e9kezete = RMIL; Bolyai: Biogr\u00e1fia \u2013 Bibliot\u00e9ka \u2013 Bibliogr\u00e1fia \/ Szerkeszti Nagy Ferenc (Bp., 2000; 2003); B. F. eml\u00e9kk\u00f6v\u00e9nek leleple\u00adz\u00e9se alkalmakor (Orsz\u00e1g-Vil\u00e1g, 1884); B. F., 1856\u20131956.: Eml\u00e9kk\u00f6nyv B. F. hal\u00e1l\u00e1nak 100. \u00e9vfordul\u00f3ja alkalm\u00e1b\u00f3l (Mv., 1957); B. Farkas sz\u00ednm\u0171ve Marosv\u00e1s\u00e1rhelyen = Kuti M\u00e1rta: \u00cdr\u00f3k, relikvi\u00e1k, eml\u00e9kek (Mv., 2021); Bolyaiak nyom\u00e1ban; Bota, Sorina; Bottoni 2008; Brassai S\u00e1muel: Eml\u00e9kbesz\u00e9d B. F. felett (Kv., 1886); Bujdos\u00f3 Ern\u0151: A matematika didakti\u00adk\u00e1ja B. F.-n\u00e1l (Debrecen, 1934); C\u00e2mpan, Florica T.: Bolyai sau aventura geometriilor neeuclidiene (Buc., 1971); Cholnoky Jen\u0151: Nagy tud\u00f3sok (Bp., 1912); Csekme; Czirj\u00e1k \u00c1rp\u00e1d: B. F. \u00e9s a sz\u00ednh\u00e1z (N\u00fa, 2002. aug, 17); D\u00e1vid Lajos: A k\u00e9t B. \u00e9lete \u00e9s munk\u00e1ss\u00e1ga (Bp., 1923; 1979); De\u00e9 Nagy Anik\u00f3: A k\u00e9t B. k\u00f6nyvt\u00e1ra (K\u00f6nyvt\u00e1ri Szemle, 1. sz., 1968; V. Z., 1983. febr. 13.); De\u00e9 Nagy Anik\u00f3: B. F. \u00f6nt\u00f6ttvas k\u00e1lyh\u00e1ja (N\u00fa., 1993. nov. 26.); De\u00e9 Nagy Anik\u00f3: A k\u00f6nyves Mv. (N\u00fa., 1997. j\u00fan. 25.); De\u00e9 Nagy Anik\u00f3 2007; Egy halhatatlan erd\u00e9lyi tud\u00f3s, Bolyai Farkas: Eml\u00e9kk\u00f6tet (\u00d6ssze\u00e1ll\u00edtotta Gazda Istv\u00e1n; Bp., 2003); Erd\u00e9lyi panteon 2.; Er\u0151s v\u00e1runk; Fi\u00fa \u00e9s apa = Son and Father: B. J. \u00e9s B. F. \u00e9let\u00e9b\u0151l f\u00e1ba metszette = From the lives of J. B. and F. B. Woodcuts by Piroska M. Makkai; A k\u00eds\u00e9r\u0151sz\u00f6veget \u00edrta = Written by Weszely Tibor (Bp., 2003); Fodor \u2013T\u00f3falvi; Fr\u00e1ter J\u00e1nosn\u00e9: A B.-gy\u0171jtem\u00e9ny (Bp., 1968); Ga\u00e1l Korn\u00e9lia: Eml\u00e9kezz\u00fcnk r\u00e9giekr\u0151l (V. Z., 1982. okt. 24.); Ga\u00e1l Korn\u00e9lia: F\u00e9nyk\u00e9p a m\u00fazeumi gy\u0171jtem\u00e9nyben (N\u00fa., 1990. j\u00fal. 13.); G\u00e1ldi L\u00e1szl\u00f3: Siebenb\u00fcrgen im Aufbau der ungarischen Kultur (Bp.-Leipzig-Milano, s. a.); Gy\u00e1szjelent\u0151; Hank\u00f3 Vilmos: R\u00e9gi m. tud\u00f3sok, tud\u00f3s eszk\u00f6z\u00f6k \u00e9s tal\u00e1lm\u00e1nyok (Bp., 1901); Hints Elek: \u00c1t\u00f6r\u00f6kl\u00e9s a Bolyaiakn\u00e1l (Bp., 1940); Helikon 1924\u20131944; Id\u0151t\u00e1r 1; Id\u0151t\u00e1r 2; Id\u0151t\u00e1r 4.; K\u00e1d\u00e1r \u2013 P\u00e1l-Antal; K\u00e1d\u00e1r Zsombor: Az erd\u00e9szettudom\u00e1nyok k\u00e1r\u00e1ra, a matematika nagy haszn\u00e1ra = K\u00e1d\u00e1r Zsombor: Sz\u00e9kelyf\u00f6ldi erd\u00e9szeti arck\u00e9pcsarnok (Bp., 1999); Keszeg; Kiss J\u00f3zsef: B. F., a tan\u00e1r (N\u00fa., 1999. febr. 10.); Kov\u00e1cs Kiss Gy\u00f6ngy; Kov\u00e1ts Benedek: B. F. Schiller-ford\u00edt\u00e1sai (P\u00e1sztort\u0171z (1941, 9. sz.); Kozma B\u00e9la: Egyed\u00fcl\u00e1ll\u00f3 felel\u0151ss\u00e9g\u00e9rzettel (N\u00fa., 1994. febr. 9.); Kozma B\u00e9la. A K\u00e9t Bolyai alakja a m. sz\u00e9pirodalomban (Mv., 2007); K\u00f6nyves T\u00f3th K\u00e1lm\u00e1n: B. F., a matematika modern didaktik\u00e1j\u00e1nak el\u0151fut\u00e1ra (Bp., 1959); Krist\u00f3f Gy\u00f6rgy: A k\u00e9t B. alakja sz\u00e9pirodalmunkban (K\u00adv., 1947); Bolyai Farkas sz\u00ednm\u0171ve Mv.-en = Kuti M\u00e1rta: \u00cdr\u00f3k, relikvi\u00e1k, eml\u00e9kek: Essz\u00e9k, publicisztik\u00e1k (Mv., 2021.); Lakatos Istv\u00e1n: A Bolyaiak \u00e9s a zene = Lakatos Istv\u00e1n: Zenet\u00f6rt\u00e9neti \u00edr\u00e1sok (Buk., 1971); Livanova Anna: H\u00e1rom sors (Bp., 1960); M. l\u00e9lek-m. munka \u00edr\u00e1sban \u00e9s k\u00e9pben (Bp., 1943); A MTA \u00fcnnepi \u00fcl\u00e9se B. F. Tentamene \u00e9s B. J\u00e1nos Appendixe megjele\u00adn\u00e9s\u00e9nek centen\u00e1riuma alkalm\u00e1b\u00f3l (Bp., 1933); A m. tudom\u00e1nyos irodalom bibliogr\u00e1fi\u00e1ja 1901\u20131925 ( Bp., 1929\u201336); Magyarok term. tud. \u00e9s technika; Marosi-Helikon; , Marosi-KZST; M\u00e1th\u00e9-Haller; M\u00c9L; MNBK; MNL; MSZL; MTTT; Mv. \u00e9s V\u00e1rtemploma; Mv.-Bal\u00e1s; Nagy Imre: Nemzet \u00e9s egy\u00e9nis\u00e9g (Bp., 1993); Nemes \u00d6d\u00f6n: B. F. (Ed\u00e9lyi \u00c9rtes\u00edt\u0151, 1884); N\u00e9meth L\u00e1szl\u00f3: A k\u00e9t B. (Bp., 1961); N\u00e9methy Endre: B. F. vil\u00e1gn\u00e9zete \u00e9s irodalmi munk\u00e1i (Celld\u00f6m\u00f6lk, 1937); Neumann M\u00e1ria, Sall\u00f3 Ervin Szab\u00f3\u2013K\u00e1llai, Tor\u00f3 Tibor: A semmib\u0151l egy \u00faj vil\u00e1got teremtettem (Temesv\u00e1r, 1974); Ol\u00e1h Anna: B. F. Kemence-tan c\u00edm\u0171 k\u00e9zirat\u00e1nak sz\u00e1z\u00e9ves kalandoz\u00e1sa k\u00f6nyvt\u00e1rak \u00e9s tud\u00f3sok k\u00f6z\u00f6tt (N\u00fa., \u00c9vk., 2010); Ol\u00e1h Anna: B. F. utols\u00f3 napja (N\u00fa., Sz\u00ednes Vil\u00e1g, 2006. nov. 18.; 2006. nov. 25.); Tan\u00edtani kell, de j\u00f3l tan\u00edtani \u2013 mindent\u201d = Iskol\u00e1k, iskolamesterek; Ol\u00e1h Anna: Tan\u00e1r Bolyai Farkas eml\u00e9kk\u00f6nyvi lev\u00e9lk\u00e9i; Ol\u00e1h-G\u00e1l R\u00f3bert: B. F.-nak egy meghi\u00fasult k\u00e9reget\u0151 \u00fatj\u00e1r\u00f3l (N\u00fa., Sz\u00ednes Vil\u00e1g, 2014. szept. 5.); Ol\u00e1h-G\u00e1l R\u00f3bert: Aki B. F.-t testv\u00e9r\u00e9v\u00e9 fogadta (N\u00fa., Sz\u00ednes Vil\u00e1g, 2010. j\u00fal. 17.; j\u00fal. 24.; j\u00fal. 31.; aug. 7.; aug. 14.; aug. 21.; aug. 28.; szept. 4.); Ol\u00e1h-G\u00e1l R\u00f3bert: A Bolyaiak j\u00f6vedelme (M\u0171vel\u0151d\u00e9s, 8. sz., 2010. aug.); Ol\u00e1h-G\u00e1l R\u00f3bert: A nyelv\u00faj\u00edt\u00f3 B. F. (N\u00fa., 2006. aug, 10.; aug. 15.); Ol\u00e1h-G\u00e1l R\u00f3bert: A po\u00e9ta B. F. (N\u00fa., 2006. aug. 4.); Ol\u00e1h-G\u00e1l R\u00f3bert: Gaus \u00e9s az erd\u00e9lyi tud\u00f3sok (N\u00fa., Sz\u00ednes Vil\u00e1g, 2012. szept. 15.); Ol\u00e1h-G\u00e1l R\u00f3bert: Teleki Anna \u00e9s B. F. (N\u00fa., Sz\u00ednes Vil\u00e1g, 2009. j\u00fal. 25.; 2009. aug. 1.); Ol\u00e1h-G\u00e1l 2016; Ol\u00e1h-G\u00e1l R: Bolyai \u2013 somm\u00e1zat; Ol\u00e1h-G\u00e1l R: A Bolyai \u2013 kutat\u00e1s mell\u00e9kterm\u00e9ke: az erd\u00e9lyi erd\u00e9szett\u00f6rt\u00e9net gy\u00f6ngyszeme, (N\u00fa., 2023. j\u00fal. 26.); \u00d6tv\u00f6s J\u00f3zsef: B. F. eml\u00e9kt\u00e1bl\u00e1ja G\u00f6ttingenben (N\u00fa., 1996. j\u00fan. 15.); \u00d6tv\u00f6s J\u00f3zsef: Mv.-i szobrok \u00e9s alkot\u00f3ik: B. F. (\u00daj Kezdet, 3. sz., 2006. m\u00e1rc.); P\u00e1ndi P\u00e1l: \u00daton B. F. dr\u00e1m\u00e1ihoz (Bp., 1989); Pedag\u00f3giai lexikon; Pesty 2014; Profiluri mure\u015fene, 1.; RNL; Rozsondai B\u00e9la-Rozsondai Marianne: A MTA K\u00f6nyvt\u00e1r\u00e1nak Bolyai-honlapja = Mv. t\u00f6rt. 2. \u00e9s K\u00f6nyvek \u00e1ltal \u2026; St\u00e4ckel P\u00e1l: B. F. \u00e9s B. J\u00e1nos geometriai vizsg\u00e1latai, I\u2014II. (Bp., 1914); Stefanie J\u00f3zsef: Kisfaludy K\u00e1roly \u00e9s B. F. (Bp., 1908); Szab\u00f3 P\u00e9ter: Adal\u00e9kok Gauss \u00e9s B. levelez\u00e9s\u00e9hez \u00e9s B. F. \u00e9letrajz\u00e1hoz (Bp., 1907); Szab\u00f3\u2013K\u00e1llai; Szab\u00f3 P\u00e9ter: B. F. t\u00f6rekv\u00e9sei az erd\u00e9szeti p\u00e1ly\u00e1ra (Bp., 1914); Sz\u00e1raz M. Gy.; Sz\u00e9kelys\u00e9g t\u00f6rt.; Sz\u00e9n\u00e1ssy Barna: B. F. infinit\u00e9zim\u00e1lis gondolatai (Debrecen, 1937); Sz\u00e9n\u00e1ssy Barna: B. F. (M\u0171szaki Nagyjaink, VI. Bp., 1986); Szily K\u00e1lm\u00e1n: Adatok B. F. \u00e9letrajz\u00e1hoz (Bp., 1884, 1898); Szinnyei; Szinnyei J.-Sz. J.; Tab\u00e9ry G\u00e9za: Szarvasbika: [reg\u00e9ny] (Bp., 1925); Todea-F\u00fcl\u00f6p-Avram; Tonk S\u00e1ndor: B. F. \u00f6r\u00f6ks\u00e9ge (Korunk, 1975. 1\u20132. sz.); \u00daM\u00c9L; Vajda P\u00e1l R.: M. feltal\u00e1l\u00f3k (Bp., 1943); Valori mure\u015fene de patrimoniu; Vita Zsigmond: B. F. \u00e9s Kem\u00e9ny Simon G\u00f6tting\u00e1ban (\u00daj \u00c9let, 17. sz., 1981); Weszely Tibor: B. F. lak\u00f3h\u00e1za (N\u00fa., 2004. nov. 20.); Weszely T.: B. F. a matematikus (Buk., 1974); Weszely T.: F. B.: Omul \u015fi matematicianul (Buc., 1974); Zenetud. \u00edr\u00e1sok 1998<\/br><\/p>\n","protected":false},"excerpt":{"rendered":"<p>Bolya, 1775. febr. 9., \u2020 Mv., 1856. nov. 20 s\u00edrja a mv.-i Ref. temet\u0151. s\u00edrk\u0151m\u00fazeum\u00e1ban: tan\u00e1r, matematikus, \u00edr\u00f3. \u2013 B. G\u00e1sp\u00e1r (1732\u20131804) \u00e9s P\u00e1vai Vajna Krisztina (\u2020 1788) fia. Testv\u00e9re: Antal (1778\u20131845). Feles\u00e9ge: 1. \u00c1rkosi Benk\u0151 Zsuzs\u00e1nna (1777\u20131821), esk\u00fcv\u0151 (1801. szept. 28.), fi\u00fak J\u00e1nos (1802\u20131860); 2. Somorjai Nagy Ter\u00e9z (1797\u20131833. \u00e1pr. 2.), gyermekeik: Gergely (1826\u20131890), [&hellip;]<\/p>\n","protected":false},"featured_media":0,"comment_status":"open","ping_status":"closed","template":"","meta":[],"product_brand":[],"product_cat":[137],"product_tag":[],"class_list":{"0":"post-5137","1":"product","2":"type-product","3":"status-publish","5":"product_cat-maros-megyei-eletrajzi-lexikon","7":"first","8":"instock","9":"shipping-taxable","10":"product-type-simple"},"_links":{"self":[{"href":"https:\/\/uj.adatbank.ro\/lexikon\/wp-json\/wp\/v2\/product\/5137","targetHints":{"allow":["GET"]}}],"collection":[{"href":"https:\/\/uj.adatbank.ro\/lexikon\/wp-json\/wp\/v2\/product"}],"about":[{"href":"https:\/\/uj.adatbank.ro\/lexikon\/wp-json\/wp\/v2\/types\/product"}],"replies":[{"embeddable":true,"href":"https:\/\/uj.adatbank.ro\/lexikon\/wp-json\/wp\/v2\/comments?post=5137"}],"wp:attachment":[{"href":"https:\/\/uj.adatbank.ro\/lexikon\/wp-json\/wp\/v2\/media?parent=5137"}],"wp:term":[{"taxonomy":"product_brand","embeddable":true,"href":"https:\/\/uj.adatbank.ro\/lexikon\/wp-json\/wp\/v2\/product_brand?post=5137"},{"taxonomy":"product_cat","embeddable":true,"href":"https:\/\/uj.adatbank.ro\/lexikon\/wp-json\/wp\/v2\/product_cat?post=5137"},{"taxonomy":"product_tag","embeddable":true,"href":"https:\/\/uj.adatbank.ro\/lexikon\/wp-json\/wp\/v2\/product_tag?post=5137"}],"curies":[{"name":"wp","href":"https:\/\/api.w.org\/{rel}","templated":true}]}}