{"id":5145,"date":"2025-06-28T17:04:48","date_gmt":"2025-06-28T15:04:48","guid":{"rendered":"https:\/\/uj.adatbank.ro\/lexikon\/termek\/bolytar-k-sandor\/"},"modified":"2025-06-28T17:04:48","modified_gmt":"2025-06-28T15:04:48","slug":"bolytar-k-sandor","status":"publish","type":"product","link":"https:\/\/uj.adatbank.ro\/lexikon\/termek\/bolytar-k-sandor\/","title":{"rendered":"BOLYT\u00c1R K. S\u00e1ndor"},"content":{"rendered":"<p>Bp., 1882., \u2020 ? : k\u00f6rjegyz\u0151. \u2013 Feles\u00e9ge: Zilahi Sebes Ilona. \u2013 Gimn\u00e1ziumi \u00e9retts\u00e9gi ut\u00e1n, k\u00f6zigazgat\u00e1si tanfolyamot v\u00e9gzett. Magyarr\u00e9genben lett aljegyz\u0151, k\u00f6rjegyz\u0151 (1908). K\u00e9nyszernyugd\u00edjazt\u00e1k (1930), Csib\u00e1ban \u00e9ltek nyugd\u00edjask\u00e9nt. <br \/><strong>Irod.:<\/strong> Erd\u00e9lyi v\u00e1rmegy\u00e9k<\/br><\/p>\n","protected":false},"excerpt":{"rendered":"<p>Bp., 1882., \u2020 ? : k\u00f6rjegyz\u0151. \u2013 Feles\u00e9ge: Zilahi Sebes Ilona. \u2013 Gimn\u00e1ziumi \u00e9retts\u00e9gi ut\u00e1n, k\u00f6zigazgat\u00e1si tanfolyamot v\u00e9gzett. Magyarr\u00e9genben lett aljegyz\u0151, k\u00f6rjegyz\u0151 (1908). K\u00e9nyszernyugd\u00edjazt\u00e1k (1930), Csib\u00e1ban \u00e9ltek nyugd\u00edjask\u00e9nt. Irod.: Erd\u00e9lyi v\u00e1rmegy\u00e9k<\/p>\n","protected":false},"featured_media":0,"comment_status":"open","ping_status":"closed","template":"","meta":[],"product_brand":[],"product_cat":[137],"product_tag":[],"class_list":{"0":"post-5145","1":"product","2":"type-product","3":"status-publish","5":"product_cat-maros-megyei-eletrajzi-lexikon","7":"first","8":"instock","9":"shipping-taxable","10":"product-type-simple"},"_links":{"self":[{"href":"https:\/\/uj.adatbank.ro\/lexikon\/wp-json\/wp\/v2\/product\/5145","targetHints":{"allow":["GET"]}}],"collection":[{"href":"https:\/\/uj.adatbank.ro\/lexikon\/wp-json\/wp\/v2\/product"}],"about":[{"href":"https:\/\/uj.adatbank.ro\/lexikon\/wp-json\/wp\/v2\/types\/product"}],"replies":[{"embeddable":true,"href":"https:\/\/uj.adatbank.ro\/lexikon\/wp-json\/wp\/v2\/comments?post=5145"}],"wp:attachment":[{"href":"https:\/\/uj.adatbank.ro\/lexikon\/wp-json\/wp\/v2\/media?parent=5145"}],"wp:term":[{"taxonomy":"product_brand","embeddable":true,"href":"https:\/\/uj.adatbank.ro\/lexikon\/wp-json\/wp\/v2\/product_brand?post=5145"},{"taxonomy":"product_cat","embeddable":true,"href":"https:\/\/uj.adatbank.ro\/lexikon\/wp-json\/wp\/v2\/product_cat?post=5145"},{"taxonomy":"product_tag","embeddable":true,"href":"https:\/\/uj.adatbank.ro\/lexikon\/wp-json\/wp\/v2\/product_tag?post=5145"}],"curies":[{"name":"wp","href":"https:\/\/api.w.org\/{rel}","templated":true}]}}