{"id":5146,"date":"2025-06-28T17:04:50","date_gmt":"2025-06-28T15:04:50","guid":{"rendered":"https:\/\/uj.adatbank.ro\/lexikon\/termek\/bompa-ioan\/"},"modified":"2025-06-28T17:04:50","modified_gmt":"2025-06-28T15:04:50","slug":"bompa-ioan","status":"publish","type":"product","link":"https:\/\/uj.adatbank.ro\/lexikon\/termek\/bompa-ioan\/","title":{"rendered":"BOMPA, Ioan"},"content":{"rendered":"<p>? \u2020\u00a0? : f\u00f6ldbirtokos? \u2013 L\u00e9trehozta L\u00f6v\u00e9ren a Bompa \u00e9s feles\u00e9ge Alap\u00edtv\u00e1nyt, amely p\u00e9nzzel t\u00e1mogatta a szeg\u00e9ny sors\u00fa, de tanulni v\u00e1gy\u00f3 falubeli fiatalokat. Alapt\u0151k\u00e9je 200 korona volt, egy bizotts\u00e1g vezette, amely a falu taner\u0151ib\u0151l, papjaib\u00f3l \u00e9s el\u00f6lj\u00e1r\u00f3ib\u00f3l ker\u00fclt ki (1908\u201325). <br \/><strong>Irod.:<\/strong> Lueriu<\/br><\/p>\n","protected":false},"excerpt":{"rendered":"<p>? \u2020\u00a0? : f\u00f6ldbirtokos? \u2013 L\u00e9trehozta L\u00f6v\u00e9ren a Bompa \u00e9s feles\u00e9ge Alap\u00edtv\u00e1nyt, amely p\u00e9nzzel t\u00e1mogatta a szeg\u00e9ny sors\u00fa, de tanulni v\u00e1gy\u00f3 falubeli fiatalokat. Alapt\u0151k\u00e9je 200 korona volt, egy bizotts\u00e1g vezette, amely a falu taner\u0151ib\u0151l, papjaib\u00f3l \u00e9s el\u00f6lj\u00e1r\u00f3ib\u00f3l ker\u00fclt ki (1908\u201325). Irod.: Lueriu<\/p>\n","protected":false},"featured_media":0,"comment_status":"open","ping_status":"closed","template":"","meta":[],"product_brand":[],"product_cat":[137],"product_tag":[],"class_list":{"0":"post-5146","1":"product","2":"type-product","3":"status-publish","5":"product_cat-maros-megyei-eletrajzi-lexikon","7":"first","8":"instock","9":"shipping-taxable","10":"product-type-simple"},"_links":{"self":[{"href":"https:\/\/uj.adatbank.ro\/lexikon\/wp-json\/wp\/v2\/product\/5146","targetHints":{"allow":["GET"]}}],"collection":[{"href":"https:\/\/uj.adatbank.ro\/lexikon\/wp-json\/wp\/v2\/product"}],"about":[{"href":"https:\/\/uj.adatbank.ro\/lexikon\/wp-json\/wp\/v2\/types\/product"}],"replies":[{"embeddable":true,"href":"https:\/\/uj.adatbank.ro\/lexikon\/wp-json\/wp\/v2\/comments?post=5146"}],"wp:attachment":[{"href":"https:\/\/uj.adatbank.ro\/lexikon\/wp-json\/wp\/v2\/media?parent=5146"}],"wp:term":[{"taxonomy":"product_brand","embeddable":true,"href":"https:\/\/uj.adatbank.ro\/lexikon\/wp-json\/wp\/v2\/product_brand?post=5146"},{"taxonomy":"product_cat","embeddable":true,"href":"https:\/\/uj.adatbank.ro\/lexikon\/wp-json\/wp\/v2\/product_cat?post=5146"},{"taxonomy":"product_tag","embeddable":true,"href":"https:\/\/uj.adatbank.ro\/lexikon\/wp-json\/wp\/v2\/product_tag?post=5146"}],"curies":[{"name":"wp","href":"https:\/\/api.w.org\/{rel}","templated":true}]}}