{"id":5147,"date":"2025-06-28T17:04:53","date_gmt":"2025-06-28T15:04:53","guid":{"rendered":"https:\/\/uj.adatbank.ro\/lexikon\/termek\/boncz-gyula\/"},"modified":"2025-06-28T17:04:53","modified_gmt":"2025-06-28T15:04:53","slug":"boncz-gyula","status":"publish","type":"product","link":"https:\/\/uj.adatbank.ro\/lexikon\/termek\/boncz-gyula\/","title":{"rendered":"BONCZ Gyula"},"content":{"rendered":"<p>Mv., 1880., \u2020\u00a0? : \u00fcgyv\u00e9d. \u2013 K\u00f6z\u00e9piskol\u00e1it Nagyszebenben, az egyetemet Kv.-on v\u00e9gezte. Jog- \u00e9s \u00e1llamtudom\u00e1nyi doktor (1907), \u00fcgyv\u00e9di vizsg\u00e1t tett Mv.-en (1909). Tanulm\u00e1nyai befejez\u00e9se ut\u00e1n Nagyszebenben \u00fcgyv\u00e9djel\u00f6lt majd a h\u00e1bor\u00fa ut\u00e1n Mv.-en irod\u00e1t nyitott. Az \u00fcgyv\u00e9di kamara \u00e9s t\u00f6bb t\u00e1rsadalmi \u00e9s kultur\u00e1lis egyes\u00fclet m\u0171k\u00f6d\u00e9s\u00e9ben vett r\u00e9szt. <br \/><strong>Irod.:<\/strong> Almanah Tg. M.; Ki kicsoda\u00a0?<\/br><\/p>\n","protected":false},"excerpt":{"rendered":"<p>Mv., 1880., \u2020\u00a0? : \u00fcgyv\u00e9d. \u2013 K\u00f6z\u00e9piskol\u00e1it Nagyszebenben, az egyetemet Kv.-on v\u00e9gezte. Jog- \u00e9s \u00e1llamtudom\u00e1nyi doktor (1907), \u00fcgyv\u00e9di vizsg\u00e1t tett Mv.-en (1909). Tanulm\u00e1nyai befejez\u00e9se ut\u00e1n Nagyszebenben \u00fcgyv\u00e9djel\u00f6lt majd a h\u00e1bor\u00fa ut\u00e1n Mv.-en irod\u00e1t nyitott. Az \u00fcgyv\u00e9di kamara \u00e9s t\u00f6bb t\u00e1rsadalmi \u00e9s kultur\u00e1lis egyes\u00fclet m\u0171k\u00f6d\u00e9s\u00e9ben vett r\u00e9szt. Irod.: Almanah Tg. M.; Ki kicsoda\u00a0?<\/p>\n","protected":false},"featured_media":0,"comment_status":"open","ping_status":"closed","template":"","meta":[],"product_brand":[],"product_cat":[137],"product_tag":[],"class_list":{"0":"post-5147","1":"product","2":"type-product","3":"status-publish","5":"product_cat-maros-megyei-eletrajzi-lexikon","7":"first","8":"instock","9":"shipping-taxable","10":"product-type-simple"},"_links":{"self":[{"href":"https:\/\/uj.adatbank.ro\/lexikon\/wp-json\/wp\/v2\/product\/5147","targetHints":{"allow":["GET"]}}],"collection":[{"href":"https:\/\/uj.adatbank.ro\/lexikon\/wp-json\/wp\/v2\/product"}],"about":[{"href":"https:\/\/uj.adatbank.ro\/lexikon\/wp-json\/wp\/v2\/types\/product"}],"replies":[{"embeddable":true,"href":"https:\/\/uj.adatbank.ro\/lexikon\/wp-json\/wp\/v2\/comments?post=5147"}],"wp:attachment":[{"href":"https:\/\/uj.adatbank.ro\/lexikon\/wp-json\/wp\/v2\/media?parent=5147"}],"wp:term":[{"taxonomy":"product_brand","embeddable":true,"href":"https:\/\/uj.adatbank.ro\/lexikon\/wp-json\/wp\/v2\/product_brand?post=5147"},{"taxonomy":"product_cat","embeddable":true,"href":"https:\/\/uj.adatbank.ro\/lexikon\/wp-json\/wp\/v2\/product_cat?post=5147"},{"taxonomy":"product_tag","embeddable":true,"href":"https:\/\/uj.adatbank.ro\/lexikon\/wp-json\/wp\/v2\/product_tag?post=5147"}],"curies":[{"name":"wp","href":"https:\/\/api.w.org\/{rel}","templated":true}]}}