{"id":5153,"date":"2025-06-28T17:05:11","date_gmt":"2025-06-28T15:05:11","guid":{"rendered":"https:\/\/uj.adatbank.ro\/lexikon\/termek\/bonefili-p\/"},"modified":"2025-06-28T17:05:11","modified_gmt":"2025-06-28T15:05:11","slug":"bonefili-p","status":"publish","type":"product","link":"https:\/\/uj.adatbank.ro\/lexikon\/termek\/bonefili-p\/","title":{"rendered":"BONEFILI P."},"content":{"rendered":"<p>? \u2020 ? : p\u00e1los szerzetes, prior. \u2013 A Marosszentkir\u00e1lyi P\u00e1los kolostor priorja (1471), amikor Toldalaghi Andr\u00e1s a szerzetes rendnek aj\u00e1nd\u00e9kozta Toldalag helys\u00e9gben lev\u0151 birtok\u00e1t. <br \/><strong>Irod.:<\/strong> Kr\u00f3n. F\u00fcz. (1936. 17\/18)<\/br><\/p>\n","protected":false},"excerpt":{"rendered":"<p>? \u2020 ? : p\u00e1los szerzetes, prior. \u2013 A Marosszentkir\u00e1lyi P\u00e1los kolostor priorja (1471), amikor Toldalaghi Andr\u00e1s a szerzetes rendnek aj\u00e1nd\u00e9kozta Toldalag helys\u00e9gben lev\u0151 birtok\u00e1t. Irod.: Kr\u00f3n. F\u00fcz. (1936. 17\/18)<\/p>\n","protected":false},"featured_media":0,"comment_status":"open","ping_status":"closed","template":"","meta":[],"product_brand":[],"product_cat":[137],"product_tag":[],"class_list":{"0":"post-5153","1":"product","2":"type-product","3":"status-publish","5":"product_cat-maros-megyei-eletrajzi-lexikon","7":"first","8":"instock","9":"shipping-taxable","10":"product-type-simple"},"_links":{"self":[{"href":"https:\/\/uj.adatbank.ro\/lexikon\/wp-json\/wp\/v2\/product\/5153","targetHints":{"allow":["GET"]}}],"collection":[{"href":"https:\/\/uj.adatbank.ro\/lexikon\/wp-json\/wp\/v2\/product"}],"about":[{"href":"https:\/\/uj.adatbank.ro\/lexikon\/wp-json\/wp\/v2\/types\/product"}],"replies":[{"embeddable":true,"href":"https:\/\/uj.adatbank.ro\/lexikon\/wp-json\/wp\/v2\/comments?post=5153"}],"wp:attachment":[{"href":"https:\/\/uj.adatbank.ro\/lexikon\/wp-json\/wp\/v2\/media?parent=5153"}],"wp:term":[{"taxonomy":"product_brand","embeddable":true,"href":"https:\/\/uj.adatbank.ro\/lexikon\/wp-json\/wp\/v2\/product_brand?post=5153"},{"taxonomy":"product_cat","embeddable":true,"href":"https:\/\/uj.adatbank.ro\/lexikon\/wp-json\/wp\/v2\/product_cat?post=5153"},{"taxonomy":"product_tag","embeddable":true,"href":"https:\/\/uj.adatbank.ro\/lexikon\/wp-json\/wp\/v2\/product_tag?post=5153"}],"curies":[{"name":"wp","href":"https:\/\/api.w.org\/{rel}","templated":true}]}}