{"id":5154,"date":"2025-06-28T17:05:12","date_gmt":"2025-06-28T15:05:12","guid":{"rendered":"https:\/\/uj.adatbank.ro\/lexikon\/termek\/bonfinius-octav\/"},"modified":"2025-06-28T17:05:12","modified_gmt":"2025-06-28T15:05:12","slug":"bonfinius-octav","status":"publish","type":"product","link":"https:\/\/uj.adatbank.ro\/lexikon\/termek\/bonfinius-octav\/","title":{"rendered":"BONFINIUS, Octav"},"content":{"rendered":"<p>Somostelke, 1856. m\u00e1rc. 21., \u2020 ? : g. kat. lelk\u00e9sz, tan\u00e1r. \u2013 Bal\u00e1zsfalv\u00e1n tanult, teol\u00f3gi\u00e1t Bp.-en v\u00e9gzett (1876\u20131879), irodalmi \u00e9s filoz\u00f3fiai tan\u00e1ri oklevelet is szerzett Bp.-en (1889. m\u00e1j. 28.). <br \/><strong>Irod.:<\/strong> Sigmirean<\/br><\/p>\n","protected":false},"excerpt":{"rendered":"<p>Somostelke, 1856. m\u00e1rc. 21., \u2020 ? : g. kat. lelk\u00e9sz, tan\u00e1r. \u2013 Bal\u00e1zsfalv\u00e1n tanult, teol\u00f3gi\u00e1t Bp.-en v\u00e9gzett (1876\u20131879), irodalmi \u00e9s filoz\u00f3fiai tan\u00e1ri oklevelet is szerzett Bp.-en (1889. m\u00e1j. 28.). Irod.: Sigmirean<\/p>\n","protected":false},"featured_media":0,"comment_status":"open","ping_status":"closed","template":"","meta":[],"product_brand":[],"product_cat":[137],"product_tag":[],"class_list":{"0":"post-5154","1":"product","2":"type-product","3":"status-publish","5":"product_cat-maros-megyei-eletrajzi-lexikon","7":"first","8":"instock","9":"shipping-taxable","10":"product-type-simple"},"_links":{"self":[{"href":"https:\/\/uj.adatbank.ro\/lexikon\/wp-json\/wp\/v2\/product\/5154","targetHints":{"allow":["GET"]}}],"collection":[{"href":"https:\/\/uj.adatbank.ro\/lexikon\/wp-json\/wp\/v2\/product"}],"about":[{"href":"https:\/\/uj.adatbank.ro\/lexikon\/wp-json\/wp\/v2\/types\/product"}],"replies":[{"embeddable":true,"href":"https:\/\/uj.adatbank.ro\/lexikon\/wp-json\/wp\/v2\/comments?post=5154"}],"wp:attachment":[{"href":"https:\/\/uj.adatbank.ro\/lexikon\/wp-json\/wp\/v2\/media?parent=5154"}],"wp:term":[{"taxonomy":"product_brand","embeddable":true,"href":"https:\/\/uj.adatbank.ro\/lexikon\/wp-json\/wp\/v2\/product_brand?post=5154"},{"taxonomy":"product_cat","embeddable":true,"href":"https:\/\/uj.adatbank.ro\/lexikon\/wp-json\/wp\/v2\/product_cat?post=5154"},{"taxonomy":"product_tag","embeddable":true,"href":"https:\/\/uj.adatbank.ro\/lexikon\/wp-json\/wp\/v2\/product_tag?post=5154"}],"curies":[{"name":"wp","href":"https:\/\/api.w.org\/{rel}","templated":true}]}}