{"id":5156,"date":"2025-06-28T17:05:17","date_gmt":"2025-06-28T15:05:17","guid":{"rendered":"https:\/\/uj.adatbank.ro\/lexikon\/termek\/boni-d-ferenc\/"},"modified":"2025-06-28T17:05:17","modified_gmt":"2025-06-28T15:05:17","slug":"boni-d-ferenc","status":"publish","type":"product","link":"https:\/\/uj.adatbank.ro\/lexikon\/termek\/boni-d-ferenc\/","title":{"rendered":"BONI D. Ferenc"},"content":{"rendered":"<p>Marosszentgy\u00f6rgy, 1925. m\u00e1rc. 19., \u2020 ? : m\u0171kedvel\u0151. \u2013 Elemi iskol\u00e1t a sz\u00fcl\u0151faluj\u00e1ban a r. k. iskol\u00e1ban v\u00e9gzett (1932\u201341). M\u00e1r tanul\u00f3 kor\u00e1ban szerepelt a S\u00e1ska Krist\u00f3f \u00e9s le\u00e1nya, Ir\u00e9n, tan\u00edt\u00f3k \u00e1ltal szervezett m\u0171v\u00e9szi m\u0171sorokban, amelyeket nemzeti \u00e9s m\u00e1s \u00fcnnepek alkalm\u00e1val mutattak be az iskola sz\u00ednpad\u00e1n. Feln\u0151ttk\u00e9nt is gyakran j\u00e1tszott sz\u00edndarabokban. <br \/><strong>Irod.:<\/strong> Opri\u015f 2001<\/br><\/p>\n","protected":false},"excerpt":{"rendered":"<p>Marosszentgy\u00f6rgy, 1925. m\u00e1rc. 19., \u2020 ? : m\u0171kedvel\u0151. \u2013 Elemi iskol\u00e1t a sz\u00fcl\u0151faluj\u00e1ban a r. k. iskol\u00e1ban v\u00e9gzett (1932\u201341). M\u00e1r tanul\u00f3 kor\u00e1ban szerepelt a S\u00e1ska Krist\u00f3f \u00e9s le\u00e1nya, Ir\u00e9n, tan\u00edt\u00f3k \u00e1ltal szervezett m\u0171v\u00e9szi m\u0171sorokban, amelyeket nemzeti \u00e9s m\u00e1s \u00fcnnepek alkalm\u00e1val mutattak be az iskola sz\u00ednpad\u00e1n. Feln\u0151ttk\u00e9nt is gyakran j\u00e1tszott sz\u00edndarabokban. Irod.: Opri\u015f 2001<\/p>\n","protected":false},"featured_media":0,"comment_status":"open","ping_status":"closed","template":"","meta":[],"product_brand":[],"product_cat":[137],"product_tag":[],"class_list":{"0":"post-5156","1":"product","2":"type-product","3":"status-publish","5":"product_cat-maros-megyei-eletrajzi-lexikon","7":"first","8":"instock","9":"shipping-taxable","10":"product-type-simple"},"_links":{"self":[{"href":"https:\/\/uj.adatbank.ro\/lexikon\/wp-json\/wp\/v2\/product\/5156","targetHints":{"allow":["GET"]}}],"collection":[{"href":"https:\/\/uj.adatbank.ro\/lexikon\/wp-json\/wp\/v2\/product"}],"about":[{"href":"https:\/\/uj.adatbank.ro\/lexikon\/wp-json\/wp\/v2\/types\/product"}],"replies":[{"embeddable":true,"href":"https:\/\/uj.adatbank.ro\/lexikon\/wp-json\/wp\/v2\/comments?post=5156"}],"wp:attachment":[{"href":"https:\/\/uj.adatbank.ro\/lexikon\/wp-json\/wp\/v2\/media?parent=5156"}],"wp:term":[{"taxonomy":"product_brand","embeddable":true,"href":"https:\/\/uj.adatbank.ro\/lexikon\/wp-json\/wp\/v2\/product_brand?post=5156"},{"taxonomy":"product_cat","embeddable":true,"href":"https:\/\/uj.adatbank.ro\/lexikon\/wp-json\/wp\/v2\/product_cat?post=5156"},{"taxonomy":"product_tag","embeddable":true,"href":"https:\/\/uj.adatbank.ro\/lexikon\/wp-json\/wp\/v2\/product_tag?post=5156"}],"curies":[{"name":"wp","href":"https:\/\/api.w.org\/{rel}","templated":true}]}}