{"id":5164,"date":"2025-06-28T17:05:34","date_gmt":"2025-06-28T15:05:34","guid":{"rendered":"https:\/\/uj.adatbank.ro\/lexikon\/termek\/bonyhai-simon-gyorgy-simon-gyorgy-bonyhai\/"},"modified":"2025-06-28T17:05:34","modified_gmt":"2025-06-28T15:05:34","slug":"bonyhai-simon-gyorgy-simon-gyorgy-bonyhai","status":"publish","type":"product","link":"https:\/\/uj.adatbank.ro\/lexikon\/termek\/bonyhai-simon-gyorgy-simon-gyorgy-bonyhai\/","title":{"rendered":"BONYHAI Simon Gy\u00f6rgy, Simon Gy\u00f6rgy, bonyhai"},"content":{"rendered":"<p>Bonyha, 1673., \u2020 Mv., 1737. szept. 13 s\u00edrja a mv.-i Ref. temet\u0151 S\u00edrk\u0151m\u00fazeum\u00e1ban: ref. lelk\u00e9sz, p\u00fcsp\u00f6k. \u2013 Apja Simon J\u00e1nos, Aranka Gy\u00f6rgy anyai nagyapja. Ap\u00f3sa volt Z\u00e1goni Aranka Gy\u00f6rgy p\u00fcsp\u00f6knek. \u2013 Bethlen Elek tan\u00edtatta, mint volt jobb\u00e1gy\u00e1t. A kv.-i (1683\u2013), nagyenyedi (1688\u2013) koll.-ban tanult. K\u00f6ztan\u00edt\u00f3, contrascriba s v\u00e9g\u00fcl senior is volt Nagyenyeden, rektor lett Fogarason. Az oderafrankfurti (1699\u2013), az utrechti (1701), a franekeri (1701) \u00e9s a hallei (1701) egyetemen tanult. Londonban, Oxfordon, N\u00e9metalf\u00f6ld\u00f6n \u00e9s t\u00f6bb n\u00e9met \u00e1llamban j\u00e1rt tanulm\u00e1ny\u00faton (1701- 02). Hazat\u00e9rve Bethlen Mikl\u00f3s udvari lelk\u00e9sze lett (1703\u2013), Nagyszebenben (1707\u2013), K\u00fck\u00fcll\u0151v\u00e1rt (1709. j\u00fan. \u2013) lelk\u00e9sz, a k\u00fck\u00fcll\u0151i egyh\u00e1zmegye esperese (1712\u201337); az erd\u00e9lyi egyh\u00e1zker\u00fclet gener\u00e1lis not\u00e1rius (1726\u2013), p\u00fcsp\u00f6ke (1728\u2013), de k\u00fck\u00fcll\u0151i esperesi hivatal\u00e1t p\u00fcsp\u00f6ks\u00e9ge mellett is megtartotta. Lelk\u00e9sz Nagyenyeden (1728), majd Mv.-en lelk\u00e9sz, els\u0151 pap hal\u00e1l\u00e1ig (1729\u201337). Nyomtat\u00e1sban n\u00e9h\u00e1ny gy\u00e1szbesz\u00e9de jelent meg. Gy\u00e1szverset \u00edrt P\u00e1pai P\u00e1riz Ferenc hal\u00e1l\u00e1ra (1717). A hagym\u00e1sbodoni udvarh\u00e1z\u00e1t a falu ref. egyh\u00e1zk\u00f6zs\u00e9g\u00e9nek adom\u00e1nyozta. \u2013 <strong>F. m.:<\/strong> Justissima adorea piis manibus dni Franc. Paris-Papai. (Claudipoli, 1717); H\u00e1zi kereszt, gr. L\u00e1z\u00e1r M\u00e1ria, gr. Bethlen S\u00e1muel \u00e9lete p\u00e1rj\u00e1nak hal\u00e1l\u00e1ra mondott besz\u00e9d (Kv., 1732); Kegyes ember nyeres\u00e9ge: Halotti besz\u00e9d br. Wessel\u00e9nyi Istv\u00e1n neje losonczi gr. B\u00e1nffy Kata felett (Kv., 1734); Oratio funebris (Kv., 1734.); Igaz\u00e1n vit\u00e9zked\u0151 \u00e9s tusakod\u00f3 kereszt\u00e9ny l\u00e9leknek koron\u00e1ja: Halotti besz\u00e9d gr. Gyulai Ferenc felett 1730. j\u00fal. 23-\u00e1n. (Kv., 1743). <br \/><strong>Irod.:<\/strong> Benk\u0151 Ferenc: Halotti pr\u00e9dik\u00e1ci\u00f3 B. S. Gy. felett 1737-ben (Kv., 1738); Bod P\u00e9ter: Smirnai Szent Polik\u00e1rpus (Nagyenyed, 1766); Cs\u00e1ky\u00ad\u00ad; Farcz\u00e1dy; Halotti besz\u00e9dek; Id\u0151t\u00e1r 1; Kapronczai Gy\u00f6rgy: Halotti pr\u00e9dik\u00e1ci\u00f3 B. S. Gy. felett 1737. szept. 19. (Kv., 1738); Keresztes Gyula: \u00d6r\u00f6ks\u00e9g\u00fcnk 70.: Udvarh\u00e1zak Mv.-t\u0151l d\u00e9lre (N\u00fa., 1995. jan. 7.); Kov\u00e1sznai; Kr\u00f3n. F\u00fcz. (1939. 4\/4); K\u00fck\u00fcll\u0151i Ref. Egyh\u00e1zm. 1., 3.; MAM\u0170L; Marossz\u00e9ki kr\u00f3nik\u00e1k 1.; A mv.-i ref. egyh\u00e1z (1727\u2013) anyak\u00f6nyve [k\u00e9zirat]; ; Mv.-i ref. temet\u0151; MNL; P\u00e1l-Antal 2009; P\u00e1lmay J\u00f3zsef; Szinnyei; T\u00f3th Istv\u00e1n: Mv. irodalmi \u00e9let\u00e9r\u0151l (N\u00fa., M\u00fazsa, 468 sz., 2000. okt. 28), \u00daM\u00c9L; \u00daMIL; V\u00e1rtemplomi lelk\u00e9szek n\u00e9vsora, 1571\u20132000 (\u00daj Kezdet, 2. sz., 2000); Zov\u00e1nyi<\/br><\/p>\n","protected":false},"excerpt":{"rendered":"<p>Bonyha, 1673., \u2020 Mv., 1737. szept. 13 s\u00edrja a mv.-i Ref. temet\u0151 S\u00edrk\u0151m\u00fazeum\u00e1ban: ref. lelk\u00e9sz, p\u00fcsp\u00f6k. \u2013 Apja Simon J\u00e1nos, Aranka Gy\u00f6rgy anyai nagyapja. Ap\u00f3sa volt Z\u00e1goni Aranka Gy\u00f6rgy p\u00fcsp\u00f6knek. \u2013 Bethlen Elek tan\u00edtatta, mint volt jobb\u00e1gy\u00e1t. A kv.-i (1683\u2013), nagyenyedi (1688\u2013) koll.-ban tanult. K\u00f6ztan\u00edt\u00f3, contrascriba s v\u00e9g\u00fcl senior is volt Nagyenyeden, rektor lett Fogarason. [&hellip;]<\/p>\n","protected":false},"featured_media":0,"comment_status":"open","ping_status":"closed","template":"","meta":[],"product_brand":[],"product_cat":[137],"product_tag":[],"class_list":{"0":"post-5164","1":"product","2":"type-product","3":"status-publish","5":"product_cat-maros-megyei-eletrajzi-lexikon","7":"first","8":"instock","9":"shipping-taxable","10":"product-type-simple"},"_links":{"self":[{"href":"https:\/\/uj.adatbank.ro\/lexikon\/wp-json\/wp\/v2\/product\/5164","targetHints":{"allow":["GET"]}}],"collection":[{"href":"https:\/\/uj.adatbank.ro\/lexikon\/wp-json\/wp\/v2\/product"}],"about":[{"href":"https:\/\/uj.adatbank.ro\/lexikon\/wp-json\/wp\/v2\/types\/product"}],"replies":[{"embeddable":true,"href":"https:\/\/uj.adatbank.ro\/lexikon\/wp-json\/wp\/v2\/comments?post=5164"}],"wp:attachment":[{"href":"https:\/\/uj.adatbank.ro\/lexikon\/wp-json\/wp\/v2\/media?parent=5164"}],"wp:term":[{"taxonomy":"product_brand","embeddable":true,"href":"https:\/\/uj.adatbank.ro\/lexikon\/wp-json\/wp\/v2\/product_brand?post=5164"},{"taxonomy":"product_cat","embeddable":true,"href":"https:\/\/uj.adatbank.ro\/lexikon\/wp-json\/wp\/v2\/product_cat?post=5164"},{"taxonomy":"product_tag","embeddable":true,"href":"https:\/\/uj.adatbank.ro\/lexikon\/wp-json\/wp\/v2\/product_tag?post=5164"}],"curies":[{"name":"wp","href":"https:\/\/api.w.org\/{rel}","templated":true}]}}