{"id":5165,"date":"2025-06-28T17:05:36","date_gmt":"2025-06-28T15:05:36","guid":{"rendered":"https:\/\/uj.adatbank.ro\/lexikon\/termek\/boor-jeno\/"},"modified":"2025-06-28T17:05:36","modified_gmt":"2025-06-28T15:05:36","slug":"boor-jeno","status":"publish","type":"product","link":"https:\/\/uj.adatbank.ro\/lexikon\/termek\/boor-jeno\/","title":{"rendered":"BO\u00d3R Jen\u0151"},"content":{"rendered":"<p>? \u2020\u00a0? : unit. pap. \u2013 Szentkir\u00e1lyon volt lelk\u00e9sz, \u0151 alap\u00edtotta meg a nagyernyei unit. egyh\u00e1zk\u00f6zs\u00e9get, elhat\u00e1rozta, hogy templomot \u00e9p\u00edttet. \u2013 <strong>F. m.:<\/strong> <strong>t\u00e1rssz.:<\/strong> Az isteni gondvisel\u00e9s jelei \u00e9s cz\u00e9ljai a m- nemzet honfoglal\u00e1s\u00e1ban; A nemes jellemr\u0151l (R\u00e9diger G\u00e9za \u00e9s B. J.; Mv., 1902). <br \/><strong>Irod.:<\/strong> A Magyaro.-i Unit. Egyh\u00e1z F\u0151tan\u00e1cs\u00e1nak 1912 \u00e9vi okt. 27\u201329 napjain Kv.-on tartott gy\u0171l\u00e9s\u00e9nek jegyz\u0151k\u00f6nyve (Kv., 1912); Kelemen Imre; Nemes Gyula\u00a0: A nagyernyei unit\u00e1rius templom 93 \u00e9ves (N\u00fa., 2003. dec. 9.)<\/br><\/p>\n","protected":false},"excerpt":{"rendered":"<p>? \u2020\u00a0? : unit. pap. \u2013 Szentkir\u00e1lyon volt lelk\u00e9sz, \u0151 alap\u00edtotta meg a nagyernyei unit. egyh\u00e1zk\u00f6zs\u00e9get, elhat\u00e1rozta, hogy templomot \u00e9p\u00edttet. \u2013 F. m.: t\u00e1rssz.: Az isteni gondvisel\u00e9s jelei \u00e9s cz\u00e9ljai a m- nemzet honfoglal\u00e1s\u00e1ban; A nemes jellemr\u0151l (R\u00e9diger G\u00e9za \u00e9s B. J.; Mv., 1902). Irod.: A Magyaro.-i Unit. Egyh\u00e1z F\u0151tan\u00e1cs\u00e1nak 1912 \u00e9vi okt. 27\u201329 napjain [&hellip;]<\/p>\n","protected":false},"featured_media":0,"comment_status":"open","ping_status":"closed","template":"","meta":[],"product_brand":[],"product_cat":[137],"product_tag":[],"class_list":{"0":"post-5165","1":"product","2":"type-product","3":"status-publish","5":"product_cat-maros-megyei-eletrajzi-lexikon","7":"first","8":"instock","9":"shipping-taxable","10":"product-type-simple"},"_links":{"self":[{"href":"https:\/\/uj.adatbank.ro\/lexikon\/wp-json\/wp\/v2\/product\/5165","targetHints":{"allow":["GET"]}}],"collection":[{"href":"https:\/\/uj.adatbank.ro\/lexikon\/wp-json\/wp\/v2\/product"}],"about":[{"href":"https:\/\/uj.adatbank.ro\/lexikon\/wp-json\/wp\/v2\/types\/product"}],"replies":[{"embeddable":true,"href":"https:\/\/uj.adatbank.ro\/lexikon\/wp-json\/wp\/v2\/comments?post=5165"}],"wp:attachment":[{"href":"https:\/\/uj.adatbank.ro\/lexikon\/wp-json\/wp\/v2\/media?parent=5165"}],"wp:term":[{"taxonomy":"product_brand","embeddable":true,"href":"https:\/\/uj.adatbank.ro\/lexikon\/wp-json\/wp\/v2\/product_brand?post=5165"},{"taxonomy":"product_cat","embeddable":true,"href":"https:\/\/uj.adatbank.ro\/lexikon\/wp-json\/wp\/v2\/product_cat?post=5165"},{"taxonomy":"product_tag","embeddable":true,"href":"https:\/\/uj.adatbank.ro\/lexikon\/wp-json\/wp\/v2\/product_tag?post=5165"}],"curies":[{"name":"wp","href":"https:\/\/api.w.org\/{rel}","templated":true}]}}