{"id":5168,"date":"2025-06-28T17:05:40","date_gmt":"2025-06-28T15:05:40","guid":{"rendered":"https:\/\/uj.adatbank.ro\/lexikon\/termek\/bora-gyorgy\/"},"modified":"2025-06-28T17:05:40","modified_gmt":"2025-06-28T15:05:40","slug":"bora-gyorgy","status":"publish","type":"product","link":"https:\/\/uj.adatbank.ro\/lexikon\/termek\/bora-gyorgy\/","title":{"rendered":"BORA Gy\u00f6rgy"},"content":{"rendered":"<p>?, \u2020\u00a0?\u00a0: unit. pap. \u2013 A Toldalagi Andr\u00e1s birtok\u00e1n, az ikl\u00f3di unit. ekl\u00e9zsia papja (1679. j\u00fan. 11. \u2013). <br \/><strong>Irod.:<\/strong> K\u00e9nosi\u2013Uzoni 2<\/br><\/p>\n","protected":false},"excerpt":{"rendered":"<p>?, \u2020\u00a0?\u00a0: unit. pap. \u2013 A Toldalagi Andr\u00e1s birtok\u00e1n, az ikl\u00f3di unit. ekl\u00e9zsia papja (1679. j\u00fan. 11. \u2013). Irod.: K\u00e9nosi\u2013Uzoni 2<\/p>\n","protected":false},"featured_media":0,"comment_status":"open","ping_status":"closed","template":"","meta":[],"product_brand":[],"product_cat":[137],"product_tag":[],"class_list":{"0":"post-5168","1":"product","2":"type-product","3":"status-publish","5":"product_cat-maros-megyei-eletrajzi-lexikon","7":"first","8":"instock","9":"shipping-taxable","10":"product-type-simple"},"_links":{"self":[{"href":"https:\/\/uj.adatbank.ro\/lexikon\/wp-json\/wp\/v2\/product\/5168","targetHints":{"allow":["GET"]}}],"collection":[{"href":"https:\/\/uj.adatbank.ro\/lexikon\/wp-json\/wp\/v2\/product"}],"about":[{"href":"https:\/\/uj.adatbank.ro\/lexikon\/wp-json\/wp\/v2\/types\/product"}],"replies":[{"embeddable":true,"href":"https:\/\/uj.adatbank.ro\/lexikon\/wp-json\/wp\/v2\/comments?post=5168"}],"wp:attachment":[{"href":"https:\/\/uj.adatbank.ro\/lexikon\/wp-json\/wp\/v2\/media?parent=5168"}],"wp:term":[{"taxonomy":"product_brand","embeddable":true,"href":"https:\/\/uj.adatbank.ro\/lexikon\/wp-json\/wp\/v2\/product_brand?post=5168"},{"taxonomy":"product_cat","embeddable":true,"href":"https:\/\/uj.adatbank.ro\/lexikon\/wp-json\/wp\/v2\/product_cat?post=5168"},{"taxonomy":"product_tag","embeddable":true,"href":"https:\/\/uj.adatbank.ro\/lexikon\/wp-json\/wp\/v2\/product_tag?post=5168"}],"curies":[{"name":"wp","href":"https:\/\/api.w.org\/{rel}","templated":true}]}}