{"id":5172,"date":"2025-06-28T17:05:48","date_gmt":"2025-06-28T15:05:48","guid":{"rendered":"https:\/\/uj.adatbank.ro\/lexikon\/termek\/borbath-eva\/"},"modified":"2025-06-28T17:05:48","modified_gmt":"2025-06-28T15:05:48","slug":"borbath-eva","status":"publish","type":"product","link":"https:\/\/uj.adatbank.ro\/lexikon\/termek\/borbath-eva\/","title":{"rendered":"BORB\u00c1TH \u00c9va"},"content":{"rendered":"<p>Kv., 1936. \u00e1pr. 28., \u2020 Izrael, 1987.: sz\u00edn\u00e9sz. \u2013 F\u00e9rje: Harag Gy\u00f6rgy (1958\u2013), kilenc\u00e9v ut\u00e1n elv\u00e1ltak. \u2013 A Szentgy\u00f6rgyi Istv\u00e1n Sz\u00ednm\u0171v\u00e9szeti Int\u00e9zetben v\u00e9gzett (1956\u201357). A Szatm\u00e1ri \u00c1llami Sz\u00ednh\u00e1z tagja (1957\u201361). A mv.-i \u00c1llami Sz\u00e9kely Sz\u00ednh\u00e1z, majd az \u00c1llami Sz\u00ednh\u00e1z (1961- 68) tagja. A rom\u00e1n tagozaton is j\u00e1tszott (1966\u201368). Iztaelbe t\u00e1vozott. \u2013 <strong>F. sz.:<\/strong> Revista veseliei-sp. de varietet\u0103\u0163i; Madame Pace (Luigi Pirandello: \u015ease personaje \u00een c\u0103utarea unui autor), Monica (Maria F\u00f6ldes: Accidentul), Domni\u015foara Casewell (Agatha Cristie: Cursa de \u015foareci). <br \/><strong>Irod.:<\/strong> Fodor Zeno; Internet; Kov\u00e1cs Levente<\/br><\/p>\n","protected":false},"excerpt":{"rendered":"<p>Kv., 1936. \u00e1pr. 28., \u2020 Izrael, 1987.: sz\u00edn\u00e9sz. \u2013 F\u00e9rje: Harag Gy\u00f6rgy (1958\u2013), kilenc\u00e9v ut\u00e1n elv\u00e1ltak. \u2013 A Szentgy\u00f6rgyi Istv\u00e1n Sz\u00ednm\u0171v\u00e9szeti Int\u00e9zetben v\u00e9gzett (1956\u201357). A Szatm\u00e1ri \u00c1llami Sz\u00ednh\u00e1z tagja (1957\u201361). A mv.-i \u00c1llami Sz\u00e9kely Sz\u00ednh\u00e1z, majd az \u00c1llami Sz\u00ednh\u00e1z (1961- 68) tagja. A rom\u00e1n tagozaton is j\u00e1tszott (1966\u201368). Iztaelbe t\u00e1vozott. \u2013 F. sz.: Revista veseliei-sp. [&hellip;]<\/p>\n","protected":false},"featured_media":0,"comment_status":"open","ping_status":"closed","template":"","meta":[],"product_brand":[],"product_cat":[137],"product_tag":[],"class_list":{"0":"post-5172","1":"product","2":"type-product","3":"status-publish","5":"product_cat-maros-megyei-eletrajzi-lexikon","7":"first","8":"instock","9":"shipping-taxable","10":"product-type-simple"},"_links":{"self":[{"href":"https:\/\/uj.adatbank.ro\/lexikon\/wp-json\/wp\/v2\/product\/5172","targetHints":{"allow":["GET"]}}],"collection":[{"href":"https:\/\/uj.adatbank.ro\/lexikon\/wp-json\/wp\/v2\/product"}],"about":[{"href":"https:\/\/uj.adatbank.ro\/lexikon\/wp-json\/wp\/v2\/types\/product"}],"replies":[{"embeddable":true,"href":"https:\/\/uj.adatbank.ro\/lexikon\/wp-json\/wp\/v2\/comments?post=5172"}],"wp:attachment":[{"href":"https:\/\/uj.adatbank.ro\/lexikon\/wp-json\/wp\/v2\/media?parent=5172"}],"wp:term":[{"taxonomy":"product_brand","embeddable":true,"href":"https:\/\/uj.adatbank.ro\/lexikon\/wp-json\/wp\/v2\/product_brand?post=5172"},{"taxonomy":"product_cat","embeddable":true,"href":"https:\/\/uj.adatbank.ro\/lexikon\/wp-json\/wp\/v2\/product_cat?post=5172"},{"taxonomy":"product_tag","embeddable":true,"href":"https:\/\/uj.adatbank.ro\/lexikon\/wp-json\/wp\/v2\/product_tag?post=5172"}],"curies":[{"name":"wp","href":"https:\/\/api.w.org\/{rel}","templated":true}]}}