{"id":5177,"date":"2025-06-28T17:05:59","date_gmt":"2025-06-28T15:05:59","guid":{"rendered":"https:\/\/uj.adatbank.ro\/lexikon\/termek\/borbely-attila-zorgo\/"},"modified":"2025-06-28T17:05:59","modified_gmt":"2025-06-28T15:05:59","slug":"borbely-attila-zorgo","status":"publish","type":"product","link":"https:\/\/uj.adatbank.ro\/lexikon\/termek\/borbely-attila-zorgo\/","title":{"rendered":"BORB\u00c9LY Attila, Z\u00f6rg\u0151"},"content":{"rendered":"<p>Dics\u0151szentm\u00e1rton, 1933. m\u00e1j. 7., \u2020 Mv., 1997. jan. 24.: egyetemi el\u0151ad\u00f3tan\u00e1r, sportol\u00f3, kos\u00e1rlabd\u00e1z\u00f3. \u2013 Elemi \u00e9s k\u00f6z\u00e9spiskol\u00e1it a mv.-i Bolyai Farkas L\u00edc.-ban v\u00e9gezte (1940\u201352); a buk. \u2013 i Testnevel\u00e9si F\u0151iskol\u00e1n v\u00e9gzett (1956), m\u00e1r els\u0151\u00e9ves kor\u00e1ban beker\u00fcl az egyetem kos\u00e1rlabda csapat\u00e1ba \u00e9s az A divizi\u00f3s f\u0151v\u00e1rosi Progresulban v\u00edzilabd\u00e1zott. Alap\u00edt\u00f3 tagja volt a Rom\u00e1nia els\u0151 modern \u00f6ttusa csapat\u00e1nak. A Rom\u00e1nia nemzeti v\u00e1logatott kos\u00e1rlabda-csapat\u00e1nak tagja volt (1954\u2013), 63 nemzetk\u00f6zi m\u00e9rk\u0151z\u00e9sen j\u00e1tszott. Mv.-re helyezt\u00e9k az Egyetemi Sport Klub tagja, j\u00f3 eredm\u00e9nyeket \u00e9rt el v\u00edzilabd\u00e1ban, footballban, c\u00e9ll\u00f6v\u00e9sben \u00e9s sakkban. A MOGYI-n tan\u00e1rseg\u00e9d (1962\u201374); adjunktus (1974\u201392); egyetemi el\u0151ad\u00f3tan\u00e1r (1992\u201395); a testnevel\u00e9si katedra oszt\u00e1lyvezet\u0151je (1976\u201395). Az egyetemi sporttev\u00e9kenys\u00e9g szervez\u0151je \u00e9s ir\u00e1ny\u00edt\u00f3ja. Hazai \u00e9s nemzetk\u00f6zi versenyek szervez\u0151je, edz\u0151k\u00e9nt is m\u0171k\u00f6d\u00f6tt. A megyei Testnevel\u00e9si \u00e9s Sporttan\u00e1cs\u00e1nak, az Egyetemi Sportklub, a Medicina \u00e9s a Comer\u0163ul csapatainak edz\u0151je \u00e9s tagja a megyei kos\u00e1rlabdab\u00edr\u00f3k test\u00fclet\u00e9nek. \u2013 <strong>F. m.:<\/strong> <strong>t\u00e1rssz.:<\/strong> A mv.-i m. nyelv\u0171 orvos- \u00e9s gy\u00f3gyszer\u00e9szk\u00e9pz\u00e9s 50 \u00e9ve (Bp., 1996). <br \/><strong>Irod.:<\/strong> C. L. (1997. jan. 28); Facultatea de Farmacie; Kl\u00f3sz-Tolok\u00e1n; [Nekrol\u00f3g] (N\u00fa., 1997. jan. 25.); Todea\u2013F\u00fcl\u00f6p\u2013Avram; Weisz S\u00e1ndor: B. A. (V. Z., 1969. m\u00e1j. 11.)<\/br><\/p>\n","protected":false},"excerpt":{"rendered":"<p>Dics\u0151szentm\u00e1rton, 1933. m\u00e1j. 7., \u2020 Mv., 1997. jan. 24.: egyetemi el\u0151ad\u00f3tan\u00e1r, sportol\u00f3, kos\u00e1rlabd\u00e1z\u00f3. \u2013 Elemi \u00e9s k\u00f6z\u00e9spiskol\u00e1it a mv.-i Bolyai Farkas L\u00edc.-ban v\u00e9gezte (1940\u201352); a buk. \u2013 i Testnevel\u00e9si F\u0151iskol\u00e1n v\u00e9gzett (1956), m\u00e1r els\u0151\u00e9ves kor\u00e1ban beker\u00fcl az egyetem kos\u00e1rlabda csapat\u00e1ba \u00e9s az A divizi\u00f3s f\u0151v\u00e1rosi Progresulban v\u00edzilabd\u00e1zott. Alap\u00edt\u00f3 tagja volt a Rom\u00e1nia els\u0151 modern \u00f6ttusa [&hellip;]<\/p>\n","protected":false},"featured_media":0,"comment_status":"open","ping_status":"closed","template":"","meta":[],"product_brand":[],"product_cat":[137],"product_tag":[],"class_list":{"0":"post-5177","1":"product","2":"type-product","3":"status-publish","5":"product_cat-maros-megyei-eletrajzi-lexikon","7":"first","8":"instock","9":"shipping-taxable","10":"product-type-simple"},"_links":{"self":[{"href":"https:\/\/uj.adatbank.ro\/lexikon\/wp-json\/wp\/v2\/product\/5177","targetHints":{"allow":["GET"]}}],"collection":[{"href":"https:\/\/uj.adatbank.ro\/lexikon\/wp-json\/wp\/v2\/product"}],"about":[{"href":"https:\/\/uj.adatbank.ro\/lexikon\/wp-json\/wp\/v2\/types\/product"}],"replies":[{"embeddable":true,"href":"https:\/\/uj.adatbank.ro\/lexikon\/wp-json\/wp\/v2\/comments?post=5177"}],"wp:attachment":[{"href":"https:\/\/uj.adatbank.ro\/lexikon\/wp-json\/wp\/v2\/media?parent=5177"}],"wp:term":[{"taxonomy":"product_brand","embeddable":true,"href":"https:\/\/uj.adatbank.ro\/lexikon\/wp-json\/wp\/v2\/product_brand?post=5177"},{"taxonomy":"product_cat","embeddable":true,"href":"https:\/\/uj.adatbank.ro\/lexikon\/wp-json\/wp\/v2\/product_cat?post=5177"},{"taxonomy":"product_tag","embeddable":true,"href":"https:\/\/uj.adatbank.ro\/lexikon\/wp-json\/wp\/v2\/product_tag?post=5177"}],"curies":[{"name":"wp","href":"https:\/\/api.w.org\/{rel}","templated":true}]}}