{"id":5178,"date":"2025-06-28T17:06:01","date_gmt":"2025-06-28T15:06:01","guid":{"rendered":"https:\/\/uj.adatbank.ro\/lexikon\/termek\/borbely-domokos\/"},"modified":"2025-06-28T17:06:01","modified_gmt":"2025-06-28T15:06:01","slug":"borbely-domokos","status":"publish","type":"product","link":"https:\/\/uj.adatbank.ro\/lexikon\/termek\/borbely-domokos\/","title":{"rendered":"BORB\u00c9LY Domokos"},"content":{"rendered":"<p>Csittszentiv\u00e1n, 1920. m\u00e1j. 23., \u2020 Mez\u0151panit, 2002. okt. 6.: g\u00e9pkocsivezet\u0151. \u2013 Letart\u00f3ztatt\u00e1k (1958. j\u00fal. 28.) \u00e9s \u00e9letvesz\u00e9lyes fenyeget\u00e9s v\u00e1dj\u00e1val 10 \u00e9vre \u00edt\u00e9lt\u00e9k. Jilav\u00e1n, majd a Brailai Nagysziget k\u00e9nyszermunka-t\u00e1boraiban volt, Giurgeni-b\u00f3l szabadult (1964. j\u00fan. 22.). G\u00e9pkocsivezet\u0151k\u00e9nt dolgozott a SEMEST v\u00e1llalatn\u00e1l (\u20131986). <br \/><strong>Irod.:<\/strong> 1956 Erd\u00e9lyben; \u00c1ldozatok<\/br><\/p>\n","protected":false},"excerpt":{"rendered":"<p>Csittszentiv\u00e1n, 1920. m\u00e1j. 23., \u2020 Mez\u0151panit, 2002. okt. 6.: g\u00e9pkocsivezet\u0151. \u2013 Letart\u00f3ztatt\u00e1k (1958. j\u00fal. 28.) \u00e9s \u00e9letvesz\u00e9lyes fenyeget\u00e9s v\u00e1dj\u00e1val 10 \u00e9vre \u00edt\u00e9lt\u00e9k. Jilav\u00e1n, majd a Brailai Nagysziget k\u00e9nyszermunka-t\u00e1boraiban volt, Giurgeni-b\u00f3l szabadult (1964. j\u00fan. 22.). G\u00e9pkocsivezet\u0151k\u00e9nt dolgozott a SEMEST v\u00e1llalatn\u00e1l (\u20131986). Irod.: 1956 Erd\u00e9lyben; \u00c1ldozatok<\/p>\n","protected":false},"featured_media":0,"comment_status":"open","ping_status":"closed","template":"","meta":[],"product_brand":[],"product_cat":[137],"product_tag":[],"class_list":{"0":"post-5178","1":"product","2":"type-product","3":"status-publish","5":"product_cat-maros-megyei-eletrajzi-lexikon","7":"first","8":"instock","9":"shipping-taxable","10":"product-type-simple"},"_links":{"self":[{"href":"https:\/\/uj.adatbank.ro\/lexikon\/wp-json\/wp\/v2\/product\/5178","targetHints":{"allow":["GET"]}}],"collection":[{"href":"https:\/\/uj.adatbank.ro\/lexikon\/wp-json\/wp\/v2\/product"}],"about":[{"href":"https:\/\/uj.adatbank.ro\/lexikon\/wp-json\/wp\/v2\/types\/product"}],"replies":[{"embeddable":true,"href":"https:\/\/uj.adatbank.ro\/lexikon\/wp-json\/wp\/v2\/comments?post=5178"}],"wp:attachment":[{"href":"https:\/\/uj.adatbank.ro\/lexikon\/wp-json\/wp\/v2\/media?parent=5178"}],"wp:term":[{"taxonomy":"product_brand","embeddable":true,"href":"https:\/\/uj.adatbank.ro\/lexikon\/wp-json\/wp\/v2\/product_brand?post=5178"},{"taxonomy":"product_cat","embeddable":true,"href":"https:\/\/uj.adatbank.ro\/lexikon\/wp-json\/wp\/v2\/product_cat?post=5178"},{"taxonomy":"product_tag","embeddable":true,"href":"https:\/\/uj.adatbank.ro\/lexikon\/wp-json\/wp\/v2\/product_tag?post=5178"}],"curies":[{"name":"wp","href":"https:\/\/api.w.org\/{rel}","templated":true}]}}