{"id":5179,"date":"2025-06-28T17:06:04","date_gmt":"2025-06-28T15:06:04","guid":{"rendered":"https:\/\/uj.adatbank.ro\/lexikon\/termek\/borbely-gyorgy\/"},"modified":"2025-06-28T17:06:04","modified_gmt":"2025-06-28T15:06:04","slug":"borbely-gyorgy","status":"publish","type":"product","link":"https:\/\/uj.adatbank.ro\/lexikon\/termek\/borbely-gyorgy\/","title":{"rendered":"BORB\u00c9LY Gy\u00f6rgy"},"content":{"rendered":"<p>? \u2020\u00a01625. \u00e1pr. 29.: v\u00e1rosi tan\u00e1cstag. \u2013 Mv. v\u00e1rosi tan\u00e1cs\u00e1nak tagja (1616). <br \/><strong>Irod.:<\/strong> Farcz\u00e1dy; Marossz\u00e9ki kr\u00f3nik\u00e1k 1.<\/br><\/p>\n","protected":false},"excerpt":{"rendered":"<p>? \u2020\u00a01625. \u00e1pr. 29.: v\u00e1rosi tan\u00e1cstag. \u2013 Mv. v\u00e1rosi tan\u00e1cs\u00e1nak tagja (1616). Irod.: Farcz\u00e1dy; Marossz\u00e9ki kr\u00f3nik\u00e1k 1.<\/p>\n","protected":false},"featured_media":0,"comment_status":"open","ping_status":"closed","template":"","meta":[],"product_brand":[],"product_cat":[137],"product_tag":[],"class_list":{"0":"post-5179","1":"product","2":"type-product","3":"status-publish","5":"product_cat-maros-megyei-eletrajzi-lexikon","7":"first","8":"instock","9":"shipping-taxable","10":"product-type-simple"},"_links":{"self":[{"href":"https:\/\/uj.adatbank.ro\/lexikon\/wp-json\/wp\/v2\/product\/5179","targetHints":{"allow":["GET"]}}],"collection":[{"href":"https:\/\/uj.adatbank.ro\/lexikon\/wp-json\/wp\/v2\/product"}],"about":[{"href":"https:\/\/uj.adatbank.ro\/lexikon\/wp-json\/wp\/v2\/types\/product"}],"replies":[{"embeddable":true,"href":"https:\/\/uj.adatbank.ro\/lexikon\/wp-json\/wp\/v2\/comments?post=5179"}],"wp:attachment":[{"href":"https:\/\/uj.adatbank.ro\/lexikon\/wp-json\/wp\/v2\/media?parent=5179"}],"wp:term":[{"taxonomy":"product_brand","embeddable":true,"href":"https:\/\/uj.adatbank.ro\/lexikon\/wp-json\/wp\/v2\/product_brand?post=5179"},{"taxonomy":"product_cat","embeddable":true,"href":"https:\/\/uj.adatbank.ro\/lexikon\/wp-json\/wp\/v2\/product_cat?post=5179"},{"taxonomy":"product_tag","embeddable":true,"href":"https:\/\/uj.adatbank.ro\/lexikon\/wp-json\/wp\/v2\/product_tag?post=5179"}],"curies":[{"name":"wp","href":"https:\/\/api.w.org\/{rel}","templated":true}]}}