{"id":5184,"date":"2025-06-28T17:06:18","date_gmt":"2025-06-28T15:06:18","guid":{"rendered":"https:\/\/uj.adatbank.ro\/lexikon\/termek\/borbely-gyula\/"},"modified":"2025-06-28T17:06:18","modified_gmt":"2025-06-28T15:06:18","slug":"borbely-gyula","status":"publish","type":"product","link":"https:\/\/uj.adatbank.ro\/lexikon\/termek\/borbely-gyula\/","title":{"rendered":"BORB\u00c9LY Gyula"},"content":{"rendered":"<p>Nagybacon, 1887., \u2020\u00a0? : fakeresked\u0151. \u2013 Iskol\u00e1it Bar\u00f3ton v\u00e9gezte, majd mint keresked\u0151 k\u00fcl\u00f6nb\u00f6z\u0151 helyeken gyarap\u00edtotta szaktud\u00e1s\u00e1t, f\u0171szer\u00fczletet l\u00e9tes\u00edtett (1910), majd fakeresked\u00e9se \u00e9s f\u0171r\u00e9sz\u00fczeme volt Szov\u00e1t\u00e1n (1941\u201348. szept.) ahol 8 alkalmazottat foglalkoztatott. Az I. vh.-ban r\u00e9szt vett (1914\u201316), mint fakitermel\u0151t felmentett\u00e9k. A ref. egyh\u00e1z presbitere, egyh\u00e1zmegyei k\u00e9pvisel\u0151. <br \/><strong>Irod.:<\/strong> Sz\u00e9kelyf\u00f6ld \u00ed. k; Szov\u00e1ta<\/br><\/p>\n","protected":false},"excerpt":{"rendered":"<p>Nagybacon, 1887., \u2020\u00a0? : fakeresked\u0151. \u2013 Iskol\u00e1it Bar\u00f3ton v\u00e9gezte, majd mint keresked\u0151 k\u00fcl\u00f6nb\u00f6z\u0151 helyeken gyarap\u00edtotta szaktud\u00e1s\u00e1t, f\u0171szer\u00fczletet l\u00e9tes\u00edtett (1910), majd fakeresked\u00e9se \u00e9s f\u0171r\u00e9sz\u00fczeme volt Szov\u00e1t\u00e1n (1941\u201348. szept.) ahol 8 alkalmazottat foglalkoztatott. Az I. vh.-ban r\u00e9szt vett (1914\u201316), mint fakitermel\u0151t felmentett\u00e9k. A ref. egyh\u00e1z presbitere, egyh\u00e1zmegyei k\u00e9pvisel\u0151. Irod.: Sz\u00e9kelyf\u00f6ld \u00ed. k; Szov\u00e1ta<\/p>\n","protected":false},"featured_media":0,"comment_status":"open","ping_status":"closed","template":"","meta":[],"product_brand":[],"product_cat":[137],"product_tag":[],"class_list":{"0":"post-5184","1":"product","2":"type-product","3":"status-publish","5":"product_cat-maros-megyei-eletrajzi-lexikon","7":"first","8":"instock","9":"shipping-taxable","10":"product-type-simple"},"_links":{"self":[{"href":"https:\/\/uj.adatbank.ro\/lexikon\/wp-json\/wp\/v2\/product\/5184","targetHints":{"allow":["GET"]}}],"collection":[{"href":"https:\/\/uj.adatbank.ro\/lexikon\/wp-json\/wp\/v2\/product"}],"about":[{"href":"https:\/\/uj.adatbank.ro\/lexikon\/wp-json\/wp\/v2\/types\/product"}],"replies":[{"embeddable":true,"href":"https:\/\/uj.adatbank.ro\/lexikon\/wp-json\/wp\/v2\/comments?post=5184"}],"wp:attachment":[{"href":"https:\/\/uj.adatbank.ro\/lexikon\/wp-json\/wp\/v2\/media?parent=5184"}],"wp:term":[{"taxonomy":"product_brand","embeddable":true,"href":"https:\/\/uj.adatbank.ro\/lexikon\/wp-json\/wp\/v2\/product_brand?post=5184"},{"taxonomy":"product_cat","embeddable":true,"href":"https:\/\/uj.adatbank.ro\/lexikon\/wp-json\/wp\/v2\/product_cat?post=5184"},{"taxonomy":"product_tag","embeddable":true,"href":"https:\/\/uj.adatbank.ro\/lexikon\/wp-json\/wp\/v2\/product_tag?post=5184"}],"curies":[{"name":"wp","href":"https:\/\/api.w.org\/{rel}","templated":true}]}}