{"id":5187,"date":"2025-06-28T17:06:23","date_gmt":"2025-06-28T15:06:23","guid":{"rendered":"https:\/\/uj.adatbank.ro\/lexikon\/termek\/borbely-istvan-kisbuni\/"},"modified":"2025-06-28T17:06:23","modified_gmt":"2025-06-28T15:06:23","slug":"borbely-istvan-kisbuni","status":"publish","type":"product","link":"https:\/\/uj.adatbank.ro\/lexikon\/termek\/borbely-istvan-kisbuni\/","title":{"rendered":"BORB\u00c9LY Istv\u00e1n, kisbuni"},"content":{"rendered":"<p>? \u2020\u00a0? : z\u00e1szl\u00f3tart\u00f3. \u2013 Feles\u00e9ge: N\u00e9meth Erzs\u00e9bet. Le\u00e1nyaik: Kata, Erzse \u00e9s Borb\u00e1ra (1620. nov. 5.) c\u00edmeres nemes levelet Bethlen G\u00e1bort\u00f3l kaptak. Kihirdetve: Csengeren (1662. \u00e1pr. 23.). <br \/><strong>Irod.:<\/strong> MCK<\/br><\/p>\n","protected":false},"excerpt":{"rendered":"<p>? \u2020\u00a0? : z\u00e1szl\u00f3tart\u00f3. \u2013 Feles\u00e9ge: N\u00e9meth Erzs\u00e9bet. Le\u00e1nyaik: Kata, Erzse \u00e9s Borb\u00e1ra (1620. nov. 5.) c\u00edmeres nemes levelet Bethlen G\u00e1bort\u00f3l kaptak. Kihirdetve: Csengeren (1662. \u00e1pr. 23.). Irod.: MCK<\/p>\n","protected":false},"featured_media":0,"comment_status":"open","ping_status":"closed","template":"","meta":[],"product_brand":[],"product_cat":[137],"product_tag":[],"class_list":{"0":"post-5187","1":"product","2":"type-product","3":"status-publish","5":"product_cat-maros-megyei-eletrajzi-lexikon","7":"first","8":"instock","9":"shipping-taxable","10":"product-type-simple"},"_links":{"self":[{"href":"https:\/\/uj.adatbank.ro\/lexikon\/wp-json\/wp\/v2\/product\/5187","targetHints":{"allow":["GET"]}}],"collection":[{"href":"https:\/\/uj.adatbank.ro\/lexikon\/wp-json\/wp\/v2\/product"}],"about":[{"href":"https:\/\/uj.adatbank.ro\/lexikon\/wp-json\/wp\/v2\/types\/product"}],"replies":[{"embeddable":true,"href":"https:\/\/uj.adatbank.ro\/lexikon\/wp-json\/wp\/v2\/comments?post=5187"}],"wp:attachment":[{"href":"https:\/\/uj.adatbank.ro\/lexikon\/wp-json\/wp\/v2\/media?parent=5187"}],"wp:term":[{"taxonomy":"product_brand","embeddable":true,"href":"https:\/\/uj.adatbank.ro\/lexikon\/wp-json\/wp\/v2\/product_brand?post=5187"},{"taxonomy":"product_cat","embeddable":true,"href":"https:\/\/uj.adatbank.ro\/lexikon\/wp-json\/wp\/v2\/product_cat?post=5187"},{"taxonomy":"product_tag","embeddable":true,"href":"https:\/\/uj.adatbank.ro\/lexikon\/wp-json\/wp\/v2\/product_tag?post=5187"}],"curies":[{"name":"wp","href":"https:\/\/api.w.org\/{rel}","templated":true}]}}