{"id":5189,"date":"2025-06-28T17:06:26","date_gmt":"2025-06-28T15:06:26","guid":{"rendered":"https:\/\/uj.adatbank.ro\/lexikon\/termek\/borbely-kristof\/"},"modified":"2025-06-28T17:06:26","modified_gmt":"2025-06-28T15:06:26","slug":"borbely-kristof","status":"publish","type":"product","link":"https:\/\/uj.adatbank.ro\/lexikon\/termek\/borbely-kristof\/","title":{"rendered":"BORB\u00c9LY Krist\u00f3f"},"content":{"rendered":"<p>? \u2020\u00a0? : orvos. \u2013 Radn\u00f3ton lakott. Feles\u00e9ge Borsos Erzs\u00e9bet, Borsos Tam\u00e1s l\u00e1nya. Bog\u00e1thi Menyh\u00e1rt, v\u00e9grendelete szerint (Radn\u00f3t, 1606. m\u00e1rc. 29.), mint orvos\u00e1t jutalmazta kisebb r\u00e9szj\u00f3sz\u00e1ggal Bern\u00e1dban, Cs\u00e1v\u00e1sban \u00e9s Sz\u00e9kelydob\u00f3ban. <br \/><strong>Irod.:<\/strong> Erd\u00e9lyi testamentumok, 3., Marossz\u00e9ki kr\u00f3nik\u00e1k 1.<\/br><\/p>\n","protected":false},"excerpt":{"rendered":"<p>? \u2020\u00a0? : orvos. \u2013 Radn\u00f3ton lakott. Feles\u00e9ge Borsos Erzs\u00e9bet, Borsos Tam\u00e1s l\u00e1nya. Bog\u00e1thi Menyh\u00e1rt, v\u00e9grendelete szerint (Radn\u00f3t, 1606. m\u00e1rc. 29.), mint orvos\u00e1t jutalmazta kisebb r\u00e9szj\u00f3sz\u00e1ggal Bern\u00e1dban, Cs\u00e1v\u00e1sban \u00e9s Sz\u00e9kelydob\u00f3ban. Irod.: Erd\u00e9lyi testamentumok, 3., Marossz\u00e9ki kr\u00f3nik\u00e1k 1.<\/p>\n","protected":false},"featured_media":0,"comment_status":"open","ping_status":"closed","template":"","meta":[],"product_brand":[],"product_cat":[137],"product_tag":[],"class_list":{"0":"post-5189","1":"product","2":"type-product","3":"status-publish","5":"product_cat-maros-megyei-eletrajzi-lexikon","7":"first","8":"instock","9":"shipping-taxable","10":"product-type-simple"},"_links":{"self":[{"href":"https:\/\/uj.adatbank.ro\/lexikon\/wp-json\/wp\/v2\/product\/5189","targetHints":{"allow":["GET"]}}],"collection":[{"href":"https:\/\/uj.adatbank.ro\/lexikon\/wp-json\/wp\/v2\/product"}],"about":[{"href":"https:\/\/uj.adatbank.ro\/lexikon\/wp-json\/wp\/v2\/types\/product"}],"replies":[{"embeddable":true,"href":"https:\/\/uj.adatbank.ro\/lexikon\/wp-json\/wp\/v2\/comments?post=5189"}],"wp:attachment":[{"href":"https:\/\/uj.adatbank.ro\/lexikon\/wp-json\/wp\/v2\/media?parent=5189"}],"wp:term":[{"taxonomy":"product_brand","embeddable":true,"href":"https:\/\/uj.adatbank.ro\/lexikon\/wp-json\/wp\/v2\/product_brand?post=5189"},{"taxonomy":"product_cat","embeddable":true,"href":"https:\/\/uj.adatbank.ro\/lexikon\/wp-json\/wp\/v2\/product_cat?post=5189"},{"taxonomy":"product_tag","embeddable":true,"href":"https:\/\/uj.adatbank.ro\/lexikon\/wp-json\/wp\/v2\/product_tag?post=5189"}],"curies":[{"name":"wp","href":"https:\/\/api.w.org\/{rel}","templated":true}]}}