{"id":5191,"date":"2025-06-28T17:06:31","date_gmt":"2025-06-28T15:06:31","guid":{"rendered":"https:\/\/uj.adatbank.ro\/lexikon\/termek\/borbely-lukacs-borbely-lukats\/"},"modified":"2025-06-28T17:06:31","modified_gmt":"2025-06-28T15:06:31","slug":"borbely-lukacs-borbely-lukats","status":"publish","type":"product","link":"https:\/\/uj.adatbank.ro\/lexikon\/termek\/borbely-lukacs-borbely-lukats\/","title":{"rendered":"BORB\u00c9LY Luk\u00e1cs, Borb\u00e9ly Luk\u00e1ts"},"content":{"rendered":"<p>? \u2020\u00a0? : borb\u00e9ly. \u2013 Kirurgus, azaz borb\u00e9ly, esk\u00fcdt polg\u00e1r, f\u0151b\u00edr\u00f3, tan\u00e1csos, notarius. Esk\u00fcdt polg\u00e1r (1603, 1628, 1634, 1637); Mv. v\u00e1ros f\u0151b\u00edr\u00e1ja \u00e9s tan\u00e1csa a borb\u00e9ly mesterek k\u00e9r\u00e9s\u00e9re meg\u00faj\u00edtja a c\u00e9hnek B\u00e1thori Zsigmond fejedelemt\u0151l kapott, de elveszett, c\u00e9h-szab\u00e1lyait, \u00fajakkal is p\u00f3tolva azt. (Kelt Mv.-t, 1628. \u00e1pr. 16.). Mv. f\u0151bir\u00e1ja (1633, 1637). <br \/><strong>Irod.:<\/strong> Fodororb-Bal\u00e1s; P\u00e1l-Antal 2006; Szentgy\u00f6rgyi; SzOkl, 6<\/br><\/p>\n","protected":false},"excerpt":{"rendered":"<p>? \u2020\u00a0? : borb\u00e9ly. \u2013 Kirurgus, azaz borb\u00e9ly, esk\u00fcdt polg\u00e1r, f\u0151b\u00edr\u00f3, tan\u00e1csos, notarius. Esk\u00fcdt polg\u00e1r (1603, 1628, 1634, 1637); Mv. v\u00e1ros f\u0151b\u00edr\u00e1ja \u00e9s tan\u00e1csa a borb\u00e9ly mesterek k\u00e9r\u00e9s\u00e9re meg\u00faj\u00edtja a c\u00e9hnek B\u00e1thori Zsigmond fejedelemt\u0151l kapott, de elveszett, c\u00e9h-szab\u00e1lyait, \u00fajakkal is p\u00f3tolva azt. (Kelt Mv.-t, 1628. \u00e1pr. 16.). Mv. f\u0151bir\u00e1ja (1633, 1637). Irod.: Fodororb-Bal\u00e1s; P\u00e1l-Antal 2006; [&hellip;]<\/p>\n","protected":false},"featured_media":0,"comment_status":"open","ping_status":"closed","template":"","meta":[],"product_brand":[],"product_cat":[137],"product_tag":[],"class_list":{"0":"post-5191","1":"product","2":"type-product","3":"status-publish","5":"product_cat-maros-megyei-eletrajzi-lexikon","7":"first","8":"instock","9":"shipping-taxable","10":"product-type-simple"},"_links":{"self":[{"href":"https:\/\/uj.adatbank.ro\/lexikon\/wp-json\/wp\/v2\/product\/5191","targetHints":{"allow":["GET"]}}],"collection":[{"href":"https:\/\/uj.adatbank.ro\/lexikon\/wp-json\/wp\/v2\/product"}],"about":[{"href":"https:\/\/uj.adatbank.ro\/lexikon\/wp-json\/wp\/v2\/types\/product"}],"replies":[{"embeddable":true,"href":"https:\/\/uj.adatbank.ro\/lexikon\/wp-json\/wp\/v2\/comments?post=5191"}],"wp:attachment":[{"href":"https:\/\/uj.adatbank.ro\/lexikon\/wp-json\/wp\/v2\/media?parent=5191"}],"wp:term":[{"taxonomy":"product_brand","embeddable":true,"href":"https:\/\/uj.adatbank.ro\/lexikon\/wp-json\/wp\/v2\/product_brand?post=5191"},{"taxonomy":"product_cat","embeddable":true,"href":"https:\/\/uj.adatbank.ro\/lexikon\/wp-json\/wp\/v2\/product_cat?post=5191"},{"taxonomy":"product_tag","embeddable":true,"href":"https:\/\/uj.adatbank.ro\/lexikon\/wp-json\/wp\/v2\/product_tag?post=5191"}],"curies":[{"name":"wp","href":"https:\/\/api.w.org\/{rel}","templated":true}]}}