{"id":5192,"date":"2025-06-28T17:06:36","date_gmt":"2025-06-28T15:06:36","guid":{"rendered":"https:\/\/uj.adatbank.ro\/lexikon\/termek\/borbely-marton\/"},"modified":"2025-06-28T17:06:36","modified_gmt":"2025-06-28T15:06:36","slug":"borbely-marton","status":"publish","type":"product","link":"https:\/\/uj.adatbank.ro\/lexikon\/termek\/borbely-marton\/","title":{"rendered":"BORB\u00c9LY M\u00e1rton"},"content":{"rendered":"<p>Mez\u0151bergenye, 1914. jan. 6. \u2020\u00a0? : tizedes. \u2013 Anyja: Szoll\u00e1r Ilona. \u2013 A 27. felder\u00edt\u0151-oszt\u00e1ly tizedese. Ratosny\u00e1n az 1273-as magass\u00e1gi ponton \u00e9rte a hal\u00e1los fejl\u0151v\u00e9s. Uo. temett\u00e9k. <br \/><strong>Irod.:<\/strong> Berekm\u00e9ri 2015<\/br><\/p>\n","protected":false},"excerpt":{"rendered":"<p>Mez\u0151bergenye, 1914. jan. 6. \u2020\u00a0? : tizedes. \u2013 Anyja: Szoll\u00e1r Ilona. \u2013 A 27. felder\u00edt\u0151-oszt\u00e1ly tizedese. Ratosny\u00e1n az 1273-as magass\u00e1gi ponton \u00e9rte a hal\u00e1los fejl\u0151v\u00e9s. Uo. temett\u00e9k. Irod.: Berekm\u00e9ri 2015<\/p>\n","protected":false},"featured_media":0,"comment_status":"open","ping_status":"closed","template":"","meta":[],"product_brand":[],"product_cat":[137],"product_tag":[],"class_list":{"0":"post-5192","1":"product","2":"type-product","3":"status-publish","5":"product_cat-maros-megyei-eletrajzi-lexikon","7":"first","8":"instock","9":"shipping-taxable","10":"product-type-simple"},"_links":{"self":[{"href":"https:\/\/uj.adatbank.ro\/lexikon\/wp-json\/wp\/v2\/product\/5192","targetHints":{"allow":["GET"]}}],"collection":[{"href":"https:\/\/uj.adatbank.ro\/lexikon\/wp-json\/wp\/v2\/product"}],"about":[{"href":"https:\/\/uj.adatbank.ro\/lexikon\/wp-json\/wp\/v2\/types\/product"}],"replies":[{"embeddable":true,"href":"https:\/\/uj.adatbank.ro\/lexikon\/wp-json\/wp\/v2\/comments?post=5192"}],"wp:attachment":[{"href":"https:\/\/uj.adatbank.ro\/lexikon\/wp-json\/wp\/v2\/media?parent=5192"}],"wp:term":[{"taxonomy":"product_brand","embeddable":true,"href":"https:\/\/uj.adatbank.ro\/lexikon\/wp-json\/wp\/v2\/product_brand?post=5192"},{"taxonomy":"product_cat","embeddable":true,"href":"https:\/\/uj.adatbank.ro\/lexikon\/wp-json\/wp\/v2\/product_cat?post=5192"},{"taxonomy":"product_tag","embeddable":true,"href":"https:\/\/uj.adatbank.ro\/lexikon\/wp-json\/wp\/v2\/product_tag?post=5192"}],"curies":[{"name":"wp","href":"https:\/\/api.w.org\/{rel}","templated":true}]}}