{"id":5194,"date":"2025-06-28T17:06:41","date_gmt":"2025-06-28T15:06:41","guid":{"rendered":"https:\/\/uj.adatbank.ro\/lexikon\/termek\/borbely-mihaly-szaszvarosi\/"},"modified":"2025-06-28T17:06:41","modified_gmt":"2025-06-28T15:06:41","slug":"borbely-mihaly-szaszvarosi","status":"publish","type":"product","link":"https:\/\/uj.adatbank.ro\/lexikon\/termek\/borbely-mihaly-szaszvarosi\/","title":{"rendered":"BORB\u00c9LY Mih\u00e1ly, sz\u00e1szv\u00e1rosi"},"content":{"rendered":"<p>? \u2020\u00a0? : kirurgus azaz borb\u00e9ly, tan\u00e1cstag. \u2013 V\u00e1rosi esk\u00fcdt (1615). Mv. v\u00e1ros f\u0151b\u00edr\u00e1ja \u00e9s tan\u00e1csa a borb\u00e9ly mesterek k\u00e9r\u00e9s\u00e9re meg\u00faj\u00edtja a c\u00e9hnek B\u00e1thori Zsigmond fejedelemt\u0151l kapott, de elveszett, c\u00e9h-szab\u00e1lyait, \u00fajakkal is p\u00f3tolv\u00e1n azt. (Kelt Mv., 1628. \u00e1pril 16.). <br \/><strong>Irod.:<\/strong> P\u00e1l-Antal 2006; SzOkl, 6<\/br><\/p>\n","protected":false},"excerpt":{"rendered":"<p>? \u2020\u00a0? : kirurgus azaz borb\u00e9ly, tan\u00e1cstag. \u2013 V\u00e1rosi esk\u00fcdt (1615). Mv. v\u00e1ros f\u0151b\u00edr\u00e1ja \u00e9s tan\u00e1csa a borb\u00e9ly mesterek k\u00e9r\u00e9s\u00e9re meg\u00faj\u00edtja a c\u00e9hnek B\u00e1thori Zsigmond fejedelemt\u0151l kapott, de elveszett, c\u00e9h-szab\u00e1lyait, \u00fajakkal is p\u00f3tolv\u00e1n azt. (Kelt Mv., 1628. \u00e1pril 16.). Irod.: P\u00e1l-Antal 2006; SzOkl, 6<\/p>\n","protected":false},"featured_media":0,"comment_status":"open","ping_status":"closed","template":"","meta":[],"product_brand":[],"product_cat":[137],"product_tag":[],"class_list":{"0":"post-5194","1":"product","2":"type-product","3":"status-publish","5":"product_cat-maros-megyei-eletrajzi-lexikon","7":"first","8":"instock","9":"shipping-taxable","10":"product-type-simple"},"_links":{"self":[{"href":"https:\/\/uj.adatbank.ro\/lexikon\/wp-json\/wp\/v2\/product\/5194","targetHints":{"allow":["GET"]}}],"collection":[{"href":"https:\/\/uj.adatbank.ro\/lexikon\/wp-json\/wp\/v2\/product"}],"about":[{"href":"https:\/\/uj.adatbank.ro\/lexikon\/wp-json\/wp\/v2\/types\/product"}],"replies":[{"embeddable":true,"href":"https:\/\/uj.adatbank.ro\/lexikon\/wp-json\/wp\/v2\/comments?post=5194"}],"wp:attachment":[{"href":"https:\/\/uj.adatbank.ro\/lexikon\/wp-json\/wp\/v2\/media?parent=5194"}],"wp:term":[{"taxonomy":"product_brand","embeddable":true,"href":"https:\/\/uj.adatbank.ro\/lexikon\/wp-json\/wp\/v2\/product_brand?post=5194"},{"taxonomy":"product_cat","embeddable":true,"href":"https:\/\/uj.adatbank.ro\/lexikon\/wp-json\/wp\/v2\/product_cat?post=5194"},{"taxonomy":"product_tag","embeddable":true,"href":"https:\/\/uj.adatbank.ro\/lexikon\/wp-json\/wp\/v2\/product_tag?post=5194"}],"curies":[{"name":"wp","href":"https:\/\/api.w.org\/{rel}","templated":true}]}}