{"id":5198,"date":"2025-06-28T17:06:48","date_gmt":"2025-06-28T15:06:48","guid":{"rendered":"https:\/\/uj.adatbank.ro\/lexikon\/termek\/borda-alexandru\/"},"modified":"2025-06-28T17:06:48","modified_gmt":"2025-06-28T15:06:48","slug":"borda-alexandru","status":"publish","type":"product","link":"https:\/\/uj.adatbank.ro\/lexikon\/termek\/borda-alexandru\/","title":{"rendered":"BORDA Alexandru"},"content":{"rendered":"<p>? \u2020\u00a0? : ort. pap. \u2013 Marosszentkir\u00e1lyban szolg\u00e1lt (1911- ). R\u00e9szt vett az I. vh. harcaiban, a gyulafeh\u00e9rv\u00e1ri egyes\u00fcl\u00e9si naggy\u0171l\u00e9snek hivatalos k\u00fcld\u00f6tte (1918. dec. 1.). \u0150 \u00e9p\u00edttette a jelenleg is haszn\u00e1lt papilakot. <br \/><strong>Irod.:<\/strong> \u015eincan 2006<\/br><\/p>\n","protected":false},"excerpt":{"rendered":"<p>? \u2020\u00a0? : ort. pap. \u2013 Marosszentkir\u00e1lyban szolg\u00e1lt (1911- ). R\u00e9szt vett az I. vh. harcaiban, a gyulafeh\u00e9rv\u00e1ri egyes\u00fcl\u00e9si naggy\u0171l\u00e9snek hivatalos k\u00fcld\u00f6tte (1918. dec. 1.). \u0150 \u00e9p\u00edttette a jelenleg is haszn\u00e1lt papilakot. Irod.: \u015eincan 2006<\/p>\n","protected":false},"featured_media":0,"comment_status":"open","ping_status":"closed","template":"","meta":[],"product_brand":[],"product_cat":[137],"product_tag":[],"class_list":{"0":"post-5198","1":"product","2":"type-product","3":"status-publish","5":"product_cat-maros-megyei-eletrajzi-lexikon","7":"first","8":"instock","9":"shipping-taxable","10":"product-type-simple"},"_links":{"self":[{"href":"https:\/\/uj.adatbank.ro\/lexikon\/wp-json\/wp\/v2\/product\/5198","targetHints":{"allow":["GET"]}}],"collection":[{"href":"https:\/\/uj.adatbank.ro\/lexikon\/wp-json\/wp\/v2\/product"}],"about":[{"href":"https:\/\/uj.adatbank.ro\/lexikon\/wp-json\/wp\/v2\/types\/product"}],"replies":[{"embeddable":true,"href":"https:\/\/uj.adatbank.ro\/lexikon\/wp-json\/wp\/v2\/comments?post=5198"}],"wp:attachment":[{"href":"https:\/\/uj.adatbank.ro\/lexikon\/wp-json\/wp\/v2\/media?parent=5198"}],"wp:term":[{"taxonomy":"product_brand","embeddable":true,"href":"https:\/\/uj.adatbank.ro\/lexikon\/wp-json\/wp\/v2\/product_brand?post=5198"},{"taxonomy":"product_cat","embeddable":true,"href":"https:\/\/uj.adatbank.ro\/lexikon\/wp-json\/wp\/v2\/product_cat?post=5198"},{"taxonomy":"product_tag","embeddable":true,"href":"https:\/\/uj.adatbank.ro\/lexikon\/wp-json\/wp\/v2\/product_tag?post=5198"}],"curies":[{"name":"wp","href":"https:\/\/api.w.org\/{rel}","templated":true}]}}