{"id":5201,"date":"2025-06-28T17:06:54","date_gmt":"2025-06-28T15:06:54","guid":{"rendered":"https:\/\/uj.adatbank.ro\/lexikon\/termek\/borda-g-%c2%a7\/"},"modified":"2025-06-28T17:06:54","modified_gmt":"2025-06-28T15:06:54","slug":"borda-g-%c2%a7","status":"publish","type":"product","link":"https:\/\/uj.adatbank.ro\/lexikon\/termek\/borda-g-%c2%a7\/","title":{"rendered":"BORDA G., \u00a7"},"content":{"rendered":"<p>? \u2020\u00a0? : eln\u00f6k. \u2013 Sz\u00e1szr\u00e9geni ASTRA tag. Als\u00f3b\u00f6lk\u00e9nyben eln\u00f6ke az Astra \u00e9gisze alatt m\u0171k\u00f6d\u0151 falusi m\u0171vel\u0151d\u00e9si k\u00f6rnek (1930-as \u00e9vek). <br \/><strong>Irod.:<\/strong> Netea: Astra<\/br><\/p>\n","protected":false},"excerpt":{"rendered":"<p>? \u2020\u00a0? : eln\u00f6k. \u2013 Sz\u00e1szr\u00e9geni ASTRA tag. Als\u00f3b\u00f6lk\u00e9nyben eln\u00f6ke az Astra \u00e9gisze alatt m\u0171k\u00f6d\u0151 falusi m\u0171vel\u0151d\u00e9si k\u00f6rnek (1930-as \u00e9vek). Irod.: Netea: Astra<\/p>\n","protected":false},"featured_media":0,"comment_status":"open","ping_status":"closed","template":"","meta":[],"product_brand":[],"product_cat":[137],"product_tag":[],"class_list":{"0":"post-5201","1":"product","2":"type-product","3":"status-publish","5":"product_cat-maros-megyei-eletrajzi-lexikon","7":"first","8":"instock","9":"shipping-taxable","10":"product-type-simple"},"_links":{"self":[{"href":"https:\/\/uj.adatbank.ro\/lexikon\/wp-json\/wp\/v2\/product\/5201","targetHints":{"allow":["GET"]}}],"collection":[{"href":"https:\/\/uj.adatbank.ro\/lexikon\/wp-json\/wp\/v2\/product"}],"about":[{"href":"https:\/\/uj.adatbank.ro\/lexikon\/wp-json\/wp\/v2\/types\/product"}],"replies":[{"embeddable":true,"href":"https:\/\/uj.adatbank.ro\/lexikon\/wp-json\/wp\/v2\/comments?post=5201"}],"wp:attachment":[{"href":"https:\/\/uj.adatbank.ro\/lexikon\/wp-json\/wp\/v2\/media?parent=5201"}],"wp:term":[{"taxonomy":"product_brand","embeddable":true,"href":"https:\/\/uj.adatbank.ro\/lexikon\/wp-json\/wp\/v2\/product_brand?post=5201"},{"taxonomy":"product_cat","embeddable":true,"href":"https:\/\/uj.adatbank.ro\/lexikon\/wp-json\/wp\/v2\/product_cat?post=5201"},{"taxonomy":"product_tag","embeddable":true,"href":"https:\/\/uj.adatbank.ro\/lexikon\/wp-json\/wp\/v2\/product_tag?post=5201"}],"curies":[{"name":"wp","href":"https:\/\/api.w.org\/{rel}","templated":true}]}}