{"id":5202,"date":"2025-06-28T17:06:57","date_gmt":"2025-06-28T15:06:57","guid":{"rendered":"https:\/\/uj.adatbank.ro\/lexikon\/termek\/borda-ioan-%c2%a7\/"},"modified":"2025-06-28T17:06:57","modified_gmt":"2025-06-28T15:06:57","slug":"borda-ioan-%c2%a7","status":"publish","type":"product","link":"https:\/\/uj.adatbank.ro\/lexikon\/termek\/borda-ioan-%c2%a7\/","title":{"rendered":"BORDA Ioan, \u00a7"},"content":{"rendered":"<p>Fels\u0151b\u00f6lk\u00e9ny, ? \u2020 ? : p\u00e1rtfunkcion\u00e1rius. \u2013 El\u0151bb szab\u00f3inas, azut\u00e1n Sz\u00e1sz\u00e9gen rajon titk\u00e1ra. A Mv. rajoni n\u00e9ptan\u00e1cs VB eln\u00f6ke (1968). A SZEF Megyei Tan\u00e1csa b\u00fcr\u00f3 tagja (1968. nov. \u2013). A mv.-i ASA fotballcsapat szponzora, a kezdetekt\u0151l fogva vezet\u0151s\u00e9gi tagja (1968\u201391). Amiut\u00e1n vezet\u0151 funkci\u00f3kba nevezt\u00e9k ki, egyik f\u0151 t\u00e1mogat\u00f3ja, p\u00e9nzt\u00e1rosa \u00e9s feketep\u00e9nz \u2013 beszed\u0151je lett az ASA-nak. <br \/><strong>Irod.:<\/strong> Id\u0151t\u00e1r 4.; Szucher<\/br><\/p>\n","protected":false},"excerpt":{"rendered":"<p>Fels\u0151b\u00f6lk\u00e9ny, ? \u2020 ? : p\u00e1rtfunkcion\u00e1rius. \u2013 El\u0151bb szab\u00f3inas, azut\u00e1n Sz\u00e1sz\u00e9gen rajon titk\u00e1ra. A Mv. rajoni n\u00e9ptan\u00e1cs VB eln\u00f6ke (1968). A SZEF Megyei Tan\u00e1csa b\u00fcr\u00f3 tagja (1968. nov. \u2013). A mv.-i ASA fotballcsapat szponzora, a kezdetekt\u0151l fogva vezet\u0151s\u00e9gi tagja (1968\u201391). Amiut\u00e1n vezet\u0151 funkci\u00f3kba nevezt\u00e9k ki, egyik f\u0151 t\u00e1mogat\u00f3ja, p\u00e9nzt\u00e1rosa \u00e9s feketep\u00e9nz \u2013 beszed\u0151je lett az [&hellip;]<\/p>\n","protected":false},"featured_media":0,"comment_status":"open","ping_status":"closed","template":"","meta":[],"product_brand":[],"product_cat":[137],"product_tag":[],"class_list":{"0":"post-5202","1":"product","2":"type-product","3":"status-publish","5":"product_cat-maros-megyei-eletrajzi-lexikon","7":"first","8":"instock","9":"shipping-taxable","10":"product-type-simple"},"_links":{"self":[{"href":"https:\/\/uj.adatbank.ro\/lexikon\/wp-json\/wp\/v2\/product\/5202","targetHints":{"allow":["GET"]}}],"collection":[{"href":"https:\/\/uj.adatbank.ro\/lexikon\/wp-json\/wp\/v2\/product"}],"about":[{"href":"https:\/\/uj.adatbank.ro\/lexikon\/wp-json\/wp\/v2\/types\/product"}],"replies":[{"embeddable":true,"href":"https:\/\/uj.adatbank.ro\/lexikon\/wp-json\/wp\/v2\/comments?post=5202"}],"wp:attachment":[{"href":"https:\/\/uj.adatbank.ro\/lexikon\/wp-json\/wp\/v2\/media?parent=5202"}],"wp:term":[{"taxonomy":"product_brand","embeddable":true,"href":"https:\/\/uj.adatbank.ro\/lexikon\/wp-json\/wp\/v2\/product_brand?post=5202"},{"taxonomy":"product_cat","embeddable":true,"href":"https:\/\/uj.adatbank.ro\/lexikon\/wp-json\/wp\/v2\/product_cat?post=5202"},{"taxonomy":"product_tag","embeddable":true,"href":"https:\/\/uj.adatbank.ro\/lexikon\/wp-json\/wp\/v2\/product_tag?post=5202"}],"curies":[{"name":"wp","href":"https:\/\/api.w.org\/{rel}","templated":true}]}}