{"id":5207,"date":"2025-06-28T17:07:06","date_gmt":"2025-06-28T15:07:06","guid":{"rendered":"https:\/\/uj.adatbank.ro\/lexikon\/termek\/bordi-andras-%c2%a7-bordy-andras\/"},"modified":"2025-06-28T17:07:06","modified_gmt":"2025-06-28T15:07:06","slug":"bordi-andras-%c2%a7-bordy-andras","status":"publish","type":"product","link":"https:\/\/uj.adatbank.ro\/lexikon\/termek\/bordi-andras-%c2%a7-bordy-andras\/","title":{"rendered":"BORDI Andr\u00e1s, \u00a7 Bordy Andr\u00e1s"},"content":{"rendered":"<p>H\u00e9derf\u00e1ja, 1905. j\u00fan. 2., \u2020 Mv: 1989. aug. 11., s\u00edrja a mv.-i Ref. temet\u0151 s\u00edrk\u0151m\u00fazeum\u00e1ban. fest\u0151m\u0171v\u00e9sz, tan\u00e1r, m\u00fazeumigazgat\u00f3. \u2013 Feles\u00e9ge: B\u00edr\u00f3 Ilona (esk\u00fcv\u0151, 1935). \u2013 A h\u00e9derf\u00e1ji iskol\u00e1ban kezdte tanulm\u00e1nyait, m\u00e1r itt felfigyelt a tehets\u00e9g\u00e9re Kiss J\u00f3zsef igazgat\u00f3-tan\u00edt\u00f3. A mv.-i Ref. Koll.-ban Guly\u00e1s K\u00e1roly rajztan\u00e1r tan\u00edtv\u00e1nya, aki felismerte \u00e9s seg\u00edtette kibontakozni a tehets\u00e9g\u00e9t, nyolcadik gimn\u00e1zista kor\u00e1ban 60 k\u00e9p\u00e9b\u0151l ki\u00e1ll\u00edt\u00e1st rendeztek a ref. Koll.-ban. A bp.-i K\u00e9pz\u0151m\u0171v. F\u0151isk.-n tanult R\u00e9ti Istv\u00e1nn\u00e1l (1925\u201327), a mv.-i v\u00e1rosi tan\u00e1cs \u00f6szt\u00f6nd\u00edj\u00e1val P\u00e1rizsban a Juli\u00e1n Akad.-n (1927\u201328), majd Bp.-en ism\u00e9t a k\u00e9pz\u0151m\u0171v. f\u0151isk.-n, Rudnay Gyula n\u00f6vend\u00e9kek\u00e9nt k\u00e9pezte tov\u00e1bb mag\u00e1t (1928\u201331). Tanulm\u00e1nyainak befejezt\u00e9vel b\u00e1r megh\u00edvt\u00e1k az akvarellfest\u00e9szeti katedr\u00e1ra el\u0151ad\u00f3nak visszat\u00e9rt H\u00e9derf\u00e1j\u00e1ra (1932), de Bp.-en is \u00e9lt (1931\u201339), majd Mv.-re k\u00f6lt\u00f6z\u00f6tt (1939). A K\u00f6zm\u0171vel\u0151d\u00e9si Palota gondnoka, a K\u00e9pt\u00e1r \u00e9s a R\u00e9g\u00e9szeti \u00e9s N\u00e9prajzi M\u00fazeum \u0151re (1940\u2013), majd \u00faj nev\u00e9n a M\u0171v\u00e9szeti M\u00fazeum (1949-t\u0151l) igazgat\u00f3ja (1940\u201371), a V\u00e1rosi fest\u0151iskola tan\u00e1ra \u00e9s igazgat\u00f3ja (1941\u201349). A l\u00e9git\u00e1mad\u00e1sok idej\u00e9n (1944) becsomagolta a k\u00e9pt\u00e1r anyag\u00e1t (Munk\u00e1csy, Ferenczy, Pa\u00e1l L\u00e1szl\u00f3, Vaszary J\u00e1nos, F\u00e9nyes Adolf, Vida \u00c1rp\u00e1d m\u0171veit, a T\u00fck\u00f6rterem \u00fcvegfestm\u00e9nyeit) elrejtette \u00e9s ez\u00e1ltal megmentette. Igazgat\u00e1sa alatt a k\u00e9pt\u00e1r gy\u0171jtem\u00e9nye 135-r\u0151l 1100 db. m\u0171t\u00e1rgyra n\u00f6vekedett. A Kult\u00farpalota k\u00e9pt\u00e1r\u00e1t \u00f6n\u00e1l\u00f3 m\u00fazeumm\u00e1 nyilv\u00e1n\u00edtott\u00e1k M\u0171v\u00e9szeti M\u00fazeum megnevez\u00e9ssel (1949), ennek vezet\u0151je lett nyugd\u00edjaz\u00e1s\u00e1ig (1971. dec.). M\u0171v\u00e9szpedag\u00f3giai munk\u00e1ss\u00e1ga is kiemelked\u0151, a M\u0171v. L\u00edc. tan\u00e1ra (1949\u201370). Tan\u00edtv\u00e1nyai k\u00f6z\u00fcl eml\u00edthetj\u00fck Nemes Ir\u00e9nt. A Securitate megfigyel\u00e9si list\u00e1j\u00e1n szerepelt (1964. nov.). A h\u00e1bor\u00fa ut\u00e1n r\u00e9szt vett a mv.-i k\u00e9pz\u0151m\u0171v\u00e9szei \u00e9let megszervez\u00e9s\u00e9ben, mintegy 50 ki\u00e1ll\u00edt\u00e1s rendez\u00e9s\u00e9ben, a K\u00e9pz\u0151m\u0171v. Sz\u00f6vets\u00e9g helyi \u00e9s orsz\u00e1gos vezet\u0151s\u00e9g\u00e9nek, a ki\u00e1ll\u00edt\u00e1sok zs\u00fcrij\u00e9nek mintegy k\u00e9t \u00e9vtizeden \u00e1t tagja volt. Az erd\u00e9lyi akvarellfest\u00e9szet meg\u00faj\u00edt\u00f3ja. T\u00e1jk\u00e9peket, portr\u00e9kat, csend\u00e9leteket festett. M\u0171veit dr\u00e1mai fesz\u00fclts\u00e9g jellem\u00adzi. Barab\u00e1s Istv\u00e1nnal festett\u00e9k a k\u00f6rtv\u00e9lyf\u00e1jai ref templom mennyezet\u00e9t (1951). Olajfestm\u00e9nyei kor\u00e1nak t\u00f6rt\u00e9nelmi v\u00e1ltoz\u00e1sait, sorsfordul\u00f3it jelen\u00edtik meg. A KZST tagja (1934), a Barab\u00e1s Mikl\u00f3s C\u00e9h aleln\u00f6ke (1941\u201344). Els\u0151 egy\u00e9ni ki\u00e1ll\u00edt\u00e1sa Mv.-en volt a Ref Koll.-ban (1925); Bp.-en volt gy\u0171jtem\u00e9nyes ki\u00e1ll\u00edt\u00e1sa (1927); a p\u00e1rizsi Szalon (1928); a bp.-i Akvarell Ki\u00e1ll\u00edt\u00e1son vett r\u00e9szt (1930), ahol elnyerte az \u00c1llami Akvarell D\u00edjat. Ki\u00e1ll\u00edt\u00e1sokon szerepelt Beszterc\u00e9n (1942), Kv. (1943), Sepsiszentgy\u00f6rgy\u00f6n (1944), Kv.-on (1944\u201349), Mv.-en (1931- 1959). R\u00e9szt vett minden tartom\u00e1nyi ill. megyei ki\u00e1ll\u00edt\u00e1son Mv.-en \u00e9s orsz. ki\u00e1ll\u00edt\u00e1son Buk.-ben. K\u00fclf\u00f6ld\u00f6n szerepelt: Bp. (1930\u201335); Moszkv\u00e1ban, Pr\u00e1g\u00e1ban, Damaszkuszban, Kair\u00f3ban, Alexandri\u00e1ban. <strong>Kit\u00fcntet\u00e9sei:<\/strong> a Szinnyei Merse P\u00e1l T\u00e1rsas\u00e1g dics\u00e9r\u0151oklevele (1929); Orsz\u00e1gos M. K\u00e9pz\u0151m\u0171v\u00e9szeti T\u00e1rsulat akvarellfest\u00e9szeti nagyd\u00edja (1931); RNK \u00c1llami D\u00edja (1949); a Munka\u00e9rdemrend III. fokozata. T\u00f6bb m\u0171v\u00e9t a buk.-i, aradi, bp.-i, mv.-i sepsiszentgy\u00f6rgyi m\u00fazeumok \u00f6rzik. H\u00e9derf\u00e1ja iskol\u00e1ja felvette a nev\u00e9t (2002. m\u00e1j. 26.) Sz\u00fclet\u00e9s\u00e9nek sz\u00e1zadik \u00e9vfordul\u00f3j\u00e1r\u00f3l \u00fcnneps\u00e9gen eml\u00e9keztek meg. \u2013 <strong>F. ki\u00e1ll.:<\/strong> egy\u00e9ni t\u00e1rlatai: Mv.-en (1925, 1932, 1959, 1973, 1975; gy\u0171jtem\u00e9nyes 1985.), Sepsiszentgy\u00f6rgy\u00f6n (1971), H\u00e9derf\u00e1j\u00e1n (1975); Bp. (1981); Sz\u00fclet\u00e9s\u00e9nek 100. \u00e9vfordul\u00f3j\u00e1n H\u00e9derf\u00e1j\u00e1n (2005); Centen\u00e1riumi eml\u00e9kki\u00e1ll\u00edt\u00e1sa Mv.-en a Kult\u00farpalota ki\u00e1ll\u00edt\u00f3term\u00e9ben (2005. dec. 28.- 2006. jan.); Eml\u00e9kki\u00e1ll\u00edt\u00e1s Mv. Bern\u00e1dy H\u00e1z (2015. m\u00e1rc.-\u00e1pr.). csoportos ki\u00e1ll.: Bp. (1927, 1931, 1934, 1937, 1944, 1950); P\u00e1rizs, Societ\u00e9 des Artistes Francaise (1928); Mv.-en (1940-t\u0151l); a Barab\u00e1s Mikl\u00f3s C\u00e9h tagja\u00adk\u00e9nt (1941-t\u0151l); Moszkva (1949), Vars\u00f3 (1955); B\u00e9cs (1956); Kair\u00f3, Alexandria (1960), Damaszkusz (1961); New York (1974); Szabadka (1977). \u2013 <strong>F. m.:<\/strong> \u00d6narck\u00e9p, Egy fest\u0151 arck\u00e9pe, Fav\u00e1g\u00f3k, Feles\u00e9gem arck\u00e9pe, Ap\u00e1m arck\u00e9pe, \u00c9lmunk\u00e1sn\u0151, \u00d6narck\u00e9p, A K\u00e9t Bolyai, Illeg\u00e1lis gy\u00fcm\u00f6lcs az erd\u0151ben, N\u00e9pi t\u00e1nc, Parasztgyermekek a zeneiskol\u00e1ban, Sz\u00fcret, Munk\u00e1sfej, Anya gyermek\u00e9vel, D\u00e9lut\u00e1ni f\u00e9nyek, Paraszt fej, Kertben, Feny\u0151erd\u0151, Sz\u00fcleim arck\u00e9pe, Le\u00e1nyom arck\u00e9pe, Ap\u00e1m beteg; falk\u00e9pei: Sz\u00edn\u00e9szek (Sepsisztgy-i Sz\u00ednh\u00e1z); Sz\u00fcret (Transilvania Hotel Mv.). <br \/><strong>Irod.:<\/strong> 20. sz.-i k\u00e9pz\u0151m\u0171v\u00e9szet; Arck\u00e9pcsarnok (Igaz Sz\u00f3, 1972, 11. sz.); B. A.: Megmenek\u00fclt a k\u00e9pt\u00e1r (V. Z., 1957. aug. 22.); Bal\u00e1zs Imre: B. A. (\u00daj \u00c9let, 4. sz., 1986); Banner; Banner Zolt\u00e1n: B. A.: Kismonogr\u00e1fia (Buk., 1978); Barab\u00e1s M. C\u00e9h; B. A. (Mv.) fest\u0151m\u0171v\u00e9sz ki\u00e1ll\u00edt\u00e1sa: Magyar Nemzeti Gal\u00e9ria, Bp., 1981. m\u00e1jus- j\u00fanius (Bp., [1981]); Bocskay Vince: Gy\u00f6ngyszem az eml\u00e9kezetben (N\u00fa., M\u00fazsa, 2015. \u00e1pr. 15.); B. A. = Fodor \u2013T\u00f3falvi; B\u00f6l\u00f6ni Domokos: B. A., Bord \u00e9s H\u00e9derf\u00e1ja (N\u00fa., Sz\u00ednes Vil\u00e1g, 2010. nov. 20.); Brutaru, Jack: Izs\u00e1k M\u00e1rton \u00e9s B. A. ki\u00e1ll\u00edt\u00e1sa (V. Z., 1959. j\u00fal. 16.); Csekme; D\u00e9zsi \u00d6d\u00f6n: B. A. fest\u0151m\u0171v\u00e9sz ki\u00e1ll\u00edt\u00e1sa (V. Z., 1975. nov. 16.); D\u00e9zsi \u00d6d\u00f6n: A val\u00f3s\u00e1g \u201eemberi m\u00e1sa&#8230;\u201d: B. A. fest\u0151m\u0171v\u00e9sz ki\u00e1ll\u00edt\u00e1sa Bp.-en (V. Z., 1981. j\u00fan. 6.); Bordi Andr\u00e1s = Fodor \u2013T\u00f3falvi; Dud\u00e1s K\u00e1roly: Besz\u00e9lget\u00e9s B. A. fest\u0151m\u0171v\u00e9sszel (V. Z., 1971. \u00e1pr. 11.); \u00c9ber; Erd\u00e9lyi Lajos 2018; Er\u0151s v\u00e1runk; EMM; A fest\u0151 igaza: Sz\u00e1z \u00e9ve sz\u00fcletett B. A. (M\u00fazsa, 2005. j\u00fan. 4., 691. sz.); Gy\u00e1rf\u00e1s 2013; Gy\u00e1rf\u00e1s L. Mikl\u00f3s: B. A. (V. Z., 1979. j\u00fal. 8.); Gy\u00e1rf\u00e1s L. Mikl\u00f3s: J\u00e1nosh\u00e1zy Gy\u00f6rgy: B. A. gy\u0171jtem\u00e9nyes ki\u00e1ll\u00edt\u00e1sa (V. Z., 1975. nov. 22.); Gyergy\u00f3sz\u00e1rhegyi BME; Id\u0151t\u00e1r 3; Jakabovits; J\u00e1nosh\u00e1zy Gy\u00f6rgy: B. A. 75 \u00e9ves (V. Z., 1980. m\u00e1j. 31.); Katona Szab\u00f3 Istv\u00e1n: Az \u00daj \u00c9let lexikona, 13 (\u00daj \u00c9let, 24. sz., 1970); K. M.: B. A. m\u0171hely\u00e9ben (V. Z., 1960. \u00e1pr. 24.); Kiss P\u00e1l; KMML; Metamorphosis Transilvaniae (Kv., 1937); Koch M\u00e1ria: B. A. fest\u0151m\u0171v\u00e9sz sz\u00edneinek k\u00f6lt\u00e9szete (V. Z., 1975. m\u00e1rc. 29.); L\u00e1togat\u00e1s B. A. m\u0171term\u00e9ben (N\u00e9p\u00fajs\u00e1g, 1950. m\u00e1rc. 16.); MMA; MNL; Makfalva; Moln\u00e1r; Mv. m\u0171v. v\u00e1r.; Mv. t\u00f6rt. 2; Muradin Jen\u0151: Mv.-i m\u0171hely 3. (\u00daj \u00c9let, 19. sz. 1987); Mv.-i ref. temet\u0151; Nagy P\u00e1l: B. A. hetven\u00e9ves (\u00daj \u00c9let, 10. sz., 1975); Nagy Zolt\u00e1n: \u00daj m. m\u0171v\u00e9szet; [Nekrol\u00f3g] (V. Z., 1989. aug. 11.); Nk: 95 \u00e9ve sz\u00fcletett B. A. fest\u0151m\u0171v\u00e9sz (N\u00fa., M\u00fazsa 447. sz. 2000., j\u00fan. 24); NMK: A fest\u0151 igaza: Sz\u00e1z \u00e9ve sz\u00fcletett B. A. (N\u00fa., M\u00fazsa 691. sz., 2004. j\u00fan 4); NMK: Centen\u00e1riumi Bordi-ki\u00e1ll\u00edt\u00e1s a Kult\u00farpalot\u00e1ban (N\u00fa, 2005. dec. 29.); \u00d6kr\u00f6s; \u00d6tv\u00f6s; Pelin; RepM; RMIL; Simon Endre: A ny\u00e1r fest\u0151je (V. Z., 1985. nov. 30.); Simon Endre: H\u0171s\u00e9g \u00e9s szolg\u00e1lat: B. A. \u00e9letm\u0171ve (V. Z., 1989. szept. 2.); Szab\u00f3\u2013K\u00e1llai; Sz\u00e9kely J\u00e1nos: B. A. m\u0171term\u00e9ben (M\u0171v\u00e9szet, 3. sz., 1958. j\u00fan.); Sz\u00e9pr\u00e9ti Lilla: B. A.-n\u00e1l (\u00daj \u00c9let, 14. sz. 1985); Sz\u00e9pr\u00e9ti Lilla: B. A. (\u00daj \u00c9let, 20. 1989); Sz\u0151cs K\u00e1lm\u00e1n: M\u0171tereml\u00e1togat\u00e1s B. A.-n\u00e1l (V. Z., 1967. \u00e1pr. 19.; 1972. okt. 8.); Todea 2013; Tompa Z. Mih\u00e1ly: A term\u00e9szet nagy fest\u0151je (V. Z., 1985. j\u00fan. 2.); \u00daM\u00c9L; V\u00e1s\u00e1rhelyi Ziegler Emil: Erd\u00e9lyi m\u0171v\u00e9szek (Kv., 1937); V\u00e1s\u00e1rhelyi Z. Emil: B. A. = Mv. \u00e9s V\u00e1rtemploma<\/br><\/p>\n","protected":false},"excerpt":{"rendered":"<p>H\u00e9derf\u00e1ja, 1905. j\u00fan. 2., \u2020 Mv: 1989. aug. 11., s\u00edrja a mv.-i Ref. temet\u0151 s\u00edrk\u0151m\u00fazeum\u00e1ban. fest\u0151m\u0171v\u00e9sz, tan\u00e1r, m\u00fazeumigazgat\u00f3. \u2013 Feles\u00e9ge: B\u00edr\u00f3 Ilona (esk\u00fcv\u0151, 1935). \u2013 A h\u00e9derf\u00e1ji iskol\u00e1ban kezdte tanulm\u00e1nyait, m\u00e1r itt felfigyelt a tehets\u00e9g\u00e9re Kiss J\u00f3zsef igazgat\u00f3-tan\u00edt\u00f3. A mv.-i Ref. Koll.-ban Guly\u00e1s K\u00e1roly rajztan\u00e1r tan\u00edtv\u00e1nya, aki felismerte \u00e9s seg\u00edtette kibontakozni a tehets\u00e9g\u00e9t, nyolcadik gimn\u00e1zista [&hellip;]<\/p>\n","protected":false},"featured_media":0,"comment_status":"open","ping_status":"closed","template":"","meta":[],"product_brand":[],"product_cat":[137],"product_tag":[],"class_list":{"0":"post-5207","1":"product","2":"type-product","3":"status-publish","5":"product_cat-maros-megyei-eletrajzi-lexikon","7":"first","8":"instock","9":"shipping-taxable","10":"product-type-simple"},"_links":{"self":[{"href":"https:\/\/uj.adatbank.ro\/lexikon\/wp-json\/wp\/v2\/product\/5207","targetHints":{"allow":["GET"]}}],"collection":[{"href":"https:\/\/uj.adatbank.ro\/lexikon\/wp-json\/wp\/v2\/product"}],"about":[{"href":"https:\/\/uj.adatbank.ro\/lexikon\/wp-json\/wp\/v2\/types\/product"}],"replies":[{"embeddable":true,"href":"https:\/\/uj.adatbank.ro\/lexikon\/wp-json\/wp\/v2\/comments?post=5207"}],"wp:attachment":[{"href":"https:\/\/uj.adatbank.ro\/lexikon\/wp-json\/wp\/v2\/media?parent=5207"}],"wp:term":[{"taxonomy":"product_brand","embeddable":true,"href":"https:\/\/uj.adatbank.ro\/lexikon\/wp-json\/wp\/v2\/product_brand?post=5207"},{"taxonomy":"product_cat","embeddable":true,"href":"https:\/\/uj.adatbank.ro\/lexikon\/wp-json\/wp\/v2\/product_cat?post=5207"},{"taxonomy":"product_tag","embeddable":true,"href":"https:\/\/uj.adatbank.ro\/lexikon\/wp-json\/wp\/v2\/product_tag?post=5207"}],"curies":[{"name":"wp","href":"https:\/\/api.w.org\/{rel}","templated":true}]}}