{"id":5208,"date":"2025-06-28T17:07:07","date_gmt":"2025-06-28T15:07:07","guid":{"rendered":"https:\/\/uj.adatbank.ro\/lexikon\/termek\/bordi-benedek-kibedi\/"},"modified":"2026-02-17T16:51:50","modified_gmt":"2026-02-17T15:51:50","slug":"bordi-benedek-kibedi","status":"publish","type":"product","link":"https:\/\/uj.adatbank.ro\/lexikon\/termek\/bordi-benedek-kibedi\/","title":{"rendered":"BORDI Benedek, kib\u00e9di"},"content":{"rendered":"<p>? \u2020\u00a0? : kib\u00e9di. \u2013 Szentgy\u00f6rgyi \u00e9s bazini gr. P\u00e9ter orsz\u00e1gb\u00edr\u00f3, erd\u00e9lyi vajda \u00e9s sz\u00e9kelyek isp\u00e1nja bizony\u00edtja, hogy Bordi Benedek, Vincze fia, \u00e9s Bordi Erzs\u00e9bet, Imre le\u00e1nya, rokonaikkal Csebi Demeterrel, Ambrussal \u00e9s Gy\u00f6rgygyel egy\u00fctt el\u0151tte megjelenv\u00e9n, a Bordi Imre Szent-Demeteren a K\u00fck\u00fcll\u0151 viz\u00e9n fekv\u0151 malmabeli r\u00e9sz\u00f6ket Nyujt\u00f3di Gy\u00f6rgynek 9 arany forint\u00e9rt \u00f6r\u00f6k\u00f6sen eladt\u00e1k (Kelt Szent-Demeteren 1503. j\u00fal. 23.)<br \/>\n<strong>Irod.:<\/strong> SzOkl, 1<\/p>\n","protected":false},"excerpt":{"rendered":"<p>? \u2020\u00a0? : kib\u00e9di. \u2013 Szentgy\u00f6rgyi \u00e9s bazini gr. P\u00e9ter orsz\u00e1gb\u00edr\u00f3, erd\u00e9lyi vajda \u00e9s sz\u00e9kelyek isp\u00e1nja bizony\u00edtja, hogy Bordi Benedek, Vincze fia, \u00e9s Bordi Erzs\u00e9bet, Imre le\u00e1nya, rokonaikkal Csebi Demeterrel, Ambrussal \u00e9s Gy\u00f6rgygyel egy\u00fctt el\u0151tte megjelenv\u00e9n, a Bordi Imre Szent-Demeteren a K\u00fck\u00fcll\u0151 viz\u00e9n fekv\u0151 malmabeli r\u00e9sz\u00f6ket Nyujt\u00f3di Gy\u00f6rgynek 9 arany forint\u00e9rt \u00f6r\u00f6k\u00f6sen eladt\u00e1k (Kelt Szent-Demeteren [&hellip;]<\/p>\n","protected":false},"featured_media":0,"comment_status":"open","ping_status":"closed","template":"","meta":[],"product_brand":[],"product_cat":[137],"product_tag":[],"class_list":{"0":"post-5208","1":"product","2":"type-product","3":"status-publish","5":"product_cat-maros-megyei-eletrajzi-lexikon","7":"first","8":"instock","9":"shipping-taxable","10":"product-type-simple"},"_links":{"self":[{"href":"https:\/\/uj.adatbank.ro\/lexikon\/wp-json\/wp\/v2\/product\/5208","targetHints":{"allow":["GET"]}}],"collection":[{"href":"https:\/\/uj.adatbank.ro\/lexikon\/wp-json\/wp\/v2\/product"}],"about":[{"href":"https:\/\/uj.adatbank.ro\/lexikon\/wp-json\/wp\/v2\/types\/product"}],"replies":[{"embeddable":true,"href":"https:\/\/uj.adatbank.ro\/lexikon\/wp-json\/wp\/v2\/comments?post=5208"}],"wp:attachment":[{"href":"https:\/\/uj.adatbank.ro\/lexikon\/wp-json\/wp\/v2\/media?parent=5208"}],"wp:term":[{"taxonomy":"product_brand","embeddable":true,"href":"https:\/\/uj.adatbank.ro\/lexikon\/wp-json\/wp\/v2\/product_brand?post=5208"},{"taxonomy":"product_cat","embeddable":true,"href":"https:\/\/uj.adatbank.ro\/lexikon\/wp-json\/wp\/v2\/product_cat?post=5208"},{"taxonomy":"product_tag","embeddable":true,"href":"https:\/\/uj.adatbank.ro\/lexikon\/wp-json\/wp\/v2\/product_tag?post=5208"}],"curies":[{"name":"wp","href":"https:\/\/api.w.org\/{rel}","templated":true}]}}