{"id":5212,"date":"2025-06-28T17:07:16","date_gmt":"2025-06-28T15:07:16","guid":{"rendered":"https:\/\/uj.adatbank.ro\/lexikon\/termek\/bordosi-josa-sandor\/"},"modified":"2025-06-28T17:07:16","modified_gmt":"2025-06-28T15:07:16","slug":"bordosi-josa-sandor","status":"publish","type":"product","link":"https:\/\/uj.adatbank.ro\/lexikon\/termek\/bordosi-josa-sandor\/","title":{"rendered":"BORDOSI J\u00d3SA S\u00e1ndor"},"content":{"rendered":"<p>? \u2020\u00a0? : ref. lelk\u00e9sz. \u2013 Nagyenyeden subscrib\u00e1lt (1725). Rektor Sz\u00e9kelykocs\u00e1rdon. Lelk\u00e9sz K\u00fck\u00fcll\u0151sz\u00e9plakon (1738\u201362), majd Maroscsap\u00f3n szolg\u00e1lt (1762\u201368). <br \/><strong>Irod.:<\/strong> K\u00fck\u00fcll\u0151i Ref. Egyh\u00e1zm., 4.<\/br><\/p>\n","protected":false},"excerpt":{"rendered":"<p>? \u2020\u00a0? : ref. lelk\u00e9sz. \u2013 Nagyenyeden subscrib\u00e1lt (1725). Rektor Sz\u00e9kelykocs\u00e1rdon. Lelk\u00e9sz K\u00fck\u00fcll\u0151sz\u00e9plakon (1738\u201362), majd Maroscsap\u00f3n szolg\u00e1lt (1762\u201368). Irod.: K\u00fck\u00fcll\u0151i Ref. Egyh\u00e1zm., 4.<\/p>\n","protected":false},"featured_media":0,"comment_status":"open","ping_status":"closed","template":"","meta":[],"product_brand":[],"product_cat":[137],"product_tag":[],"class_list":{"0":"post-5212","1":"product","2":"type-product","3":"status-publish","5":"product_cat-maros-megyei-eletrajzi-lexikon","7":"first","8":"instock","9":"shipping-taxable","10":"product-type-simple"},"_links":{"self":[{"href":"https:\/\/uj.adatbank.ro\/lexikon\/wp-json\/wp\/v2\/product\/5212","targetHints":{"allow":["GET"]}}],"collection":[{"href":"https:\/\/uj.adatbank.ro\/lexikon\/wp-json\/wp\/v2\/product"}],"about":[{"href":"https:\/\/uj.adatbank.ro\/lexikon\/wp-json\/wp\/v2\/types\/product"}],"replies":[{"embeddable":true,"href":"https:\/\/uj.adatbank.ro\/lexikon\/wp-json\/wp\/v2\/comments?post=5212"}],"wp:attachment":[{"href":"https:\/\/uj.adatbank.ro\/lexikon\/wp-json\/wp\/v2\/media?parent=5212"}],"wp:term":[{"taxonomy":"product_brand","embeddable":true,"href":"https:\/\/uj.adatbank.ro\/lexikon\/wp-json\/wp\/v2\/product_brand?post=5212"},{"taxonomy":"product_cat","embeddable":true,"href":"https:\/\/uj.adatbank.ro\/lexikon\/wp-json\/wp\/v2\/product_cat?post=5212"},{"taxonomy":"product_tag","embeddable":true,"href":"https:\/\/uj.adatbank.ro\/lexikon\/wp-json\/wp\/v2\/product_tag?post=5212"}],"curies":[{"name":"wp","href":"https:\/\/api.w.org\/{rel}","templated":true}]}}