{"id":5213,"date":"2025-06-28T17:07:22","date_gmt":"2025-06-28T15:07:22","guid":{"rendered":"https:\/\/uj.adatbank.ro\/lexikon\/termek\/bordy-janos-bordi-janos\/"},"modified":"2025-06-28T17:07:22","modified_gmt":"2025-06-28T15:07:22","slug":"bordy-janos-bordi-janos","status":"publish","type":"product","link":"https:\/\/uj.adatbank.ro\/lexikon\/termek\/bordy-janos-bordi-janos\/","title":{"rendered":"BORDY J\u00e1nos, Bordi J\u00e1nos"},"content":{"rendered":"<p>? \u2020\u00a0? : orvos, v\u00edzipol\u00f3z\u00f3. \u2013 Mv.-en a Bolyai L\u00edc.-ban v\u00e9gezte tanulm\u00e1nyait \u00e9s a sportban kiv\u00e1l\u00f3 eredm\u00e9nyt \u00e9rt el (1968). R\u00e9szt vett a Merlbourne-i olimpi\u00e1n, a rom\u00e1n v\u00e1logatott tagja. <br \/><strong>Irod.:<\/strong> Kl\u00f3sz-Tolok\u00e1n; Sportegy\u00e9nis\u00e9gekre eml\u00e9keztek (N\u00fa., 2011. j\u00fan. 20.)<\/br><\/p>\n","protected":false},"excerpt":{"rendered":"<p>? \u2020\u00a0? : orvos, v\u00edzipol\u00f3z\u00f3. \u2013 Mv.-en a Bolyai L\u00edc.-ban v\u00e9gezte tanulm\u00e1nyait \u00e9s a sportban kiv\u00e1l\u00f3 eredm\u00e9nyt \u00e9rt el (1968). R\u00e9szt vett a Merlbourne-i olimpi\u00e1n, a rom\u00e1n v\u00e1logatott tagja. Irod.: Kl\u00f3sz-Tolok\u00e1n; Sportegy\u00e9nis\u00e9gekre eml\u00e9keztek (N\u00fa., 2011. j\u00fan. 20.)<\/p>\n","protected":false},"featured_media":0,"comment_status":"open","ping_status":"closed","template":"","meta":[],"product_brand":[],"product_cat":[137],"product_tag":[],"class_list":{"0":"post-5213","1":"product","2":"type-product","3":"status-publish","5":"product_cat-maros-megyei-eletrajzi-lexikon","7":"first","8":"instock","9":"shipping-taxable","10":"product-type-simple"},"_links":{"self":[{"href":"https:\/\/uj.adatbank.ro\/lexikon\/wp-json\/wp\/v2\/product\/5213","targetHints":{"allow":["GET"]}}],"collection":[{"href":"https:\/\/uj.adatbank.ro\/lexikon\/wp-json\/wp\/v2\/product"}],"about":[{"href":"https:\/\/uj.adatbank.ro\/lexikon\/wp-json\/wp\/v2\/types\/product"}],"replies":[{"embeddable":true,"href":"https:\/\/uj.adatbank.ro\/lexikon\/wp-json\/wp\/v2\/comments?post=5213"}],"wp:attachment":[{"href":"https:\/\/uj.adatbank.ro\/lexikon\/wp-json\/wp\/v2\/media?parent=5213"}],"wp:term":[{"taxonomy":"product_brand","embeddable":true,"href":"https:\/\/uj.adatbank.ro\/lexikon\/wp-json\/wp\/v2\/product_brand?post=5213"},{"taxonomy":"product_cat","embeddable":true,"href":"https:\/\/uj.adatbank.ro\/lexikon\/wp-json\/wp\/v2\/product_cat?post=5213"},{"taxonomy":"product_tag","embeddable":true,"href":"https:\/\/uj.adatbank.ro\/lexikon\/wp-json\/wp\/v2\/product_tag?post=5213"}],"curies":[{"name":"wp","href":"https:\/\/api.w.org\/{rel}","templated":true}]}}