{"id":5215,"date":"2025-06-28T17:07:26","date_gmt":"2025-06-28T15:07:26","guid":{"rendered":"https:\/\/uj.adatbank.ro\/lexikon\/termek\/borgo-gyorgy-csaba\/"},"modified":"2025-06-28T17:07:26","modified_gmt":"2025-06-28T15:07:26","slug":"borgo-gyorgy-csaba","status":"publish","type":"product","link":"https:\/\/uj.adatbank.ro\/lexikon\/termek\/borgo-gyorgy-csaba\/","title":{"rendered":"BORG\u00d3 Gy\u00f6rgy Csaba"},"content":{"rendered":"<p>Marosv\u00e1s\u00e1rhely, 1950. \u2020\u00a0?: Grafikus. Kolozsv\u00e1ron. a Reform\u00e1tus Teol\u00f3gi\u00e1n tanult (1973\u201375), a tanulm\u00e1nyait a K\u00e9pz\u0151m\u0171v\u00e9szeti F\u0151iskol\u00e1n, fest\u00e9szeti szakon folytatta (1976\u20131980) <br \/><strong>Irod.:<\/strong> Szab\u00f3\u2013K\u00e1llai<\/br><\/p>\n","protected":false},"excerpt":{"rendered":"<p>Marosv\u00e1s\u00e1rhely, 1950. \u2020\u00a0?: Grafikus. Kolozsv\u00e1ron. a Reform\u00e1tus Teol\u00f3gi\u00e1n tanult (1973\u201375), a tanulm\u00e1nyait a K\u00e9pz\u0151m\u0171v\u00e9szeti F\u0151iskol\u00e1n, fest\u00e9szeti szakon folytatta (1976\u20131980) Irod.: Szab\u00f3\u2013K\u00e1llai<\/p>\n","protected":false},"featured_media":0,"comment_status":"open","ping_status":"closed","template":"","meta":[],"product_brand":[],"product_cat":[137],"product_tag":[],"class_list":{"0":"post-5215","1":"product","2":"type-product","3":"status-publish","5":"product_cat-maros-megyei-eletrajzi-lexikon","7":"first","8":"instock","9":"shipping-taxable","10":"product-type-simple"},"_links":{"self":[{"href":"https:\/\/uj.adatbank.ro\/lexikon\/wp-json\/wp\/v2\/product\/5215","targetHints":{"allow":["GET"]}}],"collection":[{"href":"https:\/\/uj.adatbank.ro\/lexikon\/wp-json\/wp\/v2\/product"}],"about":[{"href":"https:\/\/uj.adatbank.ro\/lexikon\/wp-json\/wp\/v2\/types\/product"}],"replies":[{"embeddable":true,"href":"https:\/\/uj.adatbank.ro\/lexikon\/wp-json\/wp\/v2\/comments?post=5215"}],"wp:attachment":[{"href":"https:\/\/uj.adatbank.ro\/lexikon\/wp-json\/wp\/v2\/media?parent=5215"}],"wp:term":[{"taxonomy":"product_brand","embeddable":true,"href":"https:\/\/uj.adatbank.ro\/lexikon\/wp-json\/wp\/v2\/product_brand?post=5215"},{"taxonomy":"product_cat","embeddable":true,"href":"https:\/\/uj.adatbank.ro\/lexikon\/wp-json\/wp\/v2\/product_cat?post=5215"},{"taxonomy":"product_tag","embeddable":true,"href":"https:\/\/uj.adatbank.ro\/lexikon\/wp-json\/wp\/v2\/product_tag?post=5215"}],"curies":[{"name":"wp","href":"https:\/\/api.w.org\/{rel}","templated":true}]}}