{"id":5221,"date":"2025-06-28T17:07:43","date_gmt":"2025-06-28T15:07:43","guid":{"rendered":"https:\/\/uj.adatbank.ro\/lexikon\/termek\/bornemisza-boldizsar-kapolnai-bornemissza-boldizsar-2\/"},"modified":"2025-06-28T17:07:43","modified_gmt":"2025-06-28T15:07:43","slug":"bornemisza-boldizsar-kapolnai-bornemissza-boldizsar-2","status":"publish","type":"product","link":"https:\/\/uj.adatbank.ro\/lexikon\/termek\/bornemisza-boldizsar-kapolnai-bornemissza-boldizsar-2\/","title":{"rendered":"BORNEMISZA Boldizs\u00e1r, k\u00e1polnai, Bornemissza Boldizs\u00e1r"},"content":{"rendered":"<p>? \u2020 Kv., 1608. febr. 23.: birtokos, f\u0151isp\u00e1n, tan\u00e1csos. \u2013 B. Farkas fia, mostohaanyja Forg\u00e1ch Margit, Pat\u00f3csy G\u00e1sp\u00e1r \u00f6zvegye. Feles\u00e9ge: 1. Pat\u00f3csy Anna, mostohatestv\u00e9re (\u2020 1593 k.). Gyermekeik: Zsigmond; Ferenc; Zs\u00f3fia; Zsuzsanna Kendeffy G\u00e1sp\u00e1rn\u00e9; Judit 1. Haller G\u00e1born\u00e9, majd 2. Kornis Ferencn\u00e9; 2. Thoroczkay Zs\u00f3fia, \u00f6zvegy P\u00f3kay P\u00e9tern\u00e9 (\u2020 1606). \u2013 A p\u00e1dovai egyetemen tanult (1568\u201369 k.). Tanul\u00f3t\u00e1rsai k\u00f6zt volt Kov\u00e1cs\u00f3czy Farkas, Gyulai P\u00e1l, Kendy Farkas. B\u00e1thori Istv\u00e1n erd\u00e9lyi fejedelem h\u00edve, akit\u0151l adom\u00e1nyk\u00e9nt megkapta a disznaj\u00f3i udvarh\u00e1zat, f\u00f6ldeket (1576\u2013), h\u00e1zass\u00e1g r\u00e9v\u00e9n a k\u00faria az erd\u00e9lyi Rh\u00e9deyek\u00e9 lett. Majd Bekes G\u00e1sp\u00e1r felt\u00e9tlen t\u00e1mogat\u00f3ja lett, Lengyelo.-ba menek\u00fclt Bekeshez, majd B\u00e9csbe, csak Bekes amneszti\u00e1ja ut\u00e1n t\u00e9rhetett vissza Erd\u00e9lybe. Feh\u00e9r vm. f\u0151isp\u00e1nja lett (1598), a tan\u00e1csosi c\u00edmet r\u00f6vid megszak\u00edt\u00e1sokkal hal\u00e1l\u00e1ig viselte. Unit. vall\u00e1s\u00fa volt. Egy\u00fctt Petki J\u00e1nossal \u00e9s Haller G\u00e1borral Bocskai Istv\u00e1n t\u00e1mogat\u00f3ja erd\u00e9lyi fejedelems\u00e9ge el\u0151k\u00e9sz\u00edt\u00e9s\u00e9ben \u00e9s uralm\u00e1nak biztos\u00edt\u00e1s\u00e1ban. T\u00e1mogat\u00e1s\u00e1\u00e9rt V\u00e9cs v\u00e1r\u00e1t \u00e9s uradalm\u00e1t k\u00e9rte, amit elvettek t\u0151le (1604. jan.), hogy Bocskainak, kor\u00e1bbi tulajdonoss\u00e1nak visszaadj\u00e1k. <br \/><strong>Irod.:<\/strong> Basta; Horn Ildik\u00f3: Erd\u00e9lyi unit. 16. sz.; MMMM; Rh\u00e9deyek \u00e9s Fr\u00e1terek<\/br><\/p>\n","protected":false},"excerpt":{"rendered":"<p>? \u2020 Kv., 1608. febr. 23.: birtokos, f\u0151isp\u00e1n, tan\u00e1csos. \u2013 B. Farkas fia, mostohaanyja Forg\u00e1ch Margit, Pat\u00f3csy G\u00e1sp\u00e1r \u00f6zvegye. Feles\u00e9ge: 1. Pat\u00f3csy Anna, mostohatestv\u00e9re (\u2020 1593 k.). Gyermekeik: Zsigmond; Ferenc; Zs\u00f3fia; Zsuzsanna Kendeffy G\u00e1sp\u00e1rn\u00e9; Judit 1. Haller G\u00e1born\u00e9, majd 2. Kornis Ferencn\u00e9; 2. Thoroczkay Zs\u00f3fia, \u00f6zvegy P\u00f3kay P\u00e9tern\u00e9 (\u2020 1606). \u2013 A p\u00e1dovai egyetemen tanult [&hellip;]<\/p>\n","protected":false},"featured_media":0,"comment_status":"open","ping_status":"closed","template":"","meta":[],"product_brand":[],"product_cat":[137],"product_tag":[],"class_list":{"0":"post-5221","1":"product","2":"type-product","3":"status-publish","5":"product_cat-maros-megyei-eletrajzi-lexikon","7":"first","8":"instock","9":"shipping-taxable","10":"product-type-simple"},"_links":{"self":[{"href":"https:\/\/uj.adatbank.ro\/lexikon\/wp-json\/wp\/v2\/product\/5221","targetHints":{"allow":["GET"]}}],"collection":[{"href":"https:\/\/uj.adatbank.ro\/lexikon\/wp-json\/wp\/v2\/product"}],"about":[{"href":"https:\/\/uj.adatbank.ro\/lexikon\/wp-json\/wp\/v2\/types\/product"}],"replies":[{"embeddable":true,"href":"https:\/\/uj.adatbank.ro\/lexikon\/wp-json\/wp\/v2\/comments?post=5221"}],"wp:attachment":[{"href":"https:\/\/uj.adatbank.ro\/lexikon\/wp-json\/wp\/v2\/media?parent=5221"}],"wp:term":[{"taxonomy":"product_brand","embeddable":true,"href":"https:\/\/uj.adatbank.ro\/lexikon\/wp-json\/wp\/v2\/product_brand?post=5221"},{"taxonomy":"product_cat","embeddable":true,"href":"https:\/\/uj.adatbank.ro\/lexikon\/wp-json\/wp\/v2\/product_cat?post=5221"},{"taxonomy":"product_tag","embeddable":true,"href":"https:\/\/uj.adatbank.ro\/lexikon\/wp-json\/wp\/v2\/product_tag?post=5221"}],"curies":[{"name":"wp","href":"https:\/\/api.w.org\/{rel}","templated":true}]}}